{"id":12,"date":"2024-04-10T09:50:22","date_gmt":"2024-04-10T06:50:22","guid":{"rendered":"https:\/\/blog.edu.turku.fi\/osallisuus\/?page_id=12"},"modified":"2024-09-23T10:19:04","modified_gmt":"2024-09-23T07:19:04","slug":"tietoja","status":"publish","type":"page","link":"https:\/\/blog.edu.turku.fi\/osallisuus\/tietoja\/","title":{"rendered":"Tietoja"},"content":{"rendered":"<p>Tervetuloa tutustumaan osallisuuden osa-alueisiin Turun kaupungin yl\u00e4kouluissa.<\/p>\n<p>T\u00e4\u00e4lt\u00e4 l\u00f6yd\u00e4t tietoa oppilaskunta- ja tukioppilastoiminnasta, tasa-arvo ja yhdenvertaisuussuunnitelmien tekemisest\u00e4 sek\u00e4 materiaalia ja linkkej\u00e4 osallisuuden kehitt\u00e4miseen kouluissa.<\/p>\n<p>T\u00e4t\u00e4 sivua p\u00e4ivitt\u00e4\u00e4 osallisuuden kehitt\u00e4j\u00e4opettaja Demi Blom.<\/p>\n<p>Yhteydenotot s\u00e4hk\u00f6postitse: etunimi.sukunimi@edu.turku.fi<\/p>\n<p><img loading=\"lazy\" decoding=\"async\" class=\"alignnone size-medium wp-image-23\" src=\"https:\/\/blog.edu.turku.fi\/osallisuus\/files\/2024\/04\/IMG_8782-2024-04-10-06_25_18-225x300.jpg\" alt=\"\" width=\"225\" height=\"300\" srcset=\"https:\/\/blog.edu.turku.fi\/osallisuus\/files\/2024\/04\/IMG_8782-2024-04-10-06_25_18-225x300.jpg 225w, https:\/\/blog.edu.turku.fi\/osallisuus\/files\/2024\/04\/IMG_8782-2024-04-10-06_25_18.jpg 768w\" sizes=\"auto, (max-width: 225px) 85vw, 225px\" \/><\/p>\n<p>Blogin kuvat on otettu Turussa ty\u00f6matkoja kulkiessa.<\/p>\n","protected":false},"excerpt":{"rendered":"<p>Tervetuloa tutustumaan osallisuuden osa-alueisiin Turun kaupungin yl\u00e4kouluissa. T\u00e4\u00e4lt\u00e4 l\u00f6yd\u00e4t tietoa oppilaskunta- ja tukioppilastoiminnasta, tasa-arvo ja yhdenvertaisuussuunnitelmien tekemisest\u00e4 sek\u00e4 materiaalia ja linkkej\u00e4 osallisuuden kehitt\u00e4miseen kouluissa. T\u00e4t\u00e4 sivua p\u00e4ivitt\u00e4\u00e4 osallisuuden kehitt\u00e4j\u00e4opettaja Demi Blom. Yhteydenotot s\u00e4hk\u00f6postitse: etunimi.sukunimi@edu.turku.fi Blogin kuvat on otettu Turussa ty\u00f6matkoja kulkiessa.<\/p>\n","protected":false},"author":3407,"featured_media":0,"parent":0,"menu_order":0,"comment_status":"closed","ping_status":"closed","template":"","meta":{"footnotes":""},"class_list":["post-12","page","type-page","status-publish","hentry"],"_links":{"self":[{"href":"https:\/\/blog.edu.turku.fi\/osallisuus\/wp-json\/wp\/v2\/pages\/12","targetHints":{"allow":["GET"]}}],"collection":[{"href":"https:\/\/blog.edu.turku.fi\/osallisuus\/wp-json\/wp\/v2\/pages"}],"about":[{"href":"https:\/\/blog.edu.turku.fi\/osallisuus\/wp-json\/wp\/v2\/types\/page"}],"author":[{"embeddable":true,"href":"https:\/\/blog.edu.turku.fi\/osallisuus\/wp-json\/wp\/v2\/users\/3407"}],"replies":[{"embeddable":true,"href":"https:\/\/blog.edu.turku.fi\/osallisuus\/wp-json\/wp\/v2\/comments?post=12"}],"version-history":[{"count":2,"href":"https:\/\/blog.edu.turku.fi\/osallisuus\/wp-json\/wp\/v2\/pages\/12\/revisions"}],"predecessor-version":[{"id":132,"href":"https:\/\/blog.edu.turku.fi\/osallisuus\/wp-json\/wp\/v2\/pages\/12\/revisions\/132"}],"wp:attachment":[{"href":"https:\/\/blog.edu.turku.fi\/osallisuus\/wp-json\/wp\/v2\/media?parent=12"}],"curies":[{"name":"wp","href":"https:\/\/api.w.org\/{rel}","templated":true}]}}