{"id":115,"date":"2024-04-11T10:30:17","date_gmt":"2024-04-11T07:30:17","guid":{"rendered":"https:\/\/blog.edu.turku.fi\/osallisuus\/?page_id=115"},"modified":"2024-04-11T11:06:34","modified_gmt":"2024-04-11T08:06:34","slug":"nuorisovaltuusto","status":"publish","type":"page","link":"https:\/\/blog.edu.turku.fi\/osallisuus\/nuorisovaltuusto\/","title":{"rendered":"Nuorisovaltuusto"},"content":{"rendered":"<p>Turun nuorisovaltuusto valvoo nuorten etuja ja edist\u00e4\u00e4 heid\u00e4n osallistumis- ja vaikuttamismahdollisuuksiaan Turussa. Turun nuorisovaltuusto p\u00e4\u00e4tt\u00e4\u00e4 vuosittain hankerahan my\u00f6nt\u00e4misest\u00e4 nuorten ideoimille ja toteuttamille hankkeille. Toimikausi on kaksi vuotta. Marraskuussa 2024 valittu nuorisovaltuusto kokoontui ensimm\u00e4isen kerran 17.1.2024. Valtuustossa on 40 j\u00e4sent\u00e4 ja 10 varaj\u00e4sent\u00e4, jotka ovat kauden alussa 13-18-vuotiaita.<br \/>\n<a href=\"https:\/\/www.turku.fi\/paatoksenteko\/nuorisovaltuusto\"><img loading=\"lazy\" decoding=\"async\" class=\"size-medium wp-image-116 alignright\" src=\"https:\/\/blog.edu.turku.fi\/osallisuus\/files\/2024\/04\/NUVA-300x200.jpg\" alt=\"\" width=\"300\" height=\"200\" srcset=\"https:\/\/blog.edu.turku.fi\/osallisuus\/files\/2024\/04\/NUVA-300x200.jpg 300w, https:\/\/blog.edu.turku.fi\/osallisuus\/files\/2024\/04\/NUVA.jpg 1024w\" sizes=\"auto, (max-width: 300px) 85vw, 300px\" \/><\/a><br \/>\nNuorisovaltuustovaalit j\u00e4rjestet\u00e4\u00e4n seuraavan kerran syksyll\u00e4 2025 (kausi 2026-2028).<\/p>\n<p><a href=\"https:\/\/www.turku.fi\/paatoksenteko\/nuorisovaltuusto\">Nuorisovaltuusto (Turku.fi)<\/a><\/p>\n","protected":false},"excerpt":{"rendered":"<p>Turun nuorisovaltuusto valvoo nuorten etuja ja edist\u00e4\u00e4 heid\u00e4n osallistumis- ja vaikuttamismahdollisuuksiaan Turussa. Turun nuorisovaltuusto p\u00e4\u00e4tt\u00e4\u00e4 vuosittain hankerahan my\u00f6nt\u00e4misest\u00e4 nuorten ideoimille ja toteuttamille hankkeille. Toimikausi on kaksi vuotta. Marraskuussa 2024 valittu nuorisovaltuusto kokoontui ensimm\u00e4isen kerran 17.1.2024. Valtuustossa on 40 j\u00e4sent\u00e4 ja 10 varaj\u00e4sent\u00e4, jotka ovat kauden alussa 13-18-vuotiaita. Nuorisovaltuustovaalit j\u00e4rjestet\u00e4\u00e4n seuraavan kerran syksyll\u00e4 2025 (kausi 2026-2028). &hellip; <a href=\"https:\/\/blog.edu.turku.fi\/osallisuus\/nuorisovaltuusto\/\" class=\"more-link\">Jatka lukemista<span class=\"screen-reader-text\"> &#8221;Nuorisovaltuusto&#8221;<\/span><\/a><\/p>\n","protected":false},"author":3407,"featured_media":0,"parent":0,"menu_order":6,"comment_status":"closed","ping_status":"closed","template":"","meta":{"footnotes":""},"class_list":["post-115","page","type-page","status-publish","hentry"],"_links":{"self":[{"href":"https:\/\/blog.edu.turku.fi\/osallisuus\/wp-json\/wp\/v2\/pages\/115","targetHints":{"allow":["GET"]}}],"collection":[{"href":"https:\/\/blog.edu.turku.fi\/osallisuus\/wp-json\/wp\/v2\/pages"}],"about":[{"href":"https:\/\/blog.edu.turku.fi\/osallisuus\/wp-json\/wp\/v2\/types\/page"}],"author":[{"embeddable":true,"href":"https:\/\/blog.edu.turku.fi\/osallisuus\/wp-json\/wp\/v2\/users\/3407"}],"replies":[{"embeddable":true,"href":"https:\/\/blog.edu.turku.fi\/osallisuus\/wp-json\/wp\/v2\/comments?post=115"}],"version-history":[{"count":2,"href":"https:\/\/blog.edu.turku.fi\/osallisuus\/wp-json\/wp\/v2\/pages\/115\/revisions"}],"predecessor-version":[{"id":120,"href":"https:\/\/blog.edu.turku.fi\/osallisuus\/wp-json\/wp\/v2\/pages\/115\/revisions\/120"}],"wp:attachment":[{"href":"https:\/\/blog.edu.turku.fi\/osallisuus\/wp-json\/wp\/v2\/media?parent=115"}],"curies":[{"name":"wp","href":"https:\/\/api.w.org\/{rel}","templated":true}]}}