{"id":5,"date":"2015-10-19T10:17:05","date_gmt":"2015-10-19T07:17:05","guid":{"rendered":"https:\/\/blog.edu.turku.fi\/orminkujanphy\/?page_id=5"},"modified":"2022-10-17T10:22:28","modified_gmt":"2022-10-17T07:22:28","slug":"yhteystiedot","status":"publish","type":"page","link":"https:\/\/blog.edu.turku.fi\/orminkujanpk\/yhteystiedot\/","title":{"rendered":"Yhteystiedot"},"content":{"rendered":"<p><strong><a href=\"https:\/\/blog.edu.turku.fi\/orminkujanphy\/files\/2015\/10\/p\u00e4iv\u00e4koti.jpg\"><img loading=\"lazy\" decoding=\"async\" class=\"alignnone wp-image-148 size-medium\" src=\"https:\/\/blog.edu.turku.fi\/orminkujanpk\/files\/2015\/10\/p\u00e4iv\u00e4koti-300x200.jpg\" alt=\"p\u00e4iv\u00e4koti\" width=\"300\" height=\"200\" srcset=\"https:\/\/blog.edu.turku.fi\/orminkujanpk\/files\/2015\/10\/p\u00e4iv\u00e4koti-300x200.jpg 300w, https:\/\/blog.edu.turku.fi\/orminkujanpk\/files\/2015\/10\/p\u00e4iv\u00e4koti-450x300.jpg 450w, https:\/\/blog.edu.turku.fi\/orminkujanpk\/files\/2015\/10\/p\u00e4iv\u00e4koti.jpg 864w\" sizes=\"auto, (max-width: 300px) 85vw, 300px\" \/><\/a><\/strong><\/p>\n<p><strong>Orminkujan p\u00e4iv\u00e4koti<\/strong><\/p>\n<p><strong>Osoite<\/strong>:<br \/>\nOrminkuja 4 ja 4b, 20610 TURKU<br \/>\nBussiyhteydet: 12, 32, 42, 99, 90<\/p>\n<p><strong>P\u00e4iv\u00e4kodinjohtaja Laura Back:<\/strong><br \/>\np. 040 1838831<br \/>\ns.posti laura.back@turku.fi<\/p>\n<p><strong>Ryhmien yhteystiedot<\/strong>:<\/p>\n<p><em><strong>Orminkuja A-talo<\/strong><\/em><\/p>\n<p><em>Vesikirput<\/em> p. 040 513 2282<br \/>\nVO Rauni<br \/>\nLH Yasmin<br \/>\nLH Swetha<\/p>\n<p><em>Norpat<\/em>\u00a0\u00a0p.\u00a0040\u00a0758 8971<br \/>\nVO Kaija<br \/>\nLH Sarah<br \/>\nLH Anita<\/p>\n<p><em>Majavat<\/em> p. 040 758 8848<br \/>\nVO Mila<br \/>\nVO Tuula<br \/>\nLH Esra<br \/>\nAVUSTAJA Elina<\/p>\n<p><em>Lumikot<\/em>\u00a0 p. 040 183 0465<br \/>\nVO Tiina<br \/>\nLH Hayat<br \/>\nLH Fatima<br \/>\nAVUSTAJA Lisa<\/p>\n<p><em><strong>Orminkuja B-talo<\/strong><\/em><\/p>\n<p><em>Naalit<\/em> p. 040 662 8547<br \/>\nVO Johanna<br \/>\nVO Gulistan<br \/>\nLH Pauliina<\/p>\n<p><em>Hillerit<\/em> p. 040 186 7183<br \/>\nVO Laura<br \/>\nVO Inge<br \/>\nLH Yasmin<br \/>\nAVUSTAJA Veera<\/p>\n<p>Esiopetus<br \/>\n<em>Saukot<\/em> p. 040 513 3783<br \/>\n<em>Hallit<\/em> p. 040 186 7944<br \/>\nVO Tuire<br \/>\nVO Heli<br \/>\nVO Heidi<br \/>\nLH Sari<br \/>\nLH Anette<br \/>\nLH Benita<br \/>\nAVUSTAJA Arijeta<em><br \/>\n<\/em>Valmo VO Mia<br \/>\n<em><br \/>\n<\/em>VO Johanna (Hillerit ja Naalit)<br \/>\nVO Johanna (Kaikki ryhm\u00e4t)<br \/>\nVO Imbi (Hillerit, Lumikot, Majavat, Naalit, Norpat ja Vesikirput)<br \/>\n<em><br \/>\n<\/em>Varahoitajat Monika ja Kati<br \/>\nLaitoshuoltajat Hajra ja Sefika<\/p>\n<p><strong> Aukioloajat:<br \/>\n<\/strong>P\u00e4iv\u00e4koti on avoinna ma-pe klo 6:30-17:00.<\/p>\n","protected":false},"excerpt":{"rendered":"<p>Orminkujan p\u00e4iv\u00e4koti Osoite: Orminkuja 4 ja 4b, 20610 TURKU Bussiyhteydet: 12, 32, 42, 99, 90 P\u00e4iv\u00e4kodinjohtaja Laura Back: p. 040 1838831 s.posti laura.back@turku.fi Ryhmien yhteystiedot: Orminkuja A-talo Vesikirput p. 040 513 2282 VO Rauni LH Yasmin LH Swetha Norpat\u00a0\u00a0p.\u00a0040\u00a0758 8971 VO Kaija LH Sarah LH Anita Majavat p. 040 758 8848 VO Mila VO Tuula &hellip; <a href=\"https:\/\/blog.edu.turku.fi\/orminkujanpk\/yhteystiedot\/\" class=\"more-link\">Jatka lukemista<span class=\"screen-reader-text\"> &#8221;Yhteystiedot&#8221;<\/span><\/a><\/p>\n","protected":false},"author":1556,"featured_media":0,"parent":0,"menu_order":0,"comment_status":"closed","ping_status":"closed","template":"","meta":{"footnotes":""},"class_list":["post-5","page","type-page","status-publish","hentry"],"_links":{"self":[{"href":"https:\/\/blog.edu.turku.fi\/orminkujanpk\/wp-json\/wp\/v2\/pages\/5","targetHints":{"allow":["GET"]}}],"collection":[{"href":"https:\/\/blog.edu.turku.fi\/orminkujanpk\/wp-json\/wp\/v2\/pages"}],"about":[{"href":"https:\/\/blog.edu.turku.fi\/orminkujanpk\/wp-json\/wp\/v2\/types\/page"}],"author":[{"embeddable":true,"href":"https:\/\/blog.edu.turku.fi\/orminkujanpk\/wp-json\/wp\/v2\/users\/1556"}],"replies":[{"embeddable":true,"href":"https:\/\/blog.edu.turku.fi\/orminkujanpk\/wp-json\/wp\/v2\/comments?post=5"}],"version-history":[{"count":55,"href":"https:\/\/blog.edu.turku.fi\/orminkujanpk\/wp-json\/wp\/v2\/pages\/5\/revisions"}],"predecessor-version":[{"id":1731,"href":"https:\/\/blog.edu.turku.fi\/orminkujanpk\/wp-json\/wp\/v2\/pages\/5\/revisions\/1731"}],"wp:attachment":[{"href":"https:\/\/blog.edu.turku.fi\/orminkujanpk\/wp-json\/wp\/v2\/media?parent=5"}],"curies":[{"name":"wp","href":"https:\/\/api.w.org\/{rel}","templated":true}]}}