{"id":26,"date":"2015-10-19T10:59:00","date_gmt":"2015-10-19T07:59:00","guid":{"rendered":"https:\/\/blog.edu.turku.fi\/orminkujanphy\/?page_id=26"},"modified":"2022-10-17T09:20:01","modified_gmt":"2022-10-17T06:20:01","slug":"saukot","status":"publish","type":"page","link":"https:\/\/blog.edu.turku.fi\/orminkujanpk\/ryhmat\/saukot\/","title":{"rendered":"Esiopetus"},"content":{"rendered":"<div id='gallery-1' class='gallery galleryid-26 gallery-columns-3 gallery-size-thumbnail'><figure class='gallery-item'>\n\t\t\t<div class='gallery-icon landscape'>\n\t\t\t\t<a href='https:\/\/blog.edu.turku.fi\/orminkujanpk\/ryhmat\/saukot\/harmaahylje-nuori_3323\/'><img loading=\"lazy\" decoding=\"async\" width=\"150\" height=\"150\" src=\"https:\/\/blog.edu.turku.fi\/orminkujanpk\/files\/2019\/02\/harmaahylje-nuori_3323-150x150.jpg\" class=\"attachment-thumbnail size-thumbnail\" alt=\"\" \/><\/a>\n\t\t\t<\/div><\/figure><figure class='gallery-item'>\n\t\t\t<div class='gallery-icon landscape'>\n\t\t\t\t<a href='https:\/\/blog.edu.turku.fi\/orminkujanpk\/ryhmat\/saukot\/attachment\/1350217\/'><img loading=\"lazy\" decoding=\"async\" width=\"150\" height=\"150\" src=\"https:\/\/blog.edu.turku.fi\/orminkujanpk\/files\/2019\/02\/1350217-150x150.jpg\" class=\"attachment-thumbnail size-thumbnail\" alt=\"\" \/><\/a>\n\t\t\t<\/div><\/figure>\n\t\t<\/div>\n\n<p><em>Hallit ja Saukot -esiopetusryhmiss\u00e4 maailmaa tutkii 30 innokasta eskarilaista.<\/em><\/p>\n<p><em><br \/>\n<\/em>Esiopetuksen arkea voit seurata heid\u00e4n instagramistaan<br \/>\n@orminkujanhallit sek\u00e4 @orminkujansaukot<\/p>\n<p>&nbsp;<\/p>\n<p>&nbsp;<\/p>\n<p>&nbsp;<\/p>\n","protected":false},"excerpt":{"rendered":"<p>Hallit ja Saukot -esiopetusryhmiss\u00e4 maailmaa tutkii 30 innokasta eskarilaista. Esiopetuksen arkea voit seurata heid\u00e4n instagramistaan @orminkujanhallit sek\u00e4 @orminkujansaukot &nbsp; &nbsp; &nbsp;<\/p>\n","protected":false},"author":1556,"featured_media":0,"parent":19,"menu_order":3,"comment_status":"closed","ping_status":"closed","template":"","meta":{"footnotes":""},"class_list":["post-26","page","type-page","status-publish","hentry"],"_links":{"self":[{"href":"https:\/\/blog.edu.turku.fi\/orminkujanpk\/wp-json\/wp\/v2\/pages\/26","targetHints":{"allow":["GET"]}}],"collection":[{"href":"https:\/\/blog.edu.turku.fi\/orminkujanpk\/wp-json\/wp\/v2\/pages"}],"about":[{"href":"https:\/\/blog.edu.turku.fi\/orminkujanpk\/wp-json\/wp\/v2\/types\/page"}],"author":[{"embeddable":true,"href":"https:\/\/blog.edu.turku.fi\/orminkujanpk\/wp-json\/wp\/v2\/users\/1556"}],"replies":[{"embeddable":true,"href":"https:\/\/blog.edu.turku.fi\/orminkujanpk\/wp-json\/wp\/v2\/comments?post=26"}],"version-history":[{"count":22,"href":"https:\/\/blog.edu.turku.fi\/orminkujanpk\/wp-json\/wp\/v2\/pages\/26\/revisions"}],"predecessor-version":[{"id":1725,"href":"https:\/\/blog.edu.turku.fi\/orminkujanpk\/wp-json\/wp\/v2\/pages\/26\/revisions\/1725"}],"up":[{"embeddable":true,"href":"https:\/\/blog.edu.turku.fi\/orminkujanpk\/wp-json\/wp\/v2\/pages\/19"}],"wp:attachment":[{"href":"https:\/\/blog.edu.turku.fi\/orminkujanpk\/wp-json\/wp\/v2\/media?parent=26"}],"curies":[{"name":"wp","href":"https:\/\/api.w.org\/{rel}","templated":true}]}}