{"id":24,"date":"2015-10-19T10:58:32","date_gmt":"2015-10-19T07:58:32","guid":{"rendered":"https:\/\/blog.edu.turku.fi\/orminkujanphy\/?page_id=24"},"modified":"2022-10-17T09:18:06","modified_gmt":"2022-10-17T06:18:06","slug":"majavat","status":"publish","type":"page","link":"https:\/\/blog.edu.turku.fi\/orminkujanpk\/ryhmat\/majavat\/","title":{"rendered":"Majavat"},"content":{"rendered":"<p style=\"text-align: left\"><a href=\"https:\/\/blog.edu.turku.fi\/orminkujanphy\/files\/2019\/02\/BI7_majava_shutterstock_110473913_peda.jpg\"><img loading=\"lazy\" decoding=\"async\" class=\"alignnone wp-image-1271 size-thumbnail\" src=\"https:\/\/blog.edu.turku.fi\/orminkujanpk\/files\/2019\/02\/BI7_majava_shutterstock_110473913_peda-150x150.jpg\" alt=\"\" width=\"150\" height=\"150\" \/><\/a><\/p>\n<p style=\"text-align: left\">Majavat on 3-5 -vuotiaiden lasten ryhm\u00e4. Lapsia ryhm\u00e4ss\u00e4mme on 17.<em><br \/>\n<\/em>Ryhm\u00e4ss\u00e4mme ty\u00f6skentelee 2 varhaiskasvatuksen opettajaa, 1 lastenhoitaja sek\u00e4 1 avustaja.<\/p>\n<p>Majavien arkea voit seurata heid\u00e4n instagramistaan @orminmajavat<\/p>\n","protected":false},"excerpt":{"rendered":"<p>Majavat on 3-5 -vuotiaiden lasten ryhm\u00e4. Lapsia ryhm\u00e4ss\u00e4mme on 17. Ryhm\u00e4ss\u00e4mme ty\u00f6skentelee 2 varhaiskasvatuksen opettajaa, 1 lastenhoitaja sek\u00e4 1 avustaja. Majavien arkea voit seurata heid\u00e4n instagramistaan @orminmajavat<\/p>\n","protected":false},"author":1556,"featured_media":0,"parent":19,"menu_order":2,"comment_status":"closed","ping_status":"closed","template":"","meta":{"footnotes":""},"class_list":["post-24","page","type-page","status-publish","hentry"],"_links":{"self":[{"href":"https:\/\/blog.edu.turku.fi\/orminkujanpk\/wp-json\/wp\/v2\/pages\/24","targetHints":{"allow":["GET"]}}],"collection":[{"href":"https:\/\/blog.edu.turku.fi\/orminkujanpk\/wp-json\/wp\/v2\/pages"}],"about":[{"href":"https:\/\/blog.edu.turku.fi\/orminkujanpk\/wp-json\/wp\/v2\/types\/page"}],"author":[{"embeddable":true,"href":"https:\/\/blog.edu.turku.fi\/orminkujanpk\/wp-json\/wp\/v2\/users\/1556"}],"replies":[{"embeddable":true,"href":"https:\/\/blog.edu.turku.fi\/orminkujanpk\/wp-json\/wp\/v2\/comments?post=24"}],"version-history":[{"count":28,"href":"https:\/\/blog.edu.turku.fi\/orminkujanpk\/wp-json\/wp\/v2\/pages\/24\/revisions"}],"predecessor-version":[{"id":1724,"href":"https:\/\/blog.edu.turku.fi\/orminkujanpk\/wp-json\/wp\/v2\/pages\/24\/revisions\/1724"}],"up":[{"embeddable":true,"href":"https:\/\/blog.edu.turku.fi\/orminkujanpk\/wp-json\/wp\/v2\/pages\/19"}],"wp:attachment":[{"href":"https:\/\/blog.edu.turku.fi\/orminkujanpk\/wp-json\/wp\/v2\/media?parent=24"}],"curies":[{"name":"wp","href":"https:\/\/api.w.org\/{rel}","templated":true}]}}