{"id":1117,"date":"2018-08-10T13:30:23","date_gmt":"2018-08-10T10:30:23","guid":{"rendered":"https:\/\/blog.edu.turku.fi\/orminkujanphy\/?page_id=1117"},"modified":"2022-10-17T09:13:39","modified_gmt":"2022-10-17T06:13:39","slug":"hillerit","status":"publish","type":"page","link":"https:\/\/blog.edu.turku.fi\/orminkujanpk\/ryhmat\/hillerit\/","title":{"rendered":"Hillerit"},"content":{"rendered":"<p><a href=\"https:\/\/blog.edu.turku.fi\/orminkujanphy\/files\/2019\/02\/images573EII5D.jpg\"><img loading=\"lazy\" decoding=\"async\" class=\"alignnone wp-image-1268 size-thumbnail\" src=\"https:\/\/blog.edu.turku.fi\/orminkujanpk\/files\/2019\/02\/images573EII5D-150x150.jpg\" alt=\"\" width=\"150\" height=\"150\" \/><\/a><\/p>\n<p>Hillerit\u00a0on 3-5 -vuotiaiden\u00a0lasten ryhm\u00e4.\u00a0Lapsia ryhm\u00e4ss\u00e4 on 19.<br \/>\nRyhm\u00e4ss\u00e4 ty\u00f6skentelee 2 varhaiskasvatuksen opettajaa sek\u00e4 1 lastenhoitaja.<\/p>\n<p>Hillereiden arkea voit seurata heid\u00e4n instagramistaan<br \/>\n@orminkujanhillerit<\/p>\n","protected":false},"excerpt":{"rendered":"<p>Hillerit\u00a0on 3-5 -vuotiaiden\u00a0lasten ryhm\u00e4.\u00a0Lapsia ryhm\u00e4ss\u00e4 on 19. Ryhm\u00e4ss\u00e4 ty\u00f6skentelee 2 varhaiskasvatuksen opettajaa sek\u00e4 1 lastenhoitaja. Hillereiden arkea voit seurata heid\u00e4n instagramistaan @orminkujanhillerit<\/p>\n","protected":false},"author":1556,"featured_media":0,"parent":19,"menu_order":1,"comment_status":"closed","ping_status":"closed","template":"","meta":{"footnotes":""},"class_list":["post-1117","page","type-page","status-publish","hentry"],"_links":{"self":[{"href":"https:\/\/blog.edu.turku.fi\/orminkujanpk\/wp-json\/wp\/v2\/pages\/1117","targetHints":{"allow":["GET"]}}],"collection":[{"href":"https:\/\/blog.edu.turku.fi\/orminkujanpk\/wp-json\/wp\/v2\/pages"}],"about":[{"href":"https:\/\/blog.edu.turku.fi\/orminkujanpk\/wp-json\/wp\/v2\/types\/page"}],"author":[{"embeddable":true,"href":"https:\/\/blog.edu.turku.fi\/orminkujanpk\/wp-json\/wp\/v2\/users\/1556"}],"replies":[{"embeddable":true,"href":"https:\/\/blog.edu.turku.fi\/orminkujanpk\/wp-json\/wp\/v2\/comments?post=1117"}],"version-history":[{"count":10,"href":"https:\/\/blog.edu.turku.fi\/orminkujanpk\/wp-json\/wp\/v2\/pages\/1117\/revisions"}],"predecessor-version":[{"id":1720,"href":"https:\/\/blog.edu.turku.fi\/orminkujanpk\/wp-json\/wp\/v2\/pages\/1117\/revisions\/1720"}],"up":[{"embeddable":true,"href":"https:\/\/blog.edu.turku.fi\/orminkujanpk\/wp-json\/wp\/v2\/pages\/19"}],"wp:attachment":[{"href":"https:\/\/blog.edu.turku.fi\/orminkujanpk\/wp-json\/wp\/v2\/media?parent=1117"}],"curies":[{"name":"wp","href":"https:\/\/api.w.org\/{rel}","templated":true}]}}