{"id":1115,"date":"2018-08-10T13:29:54","date_gmt":"2018-08-10T10:29:54","guid":{"rendered":"https:\/\/blog.edu.turku.fi\/orminkujanphy\/?page_id=1115"},"modified":"2022-10-17T09:14:21","modified_gmt":"2022-10-17T06:14:21","slug":"naalit","status":"publish","type":"page","link":"https:\/\/blog.edu.turku.fi\/orminkujanpk\/ryhmat\/naalit\/","title":{"rendered":"Naalit"},"content":{"rendered":"<p>Naalit ovat 3-5-vuotiaiden lasten ryhm\u00e4. Ryhm\u00e4ss\u00e4 on 19 lasta. Ryhm\u00e4ss\u00e4 toimii kaksi varhaiskasvatuksen opettajaa ja yksi lastenhoitaja.<\/p>\n<p>Tervetuloa seuraamaan Naalien arkea instagramista @orminkujannaalit<\/p>\n","protected":false},"excerpt":{"rendered":"<p>Naalit ovat 3-5-vuotiaiden lasten ryhm\u00e4. Ryhm\u00e4ss\u00e4 on 19 lasta. Ryhm\u00e4ss\u00e4 toimii kaksi varhaiskasvatuksen opettajaa ja yksi lastenhoitaja. Tervetuloa seuraamaan Naalien arkea instagramista @orminkujannaalit<\/p>\n","protected":false},"author":1556,"featured_media":0,"parent":19,"menu_order":0,"comment_status":"closed","ping_status":"closed","template":"","meta":{"footnotes":""},"class_list":["post-1115","page","type-page","status-publish","hentry"],"_links":{"self":[{"href":"https:\/\/blog.edu.turku.fi\/orminkujanpk\/wp-json\/wp\/v2\/pages\/1115","targetHints":{"allow":["GET"]}}],"collection":[{"href":"https:\/\/blog.edu.turku.fi\/orminkujanpk\/wp-json\/wp\/v2\/pages"}],"about":[{"href":"https:\/\/blog.edu.turku.fi\/orminkujanpk\/wp-json\/wp\/v2\/types\/page"}],"author":[{"embeddable":true,"href":"https:\/\/blog.edu.turku.fi\/orminkujanpk\/wp-json\/wp\/v2\/users\/1556"}],"replies":[{"embeddable":true,"href":"https:\/\/blog.edu.turku.fi\/orminkujanpk\/wp-json\/wp\/v2\/comments?post=1115"}],"version-history":[{"count":15,"href":"https:\/\/blog.edu.turku.fi\/orminkujanpk\/wp-json\/wp\/v2\/pages\/1115\/revisions"}],"predecessor-version":[{"id":1722,"href":"https:\/\/blog.edu.turku.fi\/orminkujanpk\/wp-json\/wp\/v2\/pages\/1115\/revisions\/1722"}],"up":[{"embeddable":true,"href":"https:\/\/blog.edu.turku.fi\/orminkujanpk\/wp-json\/wp\/v2\/pages\/19"}],"wp:attachment":[{"href":"https:\/\/blog.edu.turku.fi\/orminkujanpk\/wp-json\/wp\/v2\/media?parent=1115"}],"curies":[{"name":"wp","href":"https:\/\/api.w.org\/{rel}","templated":true}]}}