{"id":1110,"date":"2018-08-10T13:27:28","date_gmt":"2018-08-10T10:27:28","guid":{"rendered":"https:\/\/blog.edu.turku.fi\/orminkujanphy\/?page_id=1110"},"modified":"2022-10-17T09:13:58","modified_gmt":"2022-10-17T06:13:58","slug":"lumikot","status":"publish","type":"page","link":"https:\/\/blog.edu.turku.fi\/orminkujanpk\/ryhmat\/lumikot\/","title":{"rendered":"Lumikot"},"content":{"rendered":"<p><a href=\"https:\/\/blog.edu.turku.fi\/orminkujanphy\/files\/2019\/02\/M6JetNPZeargrJFjmDfa3TbD.jpg\"><img loading=\"lazy\" decoding=\"async\" class=\"alignnone wp-image-1261 size-thumbnail\" src=\"https:\/\/blog.edu.turku.fi\/orminkujanpk\/files\/2019\/02\/M6JetNPZeargrJFjmDfa3TbD-150x150.jpg\" alt=\"\" width=\"150\" height=\"150\" \/><\/a><\/p>\n<p>Lumikot on 12 lapsen ryhm\u00e4. Ryhm\u00e4ss\u00e4 ty\u00f6skentelee 1 varhaiskasvatuksen opettaja,<br \/>\n2 lastenhoitajaa sek\u00e4 1 avustaja.<\/p>\n<p>Lumikoiden arkea voit seurata heid\u00e4n instagramista @orminkujanlumikot<\/p>\n","protected":false},"excerpt":{"rendered":"<p>Lumikot on 12 lapsen ryhm\u00e4. Ryhm\u00e4ss\u00e4 ty\u00f6skentelee 1 varhaiskasvatuksen opettaja, 2 lastenhoitajaa sek\u00e4 1 avustaja. Lumikoiden arkea voit seurata heid\u00e4n instagramista @orminkujanlumikot<\/p>\n","protected":false},"author":1556,"featured_media":0,"parent":19,"menu_order":0,"comment_status":"closed","ping_status":"closed","template":"","meta":{"footnotes":""},"class_list":["post-1110","page","type-page","status-publish","hentry"],"_links":{"self":[{"href":"https:\/\/blog.edu.turku.fi\/orminkujanpk\/wp-json\/wp\/v2\/pages\/1110","targetHints":{"allow":["GET"]}}],"collection":[{"href":"https:\/\/blog.edu.turku.fi\/orminkujanpk\/wp-json\/wp\/v2\/pages"}],"about":[{"href":"https:\/\/blog.edu.turku.fi\/orminkujanpk\/wp-json\/wp\/v2\/types\/page"}],"author":[{"embeddable":true,"href":"https:\/\/blog.edu.turku.fi\/orminkujanpk\/wp-json\/wp\/v2\/users\/1556"}],"replies":[{"embeddable":true,"href":"https:\/\/blog.edu.turku.fi\/orminkujanpk\/wp-json\/wp\/v2\/comments?post=1110"}],"version-history":[{"count":11,"href":"https:\/\/blog.edu.turku.fi\/orminkujanpk\/wp-json\/wp\/v2\/pages\/1110\/revisions"}],"predecessor-version":[{"id":1721,"href":"https:\/\/blog.edu.turku.fi\/orminkujanpk\/wp-json\/wp\/v2\/pages\/1110\/revisions\/1721"}],"up":[{"embeddable":true,"href":"https:\/\/blog.edu.turku.fi\/orminkujanpk\/wp-json\/wp\/v2\/pages\/19"}],"wp:attachment":[{"href":"https:\/\/blog.edu.turku.fi\/orminkujanpk\/wp-json\/wp\/v2\/media?parent=1110"}],"curies":[{"name":"wp","href":"https:\/\/api.w.org\/{rel}","templated":true}]}}