{"id":774,"date":"2023-05-12T11:40:38","date_gmt":"2023-05-12T08:40:38","guid":{"rendered":"https:\/\/blog.edu.turku.fi\/opva\/?page_id=774"},"modified":"2023-05-19T11:48:31","modified_gmt":"2023-05-19T08:48:31","slug":"valiseminaarin-materiaalit","status":"publish","type":"page","link":"https:\/\/blog.edu.turku.fi\/opva\/valiseminaarin-materiaalit\/","title":{"rendered":"V\u00e4liseminaarin materiaalit"},"content":{"rendered":"<p>T\u00e4lle sivustolle on koottu Tampereella 3.5.3023 j\u00e4rjestetyn OPVA haltuun &#8211; Fram\u00e5t med SSS -hankkeen v\u00e4liseminaariin liittyv\u00e4 aineisto.<\/p>\n<h2>OPVA haltuun &#8211; Fram\u00e5t med SSS -hanke esitt\u00e4ytyy<\/h2>\n<p><strong>Projektip\u00e4\u00e4llikk\u00f6 Marja Kannisto<\/strong><br \/>\nesityksen materiaali:<br \/>\n<a href=\"https:\/\/blog.edu.turku.fi\/opva\/files\/2023\/05\/Valiseminaari_3.5.2023_hanke-esittely_marja_kannisto.pdf\">V\u00e4liseminaari_3.5.2023_hanke-esittely_marja_kannisto<\/a><\/p>\n<h2>Paneelikeskustelu: Kaikki voivat toteuttaa OPVAa<\/h2>\n<p>Keskustelussa k\u00e4ytiin l\u00e4pi OPVA-opintojen toteuttamiseen liittyvi\u00e4 n\u00e4kemyksi\u00e4 ja kokemuksia.<\/p>\n<p>Paneelin vet\u00e4j\u00e4n\u00e4 toimi Kalle Ojanen (ohjausryhm\u00e4n j\u00e4sen, Turun ammatti-instituutti).<\/p>\n<p>Panelisteina keskustelivat Mira H\u00e4rk\u00f6nen (Sampo), Elina Jalli (Tavastia), Tiina Kalliola (Helsingin kaupunki), Maria Lund (YA), Minna Savolainen (Riveria) ja Kukka-Maaria Flink (Sakky).<\/p>\n<figure id=\"attachment_821\" aria-describedby=\"caption-attachment-821\" style=\"width: 1024px\" class=\"wp-caption aligncenter\"><img loading=\"lazy\" decoding=\"async\" class=\"size-large wp-image-821\" src=\"https:\/\/blog.edu.turku.fi\/opva\/files\/2023\/05\/Tussitaikurit-OPVA-livekuvitus-paneeli-3.5.2023-1024x576.png\" alt=\"\" width=\"1024\" height=\"576\" srcset=\"https:\/\/blog.edu.turku.fi\/opva\/files\/2023\/05\/Tussitaikurit-OPVA-livekuvitus-paneeli-3.5.2023.png 1024w, https:\/\/blog.edu.turku.fi\/opva\/files\/2023\/05\/Tussitaikurit-OPVA-livekuvitus-paneeli-3.5.2023-300x169.png 300w\" sizes=\"auto, (max-width: 1024px) 100vw, 1024px\" \/><figcaption id=\"caption-attachment-821\" class=\"wp-caption-text\">Tussitaikureiden tiivistelm\u00e4 paneelin annista yhteen kuvaan kiteytettyn\u00e4.<\/figcaption><\/figure>\n<h2>Kokemuksia matalan osaamistason ty\u00f6ntekij\u00f6iden taitojen parantamisesta ja motivoinnista K\u00f6\u00f6penhaminan kaupungin sosiaalihallinnossa<\/h2>\n<p>Miten koulutamme ty\u00f6ntekij\u00e4ryhmi\u00e4, jotka vastustavat koulunk\u00e4ynti\u00e4? T\u00e4m\u00e4 on Tanskassa aikuiskoulutuksen painopistealue, jolla parannetaan ty\u00f6ntekij\u00f6iden p\u00e4tevyytt\u00e4 ammattitaidottomista hoitoalan ty\u00f6ntekij\u00f6ist\u00e4 ammattitaitoisiksi ty\u00f6ntekij\u00f6iksi.<\/p>\n<p><strong>S\u00f8ren Cardel Lindskrog, koulutusp\u00e4\u00e4llikk\u00f6, KVUC<\/strong><br \/>\nesityksen materiaali:<br \/>\n<a href=\"https:\/\/blog.edu.turku.fi\/opva\/files\/2023\/05\/Finsk-online-oplaeg-2023-VEU_Soren-Cardel-Lindskrog.pdf\">Finsk online opl\u00e6g 2023 VEU_S\u00f8ren Cardel Lindskrog<\/a><\/p>\n<p><strong>Ty\u00f6pajatoiminta oppimisymp\u00e4rist\u00f6n\u00e4: Petra Bengs, yksik\u00f6n p\u00e4\u00e4llikk\u00f6, Resurscentret F\u00f6reg\u00e5ngarna<\/strong><br \/>\nesityksen materiaali:<br \/>\n<a href=\"https:\/\/blog.edu.turku.fi\/opva\/files\/2023\/05\/Presentation-Bildningsalliansen-3.5.2023_petra_bengs.pdf\">Presentation Bildningsalliansen 3.5.2023_petra_bengs<\/a><\/p>\n<p><strong>Perustaitoverkoston toiminta Suomessa 2023: Johanni Larjanko, Kansallinen NVL-koordinaattori<\/strong><br \/>\n<strong>\u201dMiten ymm\u00e4rt\u00e4\u00e4 perustaidot 2020-luvulla? Mit\u00e4 perustaitoverkosto tekee ja kehitt\u00e4\u00e4?\u201d<\/strong><br \/>\nesityksen materiaali:<br \/>\n<a href=\"https:\/\/blog.edu.turku.fi\/opva\/files\/2023\/05\/NVL_perustaidot_OPVA_toukokuu2023_johanni_larjanko.pdf\">NVL_perustaidot_OPVA_toukokuu2023_johanni_larjanko<\/a><\/p>\n<h2><span class=\"ui-provider gr b c d e f g h i j k l m n o p q r s t u v w x y z ab ac ae af ag ah ai aj ak\" dir=\"ltr\">Svenskpr\u00e5kigt sammandrag fr\u00e5n seminariet 3.5.2023 i Tammerfors<\/span><\/h2>\n<p><span class=\"ui-provider gr b c d e f g h i j k l m n o p q r s t u v w x y z ab ac ae af ag ah ai aj ak\" dir=\"ltr\">Svenskpr\u00e5kigt sammandrag fr\u00e5n seminariet 3.5.2023 i Tammerfors. Du kan ta del av b\u00e5de f\u00f6rmiddagens gemensamma program och vad som h\u00e4nde, vad vi k\u00e4nde, t\u00e4nkte och l\u00e4rde oss under eftermiddagens verkst\u00e4der. \u00a0Unna dig 10 minuter och bli inspirerad!\u00a0<\/span><\/p>\n<p><iframe loading=\"lazy\" title=\"Sammanfattning seminarium SSS 3 5 2023\" width=\"750\" height=\"422\" src=\"https:\/\/www.youtube.com\/embed\/7RIRo6tsC8U?feature=oembed\" frameborder=\"0\" allow=\"accelerometer; autoplay; clipboard-write; encrypted-media; gyroscope; picture-in-picture; web-share\" allowfullscreen><\/iframe><\/p>\n","protected":false},"excerpt":{"rendered":"<p>T\u00e4lle sivustolle on koottu Tampereella 3.5.3023 j\u00e4rjestetyn OPVA haltuun &#8211; Fram\u00e5t med SSS -hankkeen v\u00e4liseminaariin liittyv\u00e4 aineisto. OPVA haltuun &#8211; Fram\u00e5t med SSS -hanke esitt\u00e4ytyy Projektip\u00e4\u00e4llikk\u00f6 Marja Kannisto esityksen materiaali: V\u00e4liseminaari_3.5.2023_hanke-esittely_marja_kannisto Paneelikeskustelu: Kaikki voivat toteuttaa OPVAa Keskustelussa k\u00e4ytiin l\u00e4pi OPVA-opintojen<\/p>\n","protected":false},"author":3321,"featured_media":0,"parent":0,"menu_order":0,"comment_status":"closed","ping_status":"closed","template":"","meta":{"footnotes":""},"class_list":["post-774","page","type-page","status-publish","hentry"],"_links":{"self":[{"href":"https:\/\/blog.edu.turku.fi\/opva\/wp-json\/wp\/v2\/pages\/774","targetHints":{"allow":["GET"]}}],"collection":[{"href":"https:\/\/blog.edu.turku.fi\/opva\/wp-json\/wp\/v2\/pages"}],"about":[{"href":"https:\/\/blog.edu.turku.fi\/opva\/wp-json\/wp\/v2\/types\/page"}],"author":[{"embeddable":true,"href":"https:\/\/blog.edu.turku.fi\/opva\/wp-json\/wp\/v2\/users\/3321"}],"replies":[{"embeddable":true,"href":"https:\/\/blog.edu.turku.fi\/opva\/wp-json\/wp\/v2\/comments?post=774"}],"version-history":[{"count":7,"href":"https:\/\/blog.edu.turku.fi\/opva\/wp-json\/wp\/v2\/pages\/774\/revisions"}],"predecessor-version":[{"id":832,"href":"https:\/\/blog.edu.turku.fi\/opva\/wp-json\/wp\/v2\/pages\/774\/revisions\/832"}],"wp:attachment":[{"href":"https:\/\/blog.edu.turku.fi\/opva\/wp-json\/wp\/v2\/media?parent=774"}],"curies":[{"name":"wp","href":"https:\/\/api.w.org\/{rel}","templated":true}]}}