{"id":772,"date":"2023-05-12T11:40:38","date_gmt":"2023-05-12T08:40:38","guid":{"rendered":"https:\/\/blog.edu.turku.fi\/opva\/?page_id=772"},"modified":"2023-05-19T11:56:33","modified_gmt":"2023-05-19T08:56:33","slug":"materiaalit","status":"publish","type":"page","link":"https:\/\/blog.edu.turku.fi\/opva\/materiaalit\/","title":{"rendered":"Materiaalit"},"content":{"rendered":"<p>Verkkosivulla julkaistaan OPVA haltuun &#8211; Fram\u00e5t med SSS -hankkeeseen liittyvi\u00e4 materiaaleja. Materiaalit l\u00f6ytyv\u00e4t ryhmiteltyin\u00e4 sivun yl\u00e4laidan materiaalit-alasvetovalikosta.<\/p>\n","protected":false},"excerpt":{"rendered":"<p>Verkkosivulla julkaistaan OPVA haltuun &#8211; Fram\u00e5t med SSS -hankkeeseen liittyvi\u00e4 materiaaleja. Materiaalit l\u00f6ytyv\u00e4t ryhmiteltyin\u00e4 sivun yl\u00e4laidan materiaalit-alasvetovalikosta.<\/p>\n","protected":false},"author":3321,"featured_media":0,"parent":0,"menu_order":0,"comment_status":"closed","ping_status":"closed","template":"","meta":{"footnotes":""},"class_list":["post-772","page","type-page","status-publish","hentry"],"_links":{"self":[{"href":"https:\/\/blog.edu.turku.fi\/opva\/wp-json\/wp\/v2\/pages\/772","targetHints":{"allow":["GET"]}}],"collection":[{"href":"https:\/\/blog.edu.turku.fi\/opva\/wp-json\/wp\/v2\/pages"}],"about":[{"href":"https:\/\/blog.edu.turku.fi\/opva\/wp-json\/wp\/v2\/types\/page"}],"author":[{"embeddable":true,"href":"https:\/\/blog.edu.turku.fi\/opva\/wp-json\/wp\/v2\/users\/3321"}],"replies":[{"embeddable":true,"href":"https:\/\/blog.edu.turku.fi\/opva\/wp-json\/wp\/v2\/comments?post=772"}],"version-history":[{"count":2,"href":"https:\/\/blog.edu.turku.fi\/opva\/wp-json\/wp\/v2\/pages\/772\/revisions"}],"predecessor-version":[{"id":838,"href":"https:\/\/blog.edu.turku.fi\/opva\/wp-json\/wp\/v2\/pages\/772\/revisions\/838"}],"wp:attachment":[{"href":"https:\/\/blog.edu.turku.fi\/opva\/wp-json\/wp\/v2\/media?parent=772"}],"curies":[{"name":"wp","href":"https:\/\/api.w.org\/{rel}","templated":true}]}}