{"id":724,"date":"2023-04-18T08:09:01","date_gmt":"2023-04-18T05:09:01","guid":{"rendered":"https:\/\/blog.edu.turku.fi\/opva\/?page_id=724"},"modified":"2023-04-18T12:59:53","modified_gmt":"2023-04-18T09:59:53","slug":"vilka-sss-studier-och-vilket-projekt","status":"publish","type":"page","link":"https:\/\/blog.edu.turku.fi\/opva\/vilka-sss-studier-och-vilket-projekt\/","title":{"rendered":"Vilka SSS-studier och vilket projekt?"},"content":{"rendered":"<p><img loading=\"lazy\" decoding=\"async\" class=\"size-medium wp-image-657 alignleft\" src=\"https:\/\/blog.edu.turku.fi\/opva\/files\/2023\/03\/startup-ge7cd84237_1920-300x200.jpg\" alt=\"\" width=\"300\" height=\"200\" srcset=\"https:\/\/blog.edu.turku.fi\/opva\/files\/2023\/03\/startup-ge7cd84237_1920-300x200.jpg 300w, https:\/\/blog.edu.turku.fi\/opva\/files\/2023\/03\/startup-ge7cd84237_1920.jpg 1024w\" sizes=\"auto, (max-width: 300px) 100vw, 300px\" \/>Varje studerande inom yrkesutbildningen har r\u00e4tt att f\u00e5 det st\u00f6d och den handledning han eller hon beh\u00f6ver f\u00f6r sina studier. L\u00e4roanstalten kan ordna studier som st\u00f6der studief\u00e4rdigheterna (SSS-studier), med hj\u00e4lp av vilka den studerande st\u00e4rker sitt kunnande. Studier som st\u00f6der studief\u00e4rdigheterna kan ordnas till exempel i matematik, finska, informationsteknik eller fr\u00e4mmande spr\u00e5k. Dessutom kan den studerande st\u00f6djas i att utveckla studief\u00e4rdigheter eller livshantering. Studier som st\u00f6der studief\u00e4rdigheterna planeras individuellt enligt den studerandes behov.<\/p>\n<p>Syftet med OPVA haltuun \u2013 Fram\u00e5t med SSS-projektet \u00e4r att sprida b\u00e4sta praxis om SSS-studier, utveckla h\u00f6gklassiga studiematerial och verksamhetsmodeller som l\u00e4mpar sig f\u00f6r bred anv\u00e4ndning samt \u00f6ka kompetensen hos utbildningsanordnarnas personal.<\/p>\n<p>Som ett resultat av verksamheten kommer genomf\u00f6randet av SSS-studier att f\u00f6renhetligas nationellt och j\u00e4mlikheten i hur SSS-studier erbjuds f\u00f6rb\u00e4ttras. Projektet skapar en utbildningshelhet f\u00f6r utbildningsanordnarna om hur SSS-studier kan ordnas. Utbildningshelheten publiceras p\u00e5 Aoe.fi-webbplatsen.<\/p>\n<p>Projektn\u00e4tverket best\u00e5r av 63 anordnare av yrkesutbildning. \u00c5bo stad fungerar som projekt\u00e4gare och koordinator. Yrkesakademin i \u00d6sterbotten ansvarar f\u00f6r den svenskspr\u00e5kiga koordineringen.\u00a0 Projektet finansieras av undervisnings- och kulturministeriet (strategifinansiering) och p\u00e5g\u00e5r till slutet av 2023.<\/p>\n<p><strong>Projektet \u00e4r organiserat enligt f\u00f6ljande schema:\u00a0<\/strong><\/p>\n<figure id=\"attachment_729\" aria-describedby=\"caption-attachment-729\" style=\"width: 1024px\" class=\"wp-caption alignnone\"><img loading=\"lazy\" decoding=\"async\" class=\"size-large wp-image-729\" src=\"https:\/\/blog.edu.turku.fi\/opva\/files\/2023\/04\/opva-organisationsschemat-1024x768.png\" alt=\"\" width=\"1024\" height=\"768\" srcset=\"https:\/\/blog.edu.turku.fi\/opva\/files\/2023\/04\/opva-organisationsschemat.png 1024w, https:\/\/blog.edu.turku.fi\/opva\/files\/2023\/04\/opva-organisationsschemat-300x225.png 300w\" sizes=\"auto, (max-width: 1024px) 100vw, 1024px\" \/><figcaption id=\"caption-attachment-729\" class=\"wp-caption-text\">Organisationsschemat f\u00f6r projetet visar f\u00f6rh\u00e5llandet mellan lednings- och projektgruppen, administrationen, den svenskspr\u00e5kiga koordineringen och temagrupperna. Bilden visar inneh\u00e5llet i temagrupperna och den ansvariga organisationen. Dessutom beskrivs utvecklings- och deltagargruppernas roll.<\/figcaption><\/figure>\n<p>&nbsp;<\/p>\n<p><strong>Delgenomf\u00f6rare i projektet:<\/strong><\/p>\n<p>Axxell Utbildning Ab<\/p>\n<p>Careeria<\/p>\n<p>Espoon seudun koulutuskuntayhtym\u00e4 Omnia<\/p>\n<p>Etel\u00e4-Karjalan koulutuskuntayhtym\u00e4 \/ Saimaan ammattiopisto Sampo<\/p>\n<p>Etel\u00e4-Savon Koulutus Oy<\/p>\n<p>Haapaveden opisto<\/p>\n<p>Helsingin kaupunki \/ Stadin AO<\/p>\n<p>Helsingin Maalariammattikoulu<\/p>\n<p>Hyria koulutus Oy<\/p>\n<p>H\u00e4meen ammatti-instituutti Oy<\/p>\n<p>It\u00e4-Karjalan Kansanopistoseura r.y.<\/p>\n<p>It\u00e4-Savon koulutuskuntayhtym\u00e4<\/p>\n<p>Jokilaaksojen koulutuskuntayhtym\u00e4 JEDU<\/p>\n<p>Jyv\u00e4skyl\u00e4n kristillinen opisto<\/p>\n<p>Kajaanin kaupungin koulutusliikelaitos \/ Kainuun ammattiopisto<\/p>\n<p>Kannelj\u00e4rven Opisto<\/p>\n<p>Karstulan Evankelinen Opisto<\/p>\n<p>Kemi-Tornionlaakson koulutuskuntayhtym\u00e4 Lappia<\/p>\n<p>Keski-Pohjanmaan koulutuskuntayhtym\u00e4 KPEDU<\/p>\n<p>Keski-Uudenmaan koulutuskuntayhtym\u00e4<\/p>\n<p>Kirkkopalvelut ry<\/p>\n<p>Kotkan-Haminan seudun koulutuskuntayhtym\u00e4<\/p>\n<p>Koulutuskeskus Salpaus \u2013 kuntayhtym\u00e4<\/p>\n<p>Koulutuskuntayhtym\u00e4 Brahe<\/p>\n<p>Koulutuskuntayhtym\u00e4 OSAO<\/p>\n<p>Koulutuskuntayhtym\u00e4 Tavastia<\/p>\n<p>Kouvolan Ammattiopisto Oy, Eduko<\/p>\n<p>KSAK Oy \/ Koillis-Suomen Aikuiskoulutus<\/p>\n<p>Lounais-H\u00e4meen koulutuskuntayhtym\u00e4<\/p>\n<p>Lounais-Suomen koulutuskuntayhtym\u00e4<\/p>\n<p>Luksia, L\u00e4nsi-Uudenmaan koulutuskuntayhtym\u00e4<\/p>\n<p>L\u00e4nsirannikon koulutus Oy WinNova<\/p>\n<p>Marttayhdistysten liitto ry \/ Oulun Palvelualan Opisto<\/p>\n<p>Peimarin koulutuskuntayhtym\u00e4 \/ Ammattiopisto Livia<\/p>\n<p>Perho Liiketalousopisto Oy<\/p>\n<p>Pohjois-Karjalan koulutuskuntayhtym\u00e4, Riveria<\/p>\n<p>Pohjois-Suomen Koulutuskeskuss\u00e4\u00e4ti\u00f6 sr<\/p>\n<p>Raahen Porvari- ja Kauppakoulu<\/p>\n<p>Raision seudun koulutuskuntayhtym\u00e4<\/p>\n<p>Raudaskyl\u00e4n Kristillinen Opisto<\/p>\n<p>Rovalan Setlementti ry<\/p>\n<p>Salon seudun koulutuskuntayhtym\u00e4<\/p>\n<p>SASKY koulutuskuntayhtym\u00e4<\/p>\n<p>Satakunnan koulutuskuntayhtym\u00e4, Sataedu<\/p>\n<p>Savon koulutuskuntayhtym\u00e4<\/p>\n<p>Sein\u00e4joen koulutuskuntayhtym\u00e4 Sedu<\/p>\n<p>Suomen Diakoniaopisto<\/p>\n<p>Suomen yritt\u00e4j\u00e4opisto<\/p>\n<p>Suupohjan koulutuskuntayhtym\u00e4 Vuoksi<\/p>\n<p>Svenska Framtidsskolan i Helsingforsregionen Ab (Prakticum)<\/p>\n<p>AEL-Amiedu Oy<\/p>\n<p>Tampereen Aikuiskoulutuss\u00e4\u00e4ti\u00f6 sr<\/p>\n<p>Tampereen kaupunki\/Tampereen seudun ammattiopisto, Tredu<\/p>\n<p>Tohtori Matthias Ingmanin s\u00e4\u00e4ti\u00f6<\/p>\n<p>Turun AKK<\/p>\n<p>Turun kaupunki\/Turun ammatti-instituutti<\/p>\n<p>Ty\u00f6tehoseura ry<\/p>\n<p>Vaasan kaupunki \/ Vamia<\/p>\n<p>Valkeakosken seudun koulutuskuntayhtym\u00e4<\/p>\n<p>Vantaan kaupunki, Vantaan ammattiopisto Varia<\/p>\n<p>Yl\u00e4-Savon koulutuskuntayhtym\u00e4<\/p>\n<p>Yrkesakademin i \u00d6sterbotten<\/p>\n<p>\u00c4\u00e4nekosken ammatillisen koulutuksen ky \/ POKE<\/p>\n","protected":false},"excerpt":{"rendered":"<p>Varje studerande inom yrkesutbildningen har r\u00e4tt att f\u00e5 det st\u00f6d och den handledning han eller hon beh\u00f6ver f\u00f6r sina studier. L\u00e4roanstalten kan ordna studier som st\u00f6der studief\u00e4rdigheterna (SSS-studier), med hj\u00e4lp av vilka den studerande st\u00e4rker sitt kunnande. Studier som st\u00f6der<\/p>\n","protected":false},"author":3321,"featured_media":0,"parent":0,"menu_order":0,"comment_status":"closed","ping_status":"closed","template":"","meta":{"footnotes":""},"class_list":["post-724","page","type-page","status-publish","hentry"],"_links":{"self":[{"href":"https:\/\/blog.edu.turku.fi\/opva\/wp-json\/wp\/v2\/pages\/724","targetHints":{"allow":["GET"]}}],"collection":[{"href":"https:\/\/blog.edu.turku.fi\/opva\/wp-json\/wp\/v2\/pages"}],"about":[{"href":"https:\/\/blog.edu.turku.fi\/opva\/wp-json\/wp\/v2\/types\/page"}],"author":[{"embeddable":true,"href":"https:\/\/blog.edu.turku.fi\/opva\/wp-json\/wp\/v2\/users\/3321"}],"replies":[{"embeddable":true,"href":"https:\/\/blog.edu.turku.fi\/opva\/wp-json\/wp\/v2\/comments?post=724"}],"version-history":[{"count":5,"href":"https:\/\/blog.edu.turku.fi\/opva\/wp-json\/wp\/v2\/pages\/724\/revisions"}],"predecessor-version":[{"id":735,"href":"https:\/\/blog.edu.turku.fi\/opva\/wp-json\/wp\/v2\/pages\/724\/revisions\/735"}],"wp:attachment":[{"href":"https:\/\/blog.edu.turku.fi\/opva\/wp-json\/wp\/v2\/media?parent=724"}],"curies":[{"name":"wp","href":"https:\/\/api.w.org\/{rel}","templated":true}]}}