{"id":645,"date":"2023-03-14T15:25:13","date_gmt":"2023-03-14T13:25:13","guid":{"rendered":"https:\/\/blog.edu.turku.fi\/opva\/?page_id=645"},"modified":"2023-04-18T08:42:31","modified_gmt":"2023-04-18T05:42:31","slug":"mika-opva","status":"publish","type":"page","link":"https:\/\/blog.edu.turku.fi\/opva\/mika-opva\/","title":{"rendered":"Mik\u00e4 OPVA ja mik\u00e4 hanke?"},"content":{"rendered":"<p><img loading=\"lazy\" decoding=\"async\" class=\"size-medium wp-image-660 alignleft\" src=\"https:\/\/blog.edu.turku.fi\/opva\/files\/2023\/03\/student-gf7a3e1492_1920-300x200.jpg\" alt=\"\" width=\"300\" height=\"200\" srcset=\"https:\/\/blog.edu.turku.fi\/opva\/files\/2023\/03\/student-gf7a3e1492_1920-300x200.jpg 300w, https:\/\/blog.edu.turku.fi\/opva\/files\/2023\/03\/student-gf7a3e1492_1920.jpg 1024w\" sizes=\"auto, (max-width: 300px) 100vw, 300px\" \/><\/p>\n<p><span data-contrast=\"auto\">Jokaisella ammatillisen koulutuksen opiskelijalla on oikeus saada tarvitsemaansa tukea<\/span><span data-contrast=\"auto\">\u00a0ja ohjausta opintoihinsa. Oppilaitos voi j\u00e4rjest\u00e4\u00e4 opiskeluvalmiuksia tukevia opintoja (OPVA-opinnot), joiden avulla opiskelija vahvistaa taitojaan. Opiskeluvalmiuksia tukevia opintoja voidaan j\u00e4rjest\u00e4\u00e4 esimerkiksi matematiikassa, suomen kieless\u00e4, tietotekniikassa tai vieraissa kieliss\u00e4. Lis\u00e4ksi opiskelijaa voidaan tukea opiskelutaitojen tai el\u00e4m\u00e4nhallinnan kehitt\u00e4misess\u00e4. Opiskeluvalmiuksia tukevat opinnot suunnitellaan yksil\u00f6llisesti opiskelijan tarpeiden mukaisesti.<\/span><span data-ccp-props=\"{&quot;201341983&quot;:0,&quot;335559739&quot;:0,&quot;335559740&quot;:240}\">\u00a0<\/span><\/p>\n<p><span data-contrast=\"auto\">OPVA haltuun \u2013 Fram\u00e5t med SSS hankkeen tavoitteena on OPVA-opintojen parhaiden k\u00e4yt\u00e4nt\u00f6jen levitt\u00e4minen, korkealaatuisten ja laajaan k\u00e4ytt\u00f6\u00f6n soveltuvien opiskelumateriaalien ja toimintamallien laatiminen sek\u00e4 koulutuksen j\u00e4rjest\u00e4jien henkil\u00f6st\u00f6n osaamisen kasvattaminen.<\/span><span data-ccp-props=\"{&quot;201341983&quot;:0,&quot;335559739&quot;:0,&quot;335559740&quot;:240}\">\u00a0<\/span><\/p>\n<p><span data-contrast=\"auto\">Toiminnan lopputuloksena OPVA-opintojen toteuttaminen yhten\u00e4istyy valtakunnallisesti, ja toteutusten tarjonnassa yhdenvertaisuus paranee olennaisesti. Hankkeessa luodaan OPVA-opintojen j\u00e4rjest\u00e4mist\u00e4 tukeva koulutuskokonaisuus ammatillisen koulutuksen j\u00e4rjest\u00e4jille. Koulutuskokonaisuus julkaistaan Aoe.fi -sivustolla.<\/span><span data-ccp-props=\"{&quot;201341983&quot;:0,&quot;335559739&quot;:0,&quot;335559740&quot;:240}\">\u00a0<\/span><\/p>\n<p><span data-contrast=\"auto\">Hankeverkoston muodostaa 63 ammatillisen koulutuksen j\u00e4rjest\u00e4j\u00e4\u00e4. Turun kaupunki toimii hallinnoijana ja koordinaattorina. Hanketta rahoittaa opetus- ja kulttuuriministeri\u00f6 (strategiarahoitus) ja se kest\u00e4\u00e4 vuoden 2023 loppuun.<\/span><\/p>\n<p><strong>Hankkeen organisaatiokaavio:<\/strong><\/p>\n<figure id=\"attachment_733\" aria-describedby=\"caption-attachment-733\" style=\"width: 1024px\" class=\"wp-caption alignnone\"><img loading=\"lazy\" decoding=\"async\" class=\"size-large wp-image-733\" src=\"https:\/\/blog.edu.turku.fi\/opva\/files\/2023\/04\/opva-organisaatiokaavio-1-1024x768.png\" alt=\"\" width=\"1024\" height=\"768\" srcset=\"https:\/\/blog.edu.turku.fi\/opva\/files\/2023\/04\/opva-organisaatiokaavio-1.png 1024w, https:\/\/blog.edu.turku.fi\/opva\/files\/2023\/04\/opva-organisaatiokaavio-1-300x225.png 300w\" sizes=\"auto, (max-width: 1024px) 100vw, 1024px\" \/><figcaption id=\"caption-attachment-733\" class=\"wp-caption-text\">Hankeorganisaatiokuva sis\u00e4lt\u00e4\u00e4 kuvauksen ohjausryhm\u00e4n, projektiryhm\u00e4n, hallinnon, ruotsinkielisen koordinaation sek\u00e4 teemaryhmien v\u00e4lisist\u00e4 suhteista. Kuvasta k\u00e4y ilmi teemaryhmien sis\u00e4lt\u00f6 sek\u00e4 vastuuorganisaatio. Siin\u00e4 on avattu ydin- ja osallistujaryhm\u00e4l\u00e4isen roolit.<\/figcaption><\/figure>\n<p>&nbsp;<\/p>\n<p>&nbsp;<\/p>\n<p><strong>Hankkeen toteuttajaorganisaatiot:\u00a0<\/strong><\/p>\n<p>Axxell Utbildning Ab<\/p>\n<p>Careeria<\/p>\n<p>Espoon seudun koulutuskuntayhtym\u00e4 Omnia<\/p>\n<p>Etel\u00e4-Karjalan koulutuskuntayhtym\u00e4 \/ Saimaan ammattiopisto Sampo<\/p>\n<p>Etel\u00e4-Savon Koulutus Oy<\/p>\n<p>Haapaveden opisto<\/p>\n<p>Helsingin kaupunki \/ Stadin AO<\/p>\n<p>Helsingin Maalariammattikoulu<\/p>\n<p>Hyria koulutus Oy<\/p>\n<p>H\u00e4meen ammatti-instituutti Oy<\/p>\n<p>It\u00e4-Karjalan Kansanopistoseura r.y.<\/p>\n<p>It\u00e4-Savon koulutuskuntayhtym\u00e4<\/p>\n<p>Jokilaaksojen koulutuskuntayhtym\u00e4 JEDU<\/p>\n<p>Jyv\u00e4skyl\u00e4n kristillinen opisto<\/p>\n<p>Kajaanin kaupungin koulutusliikelaitos \/ Kainuun ammattiopisto<\/p>\n<p>Kannelj\u00e4rven Opisto<\/p>\n<p>Karstulan Evankelinen Opisto<\/p>\n<p>Kemi-Tornionlaakson koulutuskuntayhtym\u00e4 Lappia<\/p>\n<p>Keski-Pohjanmaan koulutuskuntayhtym\u00e4 KPEDU<\/p>\n<p>Keski-Uudenmaan koulutuskuntayhtym\u00e4<\/p>\n<p>Kirkkopalvelut ry<\/p>\n<p>Kotkan-Haminan seudun koulutuskuntayhtym\u00e4<\/p>\n<p>Koulutuskeskus Salpaus &#8211; kuntayhtym\u00e4<\/p>\n<p>Koulutuskuntayhtym\u00e4 Brahe<\/p>\n<p>Koulutuskuntayhtym\u00e4 OSAO<\/p>\n<p>Koulutuskuntayhtym\u00e4 Tavastia<\/p>\n<p>Kouvolan Ammattiopisto Oy, Eduko<\/p>\n<p>KSAK Oy \/ Koillis-Suomen Aikuiskoulutus<\/p>\n<p>Lounais-H\u00e4meen koulutuskuntayhtym\u00e4<\/p>\n<p>Lounais-Suomen koulutuskuntayhtym\u00e4<\/p>\n<p>Luksia, L\u00e4nsi-Uudenmaan koulutuskuntayhtym\u00e4<\/p>\n<p>L\u00e4nsirannikon koulutus Oy WinNova<\/p>\n<p>Marttayhdistysten liitto ry \/ Oulun Palvelualan Opisto<\/p>\n<p>Peimarin koulutuskuntayhtym\u00e4 \/ Ammattiopisto Livia<\/p>\n<p>Perho Liiketalousopisto Oy<\/p>\n<p>Pohjois-Karjalan koulutuskuntayhtym\u00e4, Riveria<\/p>\n<p>Pohjois-Suomen Koulutuskeskuss\u00e4\u00e4ti\u00f6 sr<\/p>\n<p>Raahen Porvari- ja Kauppakoulu<\/p>\n<p>Raision seudun koulutuskuntayhtym\u00e4<\/p>\n<p>Raudaskyl\u00e4n Kristillinen Opisto<\/p>\n<p>Rovalan Setlementti ry<\/p>\n<p>Salon seudun koulutuskuntayhtym\u00e4<\/p>\n<p>SASKY koulutuskuntayhtym\u00e4<\/p>\n<p>Satakunnan koulutuskuntayhtym\u00e4, Sataedu<\/p>\n<p>Savon koulutuskuntayhtym\u00e4<\/p>\n<p>Sein\u00e4joen koulutuskuntayhtym\u00e4 Sedu<\/p>\n<p>Suomen Diakoniaopisto<\/p>\n<p>Suomen yritt\u00e4j\u00e4opisto<\/p>\n<p>Suupohjan koulutuskuntayhtym\u00e4 Vuoksi<\/p>\n<p>Svenska Framtidsskolan i Helsingforsregionen Ab (Prakticum)<\/p>\n<p>AEL-Amiedu Oy<\/p>\n<p>Tampereen Aikuiskoulutuss\u00e4\u00e4ti\u00f6 sr<\/p>\n<p>Tampereen kaupunki\/Tampereen seudun ammattiopisto, Tredu<\/p>\n<p>Tohtori Matthias Ingmanin s\u00e4\u00e4ti\u00f6<\/p>\n<p>Turun AKK<\/p>\n<p>Turun kaupunki\/Turun ammatti-instituutti<\/p>\n<p>Ty\u00f6tehoseura ry<\/p>\n<p>Vaasan kaupunki \/ Vamia<\/p>\n<p>Valkeakosken seudun koulutuskuntayhtym\u00e4<\/p>\n<p>Vantaan kaupunki, Vantaan ammattiopisto Varia<\/p>\n<p>Yl\u00e4-Savon koulutuskuntayhtym\u00e4<\/p>\n<p>Yrkesakademin i \u00d6sterbotten<\/p>\n<p>\u00c4\u00e4nekosken ammatillisen koulutuksen ky \/ POKE<\/p>\n","protected":false},"excerpt":{"rendered":"<p>Jokaisella ammatillisen koulutuksen opiskelijalla on oikeus saada tarvitsemaansa tukea\u00a0ja ohjausta opintoihinsa. Oppilaitos voi j\u00e4rjest\u00e4\u00e4 opiskeluvalmiuksia tukevia opintoja (OPVA-opinnot), joiden avulla opiskelija vahvistaa taitojaan. Opiskeluvalmiuksia tukevia opintoja voidaan j\u00e4rjest\u00e4\u00e4 esimerkiksi matematiikassa, suomen kieless\u00e4, tietotekniikassa tai vieraissa kieliss\u00e4. Lis\u00e4ksi opiskelijaa voidaan tukea<\/p>\n","protected":false},"author":3321,"featured_media":0,"parent":0,"menu_order":0,"comment_status":"closed","ping_status":"closed","template":"","meta":{"footnotes":""},"class_list":["post-645","page","type-page","status-publish","hentry"],"_links":{"self":[{"href":"https:\/\/blog.edu.turku.fi\/opva\/wp-json\/wp\/v2\/pages\/645","targetHints":{"allow":["GET"]}}],"collection":[{"href":"https:\/\/blog.edu.turku.fi\/opva\/wp-json\/wp\/v2\/pages"}],"about":[{"href":"https:\/\/blog.edu.turku.fi\/opva\/wp-json\/wp\/v2\/types\/page"}],"author":[{"embeddable":true,"href":"https:\/\/blog.edu.turku.fi\/opva\/wp-json\/wp\/v2\/users\/3321"}],"replies":[{"embeddable":true,"href":"https:\/\/blog.edu.turku.fi\/opva\/wp-json\/wp\/v2\/comments?post=645"}],"version-history":[{"count":6,"href":"https:\/\/blog.edu.turku.fi\/opva\/wp-json\/wp\/v2\/pages\/645\/revisions"}],"predecessor-version":[{"id":734,"href":"https:\/\/blog.edu.turku.fi\/opva\/wp-json\/wp\/v2\/pages\/645\/revisions\/734"}],"wp:attachment":[{"href":"https:\/\/blog.edu.turku.fi\/opva\/wp-json\/wp\/v2\/media?parent=645"}],"curies":[{"name":"wp","href":"https:\/\/api.w.org\/{rel}","templated":true}]}}