{"id":31,"date":"2014-03-18T11:31:06","date_gmt":"2014-03-18T11:31:06","guid":{"rendered":"http:\/\/demo.themegrill.com\/spacious\/?page_id=31"},"modified":"2023-08-07T13:30:06","modified_gmt":"2023-08-07T10:30:06","slug":"contact-us","status":"publish","type":"page","link":"https:\/\/blog.edu.turku.fi\/opva\/contact-us\/","title":{"rendered":"Yhteystiedot"},"content":{"rendered":"<p>OPVA haltuun &#8211; Fram\u00e5t med SSS -hanketta hallinnoi Turun kaupunki.<\/p>\n<p>Alla hallinnoijan yhteystiedot.<\/p>\n<p><strong>Marja Kannisto\u00a0<\/strong><strong><br \/>\n<\/strong>projektip\u00e4\u00e4llikk\u00f6<strong><br \/>\n<\/strong>S-posti: marja.kannisto@turku.fi<br \/>\nPuh. <span class=\"TextRun SCXW226507956 BCX9\" lang=\"FI-FI\" xml:lang=\"FI-FI\" data-contrast=\"none\"><span class=\"NormalTextRun Superscript SCXW226507956 BCX9\" data-fontsize=\"16\">044 907 5359<\/span><\/span><\/p>\n<p><span data-contrast=\"none\"><strong>Lauri Simola\u00a0<\/strong><br \/>\nprojektikoordinaattori (talousasiat, viestint\u00e4, markkinointi)<br \/>\n<\/span>S-posti: <span data-contrast=\"none\">lauri.simola@turku.fi<\/span><span data-contrast=\"none\"><br \/>\nPuh. 044 907 5219<\/span><\/p>\n<p><img loading=\"lazy\" decoding=\"async\" class=\"alignnone size-medium wp-image-667\" src=\"https:\/\/blog.edu.turku.fi\/opva\/files\/2023\/03\/Turku_Abo_300ppi_cyan-300x212.png\" alt=\"\" width=\"300\" height=\"212\" srcset=\"https:\/\/blog.edu.turku.fi\/opva\/files\/2023\/03\/Turku_Abo_300ppi_cyan-300x212.png 300w, https:\/\/blog.edu.turku.fi\/opva\/files\/2023\/03\/Turku_Abo_300ppi_cyan.png 1024w\" sizes=\"auto, (max-width: 300px) 100vw, 300px\" \/><\/p>\n","protected":false},"excerpt":{"rendered":"<p>OPVA haltuun &#8211; Fram\u00e5t med SSS -hanketta hallinnoi Turun kaupunki. Alla hallinnoijan yhteystiedot. Marja Kannisto\u00a0 projektip\u00e4\u00e4llikk\u00f6 S-posti: marja.kannisto@turku.fi Puh. 044 907 5359 Lauri Simola\u00a0 projektikoordinaattori (talousasiat, viestint\u00e4, markkinointi) S-posti: lauri.simola@turku.fi Puh. 044 907 5219<\/p>\n","protected":false},"author":3321,"featured_media":620,"parent":0,"menu_order":0,"comment_status":"open","ping_status":"open","template":"page-templates\/contact.php","meta":{"footnotes":""},"class_list":["post-31","page","type-page","status-publish","has-post-thumbnail","hentry"],"_links":{"self":[{"href":"https:\/\/blog.edu.turku.fi\/opva\/wp-json\/wp\/v2\/pages\/31","targetHints":{"allow":["GET"]}}],"collection":[{"href":"https:\/\/blog.edu.turku.fi\/opva\/wp-json\/wp\/v2\/pages"}],"about":[{"href":"https:\/\/blog.edu.turku.fi\/opva\/wp-json\/wp\/v2\/types\/page"}],"author":[{"embeddable":true,"href":"https:\/\/blog.edu.turku.fi\/opva\/wp-json\/wp\/v2\/users\/3321"}],"replies":[{"embeddable":true,"href":"https:\/\/blog.edu.turku.fi\/opva\/wp-json\/wp\/v2\/comments?post=31"}],"version-history":[{"count":12,"href":"https:\/\/blog.edu.turku.fi\/opva\/wp-json\/wp\/v2\/pages\/31\/revisions"}],"predecessor-version":[{"id":878,"href":"https:\/\/blog.edu.turku.fi\/opva\/wp-json\/wp\/v2\/pages\/31\/revisions\/878"}],"wp:featuredmedia":[{"embeddable":true,"href":"https:\/\/blog.edu.turku.fi\/opva\/wp-json\/wp\/v2\/media\/620"}],"wp:attachment":[{"href":"https:\/\/blog.edu.turku.fi\/opva\/wp-json\/wp\/v2\/media?parent=31"}],"curies":[{"name":"wp","href":"https:\/\/api.w.org\/{rel}","templated":true}]}}