{"id":1021,"date":"2023-12-11T13:18:06","date_gmt":"2023-12-11T11:18:06","guid":{"rendered":"https:\/\/blog.edu.turku.fi\/opva\/?page_id=1021"},"modified":"2023-12-11T13:44:29","modified_gmt":"2023-12-11T11:44:29","slug":"paatosseminaarin-materiaalit","status":"publish","type":"page","link":"https:\/\/blog.edu.turku.fi\/opva\/paatosseminaarin-materiaalit\/","title":{"rendered":"P\u00e4\u00e4t\u00f6sseminaarin materiaalit"},"content":{"rendered":"<p>T\u00e4lle sivulle on koottu OPVA haltuun &#8211; Fram\u00e5t med SSS -hankkeen p\u00e4\u00e4t\u00f6sseminaarin materiaalia. P\u00e4\u00e4t\u00f6sseminaari j\u00e4rjestettiin Turussa 28.11.2023.<\/p>\n<h3>Katsaus hankkeen toimintaan ja tuloksiin<\/h3>\n<p>Projektip\u00e4\u00e4llikk\u00f6 Marja Kannisto (Turun kaupunki).<br \/>\nTeemaryhmien vet\u00e4j\u00e4t Tiina Parantaina (Sedu), Anne-Marie Haikio (TAI), Julia Jelegina ja Outi M\u00e4kiketola (Tredu), P\u00e4ivi Perkkil\u00e4 (Kpedu), Birgitta Karvo (SDO) ja Tiina Tampio (Stadin AO).<br \/>\nRuotsinkielinen koordinaatio Christel Holmlund-Norren (YA).<\/p>\n<p>Esityksen materiaali:<br \/>\n<strong><span style=\"text-decoration: underline\"><a href=\"https:\/\/blog.edu.turku.fi\/opva\/files\/2023\/12\/OPVA-haltuun-Framat-med-SSS-esittely_28.11.2023_nettisivu.pdf\">OPVA haltuun &#8211; Fram\u00e5t med SSS esittely_28.11.2023_nettisivu<\/a><\/span><\/strong><\/p>\n<h3>Case: Valkeakosken ammattiopisto<\/h3>\n<p>Opettajat Sanna Laine ja Pihla Siekkinen.<\/p>\n<p>Esityksen materiaali:<br \/>\n<span style=\"text-decoration: underline\"><strong><a href=\"https:\/\/blog.edu.turku.fi\/opva\/files\/2023\/12\/VAAOn-OPVA-paatosseminaari-28.11.2023.pdf\">VAAOn OPVA p\u00e4\u00e4t\u00f6sseminaari 28.11.2023<\/a><\/strong><\/span><\/p>\n<p>VAAO:n esittelyvideo (dia numero 2) katsottavissa osoitteessa: <span style=\"text-decoration: underline\"><strong><br \/>\n<a href=\"https:\/\/www.youtube.com\/watch?v=N_TdGCKYVPw\">OPVA, VAAOn esittely 27.11.2023 (youtube.com)<\/a><\/strong><\/span><\/p>\n<p>VAAO:n Varustamon esittelyvideo (dia numero 5) katsottavissa osotiteessa: <span style=\"text-decoration: underline\"><strong><br \/>\n<a href=\"https:\/\/www.youtube.com\/watch?v=bsxrCEazlwU\">OPVA, Varustamo esittelyt (youtube.com)<\/a><\/strong><\/span><\/p>\n<h3>Case: Jyv\u00e4skyl\u00e4n kristillinen opisto<\/h3>\n<p>Kehitt\u00e4misp\u00e4\u00e4llikk\u00f6 Sirkka Salvi ja apulaisrehtori Kati Toivio.<\/p>\n<p>Esityksen materiaali:<br \/>\n<span style=\"text-decoration: underline\"><strong><a href=\"https:\/\/blog.edu.turku.fi\/opva\/files\/2023\/12\/OPVA-seminaari-281123-JKO.pdf\">OPVA seminaari 281123 JKO<\/a><\/strong><\/span><\/p>\n<p>&nbsp;<\/p>\n","protected":false},"excerpt":{"rendered":"<p>T\u00e4lle sivulle on koottu OPVA haltuun &#8211; Fram\u00e5t med SSS -hankkeen p\u00e4\u00e4t\u00f6sseminaarin materiaalia. P\u00e4\u00e4t\u00f6sseminaari j\u00e4rjestettiin Turussa 28.11.2023. Katsaus hankkeen toimintaan ja tuloksiin Projektip\u00e4\u00e4llikk\u00f6 Marja Kannisto (Turun kaupunki). Teemaryhmien vet\u00e4j\u00e4t Tiina Parantaina (Sedu), Anne-Marie Haikio (TAI), Julia Jelegina ja Outi M\u00e4kiketola<\/p>\n","protected":false},"author":3321,"featured_media":0,"parent":0,"menu_order":0,"comment_status":"closed","ping_status":"closed","template":"","meta":{"footnotes":""},"class_list":["post-1021","page","type-page","status-publish","hentry"],"_links":{"self":[{"href":"https:\/\/blog.edu.turku.fi\/opva\/wp-json\/wp\/v2\/pages\/1021","targetHints":{"allow":["GET"]}}],"collection":[{"href":"https:\/\/blog.edu.turku.fi\/opva\/wp-json\/wp\/v2\/pages"}],"about":[{"href":"https:\/\/blog.edu.turku.fi\/opva\/wp-json\/wp\/v2\/types\/page"}],"author":[{"embeddable":true,"href":"https:\/\/blog.edu.turku.fi\/opva\/wp-json\/wp\/v2\/users\/3321"}],"replies":[{"embeddable":true,"href":"https:\/\/blog.edu.turku.fi\/opva\/wp-json\/wp\/v2\/comments?post=1021"}],"version-history":[{"count":5,"href":"https:\/\/blog.edu.turku.fi\/opva\/wp-json\/wp\/v2\/pages\/1021\/revisions"}],"predecessor-version":[{"id":1031,"href":"https:\/\/blog.edu.turku.fi\/opva\/wp-json\/wp\/v2\/pages\/1021\/revisions\/1031"}],"wp:attachment":[{"href":"https:\/\/blog.edu.turku.fi\/opva\/wp-json\/wp\/v2\/media?parent=1021"}],"curies":[{"name":"wp","href":"https:\/\/api.w.org\/{rel}","templated":true}]}}