{"id":3495,"date":"2024-09-17T12:49:52","date_gmt":"2024-09-17T09:49:52","guid":{"rendered":"https:\/\/blog.edu.turku.fi\/ops2016\/?page_id=3495"},"modified":"2025-03-06T10:27:07","modified_gmt":"2025-03-06T08:27:07","slug":"paihde-ja-laillisuuskasvatusmalli","status":"publish","type":"page","link":"https:\/\/blog.edu.turku.fi\/ops2016\/tukimateriaalit\/paihde-ja-laillisuuskasvatusmalli\/","title":{"rendered":"P\u00e4ihde- ja laillisuuskasvatusmalli"},"content":{"rendered":"<p><a href=\"https:\/\/blog.edu.turku.fi\/ops2016\/files\/2024\/09\/Opas-ammattilaisille-paihdekasvatustunnit.pdf\" target=\"_blank\" rel=\"noopener\">Opas ammattilaisille p\u00e4ihdekasvatustunnit<\/a><br \/>\n<a href=\"https:\/\/blog.edu.turku.fi\/ops2016\/files\/2025\/03\/5.-luokkalaisten-paihdetunti-1-1.pptx\" target=\"_blank\" rel=\"noopener\">5.-luokkalaisten p\u00e4ihde- ja laillisuuskasvatustunnit<\/a><br \/>\n<a href=\"https:\/\/blog.edu.turku.fi\/ops2016\/files\/2025\/03\/6.-luokkalaisten-paihdetunti-1-.pptx\" target=\"_blank\" rel=\"noopener\">6.-luokkalaisten p\u00e4ihde- ja laillisuuskasvatustunnit<\/a><br \/>\n<a href=\"https:\/\/blog.edu.turku.fi\/ops2016\/files\/2025\/03\/7.-luokan-paihdekasvatus.pptx\" target=\"_blank\" rel=\"noopener\">7.-luokkalaisten p\u00e4ihde- ja laillisuuskasvatustunnit<\/a><br \/>\n<a href=\"https:\/\/blog.edu.turku.fi\/ops2016\/files\/2025\/03\/8.-luokan-paihdekasvatus.pptx\" target=\"_blank\" rel=\"noopener\">8.-luokkalaisten p\u00e4ihde- ja laillisuuskasvatustunnit<\/a><br \/>\n<a href=\"https:\/\/blog.edu.turku.fi\/ops2016\/files\/2025\/03\/9.-luokan-paihdekasvatus.pptx\" target=\"_blank\" rel=\"noopener\">9.-luokkalaisten p\u00e4ihde- ja laillisuuskasvatustunnit<\/a><\/p>\n","protected":false},"excerpt":{"rendered":"<p>Opas ammattilaisille p\u00e4ihdekasvatustunnit 5.-luokkalaisten p\u00e4ihde- ja laillisuuskasvatustunnit 6.-luokkalaisten p\u00e4ihde- ja laillisuuskasvatustunnit 7.-luokkalaisten p\u00e4ihde- ja laillisuuskasvatustunnit 8.-luokkalaisten p\u00e4ihde- ja laillisuuskasvatustunnit 9.-luokkalaisten p\u00e4ihde- ja laillisuuskasvatustunnit<\/p>\n","protected":false},"author":1520,"featured_media":0,"parent":2416,"menu_order":1,"comment_status":"closed","ping_status":"closed","template":"","meta":{"footnotes":""},"class_list":["post-3495","page","type-page","status-publish","hentry"],"_links":{"self":[{"href":"https:\/\/blog.edu.turku.fi\/ops2016\/wp-json\/wp\/v2\/pages\/3495","targetHints":{"allow":["GET"]}}],"collection":[{"href":"https:\/\/blog.edu.turku.fi\/ops2016\/wp-json\/wp\/v2\/pages"}],"about":[{"href":"https:\/\/blog.edu.turku.fi\/ops2016\/wp-json\/wp\/v2\/types\/page"}],"author":[{"embeddable":true,"href":"https:\/\/blog.edu.turku.fi\/ops2016\/wp-json\/wp\/v2\/users\/1520"}],"replies":[{"embeddable":true,"href":"https:\/\/blog.edu.turku.fi\/ops2016\/wp-json\/wp\/v2\/comments?post=3495"}],"version-history":[{"count":20,"href":"https:\/\/blog.edu.turku.fi\/ops2016\/wp-json\/wp\/v2\/pages\/3495\/revisions"}],"predecessor-version":[{"id":3569,"href":"https:\/\/blog.edu.turku.fi\/ops2016\/wp-json\/wp\/v2\/pages\/3495\/revisions\/3569"}],"up":[{"embeddable":true,"href":"https:\/\/blog.edu.turku.fi\/ops2016\/wp-json\/wp\/v2\/pages\/2416"}],"wp:attachment":[{"href":"https:\/\/blog.edu.turku.fi\/ops2016\/wp-json\/wp\/v2\/media?parent=3495"}],"curies":[{"name":"wp","href":"https:\/\/api.w.org\/{rel}","templated":true}]}}