{"id":2859,"date":"2016-11-06T16:30:53","date_gmt":"2016-11-06T14:30:53","guid":{"rendered":"https:\/\/blog.edu.turku.fi\/ops2016\/?page_id=2859"},"modified":"2025-12-17T14:04:25","modified_gmt":"2025-12-17T12:04:25","slug":"material-pa-svenska","status":"publish","type":"page","link":"https:\/\/blog.edu.turku.fi\/ops2016\/tukimateriaalit\/material-pa-svenska\/","title":{"rendered":"Material p\u00e5 svenska"},"content":{"rendered":"<h2><strong>Grundskolan:<\/strong><\/h2>\n<ul>\n<li><strong>L\u00e4roplanen f\u00f6r den grundl\u00e4ggande utbildningen i \u00c5bo 1.8.2025, <\/strong>L\u00e4roplanen kan enklast l\u00e4sas p\u00e5 eGrunder: <u><a href=\"https:\/\/eur04.safelinks.protection.outlook.com\/?url=https%3A%2F%2Feperusteet.opintopolku.fi%2F%23%2Fsv%2Fopetussuunnitelma%2F22617371%2Fperusopetus%2Ftiedot&amp;data=05%7C02%7C%7Cc9a9dabd8c74414fc4aa08ddb7aab65b%7C6c5e2c8ad3f04a0b965842502c73e17b%7C0%7C0%7C638868667225846476%7CUnknown%7CTWFpbGZsb3d8eyJFbXB0eU1hcGkiOnRydWUsIlYiOiIwLjAuMDAwMCIsIlAiOiJXaW4zMiIsIkFOIjoiTWFpbCIsIldUIjoyfQ%3D%3D%7C0%7C%7C%7C&amp;sdata=XV7n5TqLq9iGZidWhiW%2B7TlmgM9jM%2Fs1Z%2Bej3K53mJY%3D&amp;reserved=0\">https:\/\/eperusteet.opintopolku.fi\/#\/sv\/opetussuunnitelma\/22617371\/perusopetus\/tiedot<\/a><\/u><\/li>\n<li><a href=\"https:\/\/blog.edu.turku.fi\/ops2016\/files\/2016\/11\/Hur_man_bemoter_varandra.pdf\">Hur man bem\u00f6ter varandra<\/a><\/li>\n<li><a href=\"https:\/\/www.turku.fi\/sv\/grundlaggande-utbildning\/franvaro-fran-skolan\" target=\"_blank\" rel=\"noopener noreferrer\">Ingripande i skolfr\u00e5nvaro och f\u00f6rebyggande av skolavbrytande<\/a><\/li>\n<li><a style=\"font-size: 1rem\" href=\"https:\/\/blog.edu.turku.fi\/ops2016\/files\/2022\/11\/Fostrande-samtal-och-anvandning-av-disciplinara-atgarder-i-den-grundlaggande-utbildningen-i-Abo-nyaste.pdf\" target=\"_blank\" rel=\"noopener\">Fostrande samtal och anvandning av disciplinara atgarder i den grundlaggande utbildningen i Abo<\/a><\/li>\n<li><a href=\"https:\/\/blog.edu.turku.fi\/ops2016\/files\/2023\/03\/Bedomning-av-uppforande-ak-1-6.pdf\" target=\"_blank\" rel=\"noopener\">Bedomning-av-uppforande-ak-1-6.pdf<\/a><\/li>\n<li><a style=\"font-size: 1rem\" href=\"https:\/\/blog.edu.turku.fi\/ops2016\/files\/2023\/03\/Bedomning-av-uppforande-ak-7-9.pdf\" target=\"_blank\" rel=\"noopener\">Bedomning-av-uppforande-ak-7-9.pdf<\/a><\/li>\n<li><a style=\"font-size: 1rem\" href=\"https:\/\/blog.edu.turku.fi\/ops2016\/files\/2025\/04\/Ny-timfordelning-1.8.2025.pdf\" target=\"_blank\" rel=\"noopener\">Ny timfordelning 1.8.2025<\/a><\/li>\n<\/ul>\n<p><strong>De skolvisa l\u00e4roplanerna uppdateras under h\u00f6sten 2026<\/strong><\/p>\n<ul>\n<li><a href=\"https:\/\/blog.edu.turku.fi\/ops2016\/files\/2022\/02\/Cygnaeus-skola-laroplan-kap-1-12.pdf\" target=\"_blank\" rel=\"noopener\">Cygnaeus<\/a><\/li>\n<li><a href=\"https:\/\/blog.edu.turku.fi\/ops2016\/files\/2022\/02\/Sirkkala-skolas-laroplan-kap-1-12.pdf\" target=\"_blank\" rel=\"noopener\">Sirkkala<\/a><\/li>\n<li><a href=\"https:\/\/blog.edu.turku.fi\/ops2016\/files\/2020\/11\/St-Olofsskolans-laroplan.pdf\" target=\"_blank\" rel=\"noopener noreferrer\">St Olofsskolan<\/a><\/li>\n<\/ul>\n<p><strong>Rusmedel och laglighetsfostran<\/strong><\/p>\n<p><a href=\"https:\/\/blog.edu.turku.fi\/ops2016\/files\/2024\/10\/Rusmedels-och-laglighetsfostran.pdf\" target=\"_blank\" rel=\"noopener\">Rusmedels och laglighetsfostran<\/a><br \/>\n<a href=\"https:\/\/blog.edu.turku.fi\/ops2016\/files\/2025\/03\/5.-luokkalaisten-paihde-ja-laillisuuskasvatustunnit-ruotsi-002-002-1.pptx\" target=\"_blank\" rel=\"noopener\">Vad vet vi om rusmedel \u00e5k 5<\/a><br \/>\n<a href=\"https:\/\/blog.edu.turku.fi\/ops2016\/files\/2025\/03\/6.-luokkalaisten-paihde-ja-laillisuuskasvatustunnit-ruotsi-1.pptx\" target=\"_blank\" rel=\"noopener\">Vad vet vi om rusmedel \u00e5k 6<\/a><br \/>\n<a href=\"https:\/\/blog.edu.turku.fi\/ops2016\/files\/2025\/03\/7.-klass-Vad-vet-vi-om-rusmedel.pptx\" target=\"_blank\" rel=\"noopener\">Vad vet vi om rusmedel \u00e5k 7<\/a><br \/>\n<a href=\"https:\/\/blog.edu.turku.fi\/ops2016\/files\/2025\/03\/8.-klass-Vad-vet-vi-om-rusmedel.pptx\" target=\"_blank\" rel=\"noopener\">Vad vet vi om rusmedel \u00e5k 8<\/a><br \/>\n<a href=\"https:\/\/blog.edu.turku.fi\/ops2016\/files\/2025\/03\/9.-Klass-Allmant-on-rusmedel-1.pptx\" target=\"_blank\" rel=\"noopener\">Vad vet vi om rusmedel \u00e5k 9<\/a><\/p>\n<p><a href=\"https:\/\/blog.edu.turku.fi\/ops2016\/files\/2024\/10\/Fostringssamtal-inom-framjandet-av-sakerheten-i-arskurs-7\u20139.pdf\" target=\"_blank\" rel=\"noopener\">Fostringssamtal inom framjandet av s\u00e4kerheten i \u00e5rskurs 7\u20139<\/a><\/p>\n","protected":false},"excerpt":{"rendered":"<p>Grundskolan: L\u00e4roplanen f\u00f6r den grundl\u00e4ggande utbildningen i \u00c5bo 1.8.2025, L\u00e4roplanen kan enklast l\u00e4sas p\u00e5 eGrunder: https:\/\/eperusteet.opintopolku.fi\/#\/sv\/opetussuunnitelma\/22617371\/perusopetus\/tiedot Hur man bem\u00f6ter varandra Ingripande i skolfr\u00e5nvaro och f\u00f6rebyggande av skolavbrytande Fostrande samtal och anvandning av disciplinara atgarder i den grundlaggande utbildningen i Abo Bedomning-av-uppforande-ak-1-6.pdf Bedomning-av-uppforande-ak-7-9.pdf Ny timfordelning 1.8.2025 De skolvisa l\u00e4roplanerna uppdateras under h\u00f6sten 2026 Cygnaeus Sirkkala St &hellip; <\/p>\n<p class=\"link-more\"><a href=\"https:\/\/blog.edu.turku.fi\/ops2016\/tukimateriaalit\/material-pa-svenska\/\" class=\"more-link\">Jatka lukemista<span class=\"screen-reader-text\"> &#8221;Material p\u00e5 svenska&#8221;<\/span><\/a><\/p>\n","protected":false},"author":16,"featured_media":0,"parent":2416,"menu_order":6,"comment_status":"closed","ping_status":"closed","template":"","meta":{"footnotes":""},"class_list":["post-2859","page","type-page","status-publish","hentry"],"_links":{"self":[{"href":"https:\/\/blog.edu.turku.fi\/ops2016\/wp-json\/wp\/v2\/pages\/2859","targetHints":{"allow":["GET"]}}],"collection":[{"href":"https:\/\/blog.edu.turku.fi\/ops2016\/wp-json\/wp\/v2\/pages"}],"about":[{"href":"https:\/\/blog.edu.turku.fi\/ops2016\/wp-json\/wp\/v2\/types\/page"}],"author":[{"embeddable":true,"href":"https:\/\/blog.edu.turku.fi\/ops2016\/wp-json\/wp\/v2\/users\/16"}],"replies":[{"embeddable":true,"href":"https:\/\/blog.edu.turku.fi\/ops2016\/wp-json\/wp\/v2\/comments?post=2859"}],"version-history":[{"count":87,"href":"https:\/\/blog.edu.turku.fi\/ops2016\/wp-json\/wp\/v2\/pages\/2859\/revisions"}],"predecessor-version":[{"id":3597,"href":"https:\/\/blog.edu.turku.fi\/ops2016\/wp-json\/wp\/v2\/pages\/2859\/revisions\/3597"}],"up":[{"embeddable":true,"href":"https:\/\/blog.edu.turku.fi\/ops2016\/wp-json\/wp\/v2\/pages\/2416"}],"wp:attachment":[{"href":"https:\/\/blog.edu.turku.fi\/ops2016\/wp-json\/wp\/v2\/media?parent=2859"}],"curies":[{"name":"wp","href":"https:\/\/api.w.org\/{rel}","templated":true}]}}