{"id":279,"date":"2014-05-13T08:39:15","date_gmt":"2014-05-13T05:39:15","guid":{"rendered":"https:\/\/blog.edu.turku.fi\/ops2016\/?page_id=279"},"modified":"2016-09-19T14:25:10","modified_gmt":"2016-09-19T11:25:10","slug":"hyvaksytyt","status":"publish","type":"page","link":"https:\/\/blog.edu.turku.fi\/ops2016\/hyvaksytyt\/","title":{"rendered":"Hyv\u00e4ksytyt"},"content":{"rendered":"<p>T\u00e4m\u00e4n sivun v\u00e4lilehdille\u00a0on ker\u00e4tty\u00a0perusopetuksen valtakunnallisten perusteiden lis\u00e4ksi\u00a0 Turun perusopetuksen hyv\u00e4ksytyt opetussuunnitelmien osat.<\/p>\n<p>&nbsp;<\/p>\n","protected":false},"excerpt":{"rendered":"<p>T\u00e4m\u00e4n sivun v\u00e4lilehdille\u00a0on ker\u00e4tty\u00a0perusopetuksen valtakunnallisten perusteiden lis\u00e4ksi\u00a0 Turun perusopetuksen hyv\u00e4ksytyt opetussuunnitelmien osat. &nbsp;<\/p>\n","protected":false},"author":2561,"featured_media":0,"parent":0,"menu_order":10,"comment_status":"closed","ping_status":"closed","template":"","meta":{"footnotes":""},"class_list":["post-279","page","type-page","status-publish","hentry"],"_links":{"self":[{"href":"https:\/\/blog.edu.turku.fi\/ops2016\/wp-json\/wp\/v2\/pages\/279","targetHints":{"allow":["GET"]}}],"collection":[{"href":"https:\/\/blog.edu.turku.fi\/ops2016\/wp-json\/wp\/v2\/pages"}],"about":[{"href":"https:\/\/blog.edu.turku.fi\/ops2016\/wp-json\/wp\/v2\/types\/page"}],"author":[{"embeddable":true,"href":"https:\/\/blog.edu.turku.fi\/ops2016\/wp-json\/wp\/v2\/users\/2561"}],"replies":[{"embeddable":true,"href":"https:\/\/blog.edu.turku.fi\/ops2016\/wp-json\/wp\/v2\/comments?post=279"}],"version-history":[{"count":44,"href":"https:\/\/blog.edu.turku.fi\/ops2016\/wp-json\/wp\/v2\/pages\/279\/revisions"}],"predecessor-version":[{"id":1834,"href":"https:\/\/blog.edu.turku.fi\/ops2016\/wp-json\/wp\/v2\/pages\/279\/revisions\/1834"}],"wp:attachment":[{"href":"https:\/\/blog.edu.turku.fi\/ops2016\/wp-json\/wp\/v2\/media?parent=279"}],"curies":[{"name":"wp","href":"https:\/\/api.w.org\/{rel}","templated":true}]}}