{"id":2658,"date":"2016-10-02T17:18:12","date_gmt":"2016-10-02T14:18:12","guid":{"rendered":"https:\/\/blog.edu.turku.fi\/ops2016\/?page_id=2658"},"modified":"2018-02-01T08:45:41","modified_gmt":"2018-02-01T06:45:41","slug":"oppiainekohtainen-materiaali","status":"publish","type":"page","link":"https:\/\/blog.edu.turku.fi\/ops2016\/tukimateriaalit\/oppiainekohtainen-materiaali\/","title":{"rendered":"Oppiainekohtainen materiaali"},"content":{"rendered":"<p><strong>Alkuopetus<\/strong><strong><br \/>\n<\/strong><a href=\"https:\/\/blog.edu.turku.fi\/ops2016\/files\/2016\/10\/Tee-kahvila_julkaisu.pdf\" target=\"_blank\" rel=\"noopener noreferrer\">TEE &#8211; kahvilan materiaalia<\/a><\/p>\n<p><strong>Historia ja YH<\/strong><br \/>\n<a href=\"https:\/\/blog.edu.turku.fi\/ops2016\/files\/2016\/10\/Ohje_ja_vastaukset_Tarja_Honkanen_hy_8_lk.pdf\" target=\"_blank\" rel=\"noopener noreferrer\"><span style=\"color: #0066cc\">PaikkaOppi ohje + teht\u00e4vi\u00e4 <\/span><\/a>(8. lk)<strong><br \/>\n<\/strong><\/p>\n<p><strong>K\u00e4sity\u00f6<br \/>\n<\/strong><a href=\"https:\/\/blog.edu.turku.fi\/ops2016\/files\/2016\/10\/kasityon_arviointi_ja_dokumentointi.pdf\" target=\"_blank\" rel=\"noopener noreferrer\"><span style=\"color: #0066cc\">K\u00e4sity\u00f6n dokumentointi ja arviointi<br \/>\n<\/span><\/a><a href=\"https:\/\/blog.edu.turku.fi\/ops2016\/files\/2017\/04\/Kasityon_tavoitteet_vuosiluokilla_lisamateriaali.pdf\" target=\"_blank\" rel=\"noopener noreferrer\">K\u00e4sity\u00f6n tavoitteet vuosiluokilla<\/a><br \/>\n<a href=\"https:\/\/blog.edu.turku.fi\/ops2016\/files\/2017\/04\/Kasityon_6.lk_arviointikriteerit.pdf\" target=\"_blank\" rel=\"noopener noreferrer\">K\u00e4sity\u00f6n arviointikriteerit, 6. lk<\/a><br \/>\n<a href=\"https:\/\/blog.edu.turku.fi\/ops2016\/files\/2018\/02\/K\u00e4sity\u00f6n-arviointikriteerit-7-lk.pdf\" target=\"_blank\" rel=\"noopener noreferrer\">K\u00e4sity\u00f6n arviointikriteerit, 7. lk<\/a><\/p>\n<p><strong>Liikunta<br \/>\n<\/strong><a href=\"https:\/\/blog.edu.turku.fi\/ops2016\/files\/2016\/10\/liikunnan_opsista_ja_arvioinnista.pdf\" target=\"_blank\" rel=\"noopener noreferrer\"><span style=\"color: #0066cc\">Liikunnan opsista ja arvioinnista<\/span><\/a><strong><br \/>\n<\/strong><a href=\"https:\/\/blog.edu.turku.fi\/ops2016\/files\/2016\/10\/ideoita_1-2-lk_liikunnan_opetukseen.pdf\" target=\"_blank\" rel=\"noopener noreferrer\"><span style=\"color: #0066cc\">Ideoita 1.-2. lk liikunnan opetukseen<\/span><\/a><strong><br \/>\n<\/strong><\/p>\n<p><strong>Matematiikka<br \/>\n<\/strong><a href=\"https:\/\/blog.edu.turku.fi\/ops2016\/files\/2016\/10\/matikkakahvila_22.9.2016.pdf\" target=\"_blank\" rel=\"noopener noreferrer\"><span style=\"color: #0066cc\">Matikkakahvilan materiaalia<\/span><\/a><strong><br \/>\n<\/strong><\/p>\n<p><strong>Monialaiset oppimiskokonaisuudet<br \/>\n<\/strong><a href=\"https:\/\/blog.edu.turku.fi\/ops2016\/files\/2016\/11\/Monialaiset_oppimiskokonaisuudet_ped_ip_materiaalia.pdf\" target=\"_blank\" rel=\"noopener noreferrer\">Pedagogisen iltap\u00e4iv\u00e4n materiaalia<\/a><\/p>\n<p><strong>Sosiaalinen media &#8211; SOME<br \/>\n<\/strong><a href=\"https:\/\/blog.edu.turku.fi\/ops2016\/files\/2016\/11\/TURKU_2016_SOME_opetuksessa-koulutus.pdf\" target=\"_blank\" rel=\"noopener noreferrer\">Pedagoginen kahvila: SOME opetuksessa -materiaalia<\/a><\/p>\n<p><strong>Suomen kieli ja kirjallisuus<br \/>\n<\/strong><a href=\"https:\/\/blog.edu.turku.fi\/ops2016\/files\/2016\/10\/Lukupolku_TOP_290916.pdf\" target=\"_blank\" rel=\"noopener noreferrer\"><span style=\"color: #0066cc\">Lukupolku, esitys<\/span><\/a><strong><br \/>\n<\/strong><\/p>\n<p><strong>Suomi toisena kielen\u00e4 ja kirjallisuus<br \/>\n<\/strong><a href=\"https:\/\/blog.edu.turku.fi\/ops2016\/files\/2016\/12\/Alisaari_s2_oppilaan_tukeminen_ja_arviointi_2016.pdf\" target=\"_blank\" rel=\"noopener noreferrer\">S2-oppilaan tukeminen ja arviointi<\/a><\/p>\n<p>Linkkej\u00e4 lis\u00e4t\u00e4\u00e4n sit\u00e4 mukaa, kun uusia materiaaleja ilmestyy.<\/p>\n","protected":false},"excerpt":{"rendered":"<p>Alkuopetus TEE &#8211; kahvilan materiaalia Historia ja YH PaikkaOppi ohje + teht\u00e4vi\u00e4 (8. lk) K\u00e4sity\u00f6 K\u00e4sity\u00f6n dokumentointi ja arviointi K\u00e4sity\u00f6n tavoitteet vuosiluokilla K\u00e4sity\u00f6n arviointikriteerit, 6. lk K\u00e4sity\u00f6n arviointikriteerit, 7. lk Liikunta Liikunnan opsista ja arvioinnista Ideoita 1.-2. lk liikunnan opetukseen Matematiikka Matikkakahvilan materiaalia Monialaiset oppimiskokonaisuudet Pedagogisen iltap\u00e4iv\u00e4n materiaalia Sosiaalinen media &#8211; SOME Pedagoginen kahvila: SOME &hellip; <\/p>\n<p class=\"link-more\"><a href=\"https:\/\/blog.edu.turku.fi\/ops2016\/tukimateriaalit\/oppiainekohtainen-materiaali\/\" class=\"more-link\">Jatka lukemista<span class=\"screen-reader-text\"> &#8221;Oppiainekohtainen materiaali&#8221;<\/span><\/a><\/p>\n","protected":false},"author":107,"featured_media":0,"parent":2416,"menu_order":0,"comment_status":"closed","ping_status":"closed","template":"","meta":{"footnotes":""},"class_list":["post-2658","page","type-page","status-publish","hentry"],"_links":{"self":[{"href":"https:\/\/blog.edu.turku.fi\/ops2016\/wp-json\/wp\/v2\/pages\/2658","targetHints":{"allow":["GET"]}}],"collection":[{"href":"https:\/\/blog.edu.turku.fi\/ops2016\/wp-json\/wp\/v2\/pages"}],"about":[{"href":"https:\/\/blog.edu.turku.fi\/ops2016\/wp-json\/wp\/v2\/types\/page"}],"author":[{"embeddable":true,"href":"https:\/\/blog.edu.turku.fi\/ops2016\/wp-json\/wp\/v2\/users\/107"}],"replies":[{"embeddable":true,"href":"https:\/\/blog.edu.turku.fi\/ops2016\/wp-json\/wp\/v2\/comments?post=2658"}],"version-history":[{"count":49,"href":"https:\/\/blog.edu.turku.fi\/ops2016\/wp-json\/wp\/v2\/pages\/2658\/revisions"}],"predecessor-version":[{"id":3077,"href":"https:\/\/blog.edu.turku.fi\/ops2016\/wp-json\/wp\/v2\/pages\/2658\/revisions\/3077"}],"up":[{"embeddable":true,"href":"https:\/\/blog.edu.turku.fi\/ops2016\/wp-json\/wp\/v2\/pages\/2416"}],"wp:attachment":[{"href":"https:\/\/blog.edu.turku.fi\/ops2016\/wp-json\/wp\/v2\/media?parent=2658"}],"curies":[{"name":"wp","href":"https:\/\/api.w.org\/{rel}","templated":true}]}}