{"id":2624,"date":"2016-10-02T10:55:45","date_gmt":"2016-10-02T07:55:45","guid":{"rendered":"https:\/\/blog.edu.turku.fi\/ops2016\/?page_id=2624"},"modified":"2022-05-02T13:21:41","modified_gmt":"2022-05-02T10:21:41","slug":"oppimisen-arviointi","status":"publish","type":"page","link":"https:\/\/blog.edu.turku.fi\/ops2016\/tukimateriaalit\/oppimisen-arviointi\/","title":{"rendered":"Oppimisen arviointi"},"content":{"rendered":"<p><strong><span style=\"color: #ff0000\">TEKNISET TODISTUSMALLIT<br \/>\n<\/span><\/strong><\/p>\n<ul>\n<li><a href=\"https:\/\/blog.edu.turku.fi\/ops2016\/files\/2022\/04\/MALLI-Lukuvuositodistus-1.lk_.pdf\" target=\"_blank\" rel=\"noopener\">MALLI lukuvuositodistus 1lk<\/a><\/li>\n<li><a href=\"https:\/\/blog.edu.turku.fi\/ops2016\/files\/2022\/04\/MALLI-Liite-Lukuvuositodistus-1.lk_.pdf\" target=\"_blank\" rel=\"noopener\">MALLI Liite lukuvuositodistus 1lk<\/a><\/li>\n<li><a href=\"https:\/\/blog.edu.turku.fi\/ops2016\/files\/2022\/04\/MALLI-Lukuvuositodistus-2.lk_.pdf\" target=\"_blank\" rel=\"noopener\">MALLI lukuvuositodistus 2lk<\/a><\/li>\n<li><a href=\"https:\/\/blog.edu.turku.fi\/ops2016\/files\/2022\/04\/MALLI-Liite-Lukuvuositodistus-2.lk_.pdf\" target=\"_blank\" rel=\"noopener\">MALLI Liite lukuvuositodistus 2lk<\/a><\/li>\n<li><a href=\"https:\/\/blog.edu.turku.fi\/ops2016\/files\/2022\/04\/MALLI-LUkuvuositodistus-3.lk-valinnaisena-KU-ja-LI.pdf\" target=\"_blank\" rel=\"noopener\">MALLI lukuvuositodistus 3lk, valinnaisena KU ja LI<\/a><\/li>\n<li><a href=\"https:\/\/blog.edu.turku.fi\/ops2016\/files\/2022\/04\/MALLI-Lukuvuositodistus-3.lk-valinnaisena-KU-ja-MU.pdf\" target=\"_blank\" rel=\"noopener\">MALLI lukuvuositodistus 3lk, valinnaisena KU ja MU<\/a><\/li>\n<li><a href=\"https:\/\/blog.edu.turku.fi\/ops2016\/files\/2022\/04\/MALLI-Liite-Lukuvuositodistus-3.lk_.pdf\" target=\"_blank\" rel=\"noopener\">MALLI Liite lukuvuositodistus 3lk<\/a><\/li>\n<li><a href=\"https:\/\/blog.edu.turku.fi\/ops2016\/files\/2022\/04\/MALLI-Lukuvuositodistus-4.lk-A2-kieli-ruotsi-ja-valinnaisena-LI.pdf\" target=\"_blank\" rel=\"noopener\">MALLI Lukuvuositodistus 4.lk, A2 kieli ruotsi ja valinnaisena LI<\/a><\/li>\n<li><a href=\"https:\/\/blog.edu.turku.fi\/ops2016\/files\/2022\/04\/MALLI-Lukuvuositodistus-5.lk-A2-kieli-ruotsi-ja-valinnaisena-LI.pdf\" target=\"_blank\" rel=\"noopener\">MALLI Lukuvuositodistus 5.lk, A2 kieli ruotsi ja valinnaisena LI<\/a><\/li>\n<li><a href=\"https:\/\/blog.edu.turku.fi\/ops2016\/files\/2022\/04\/MALLI-Lukuvuositodistus-6.lk-B1-ruotsi-ja-valinnaisena-LI.pdf\" target=\"_blank\" rel=\"noopener\">MALLI Lukuvuositodistus 6.lk, B1 ruotsi ja valinnaisena LI<\/a><\/li>\n<li><a href=\"https:\/\/blog.edu.turku.fi\/ops2016\/files\/2022\/04\/MALLI-Lukuvuositodistus-7.lk_.pdf\" target=\"_blank\" rel=\"noopener\">MALLI Lukuvuositodistus 7.lk<\/a><\/li>\n<li><a href=\"https:\/\/blog.edu.turku.fi\/ops2016\/files\/2022\/04\/MALLI-Lukuvuositodistus-8.lk-valinnaisena-A2ES-ja-VTKS.pdf\" target=\"_blank\" rel=\"noopener\">MALLI Lukuvuositodistus 8.lk, valinnaisena A2ES ja VTKS<\/a><\/li>\n<li><a href=\"https:\/\/blog.edu.turku.fi\/ops2016\/files\/2022\/04\/MALLI-Peruskoulun-Paattotodistus-valinnaisena-A2ES-ja-VTKS.pdf\" target=\"_blank\" rel=\"noopener\">MALLI Peruskoulun P\u00e4\u00e4tt\u00f6todistus, valinnaisena A2ES ja VTKS<\/a><\/li>\n<li><a href=\"https:\/\/blog.edu.turku.fi\/ops2016\/files\/2022\/04\/MALLI-Peruskoulun-Paattotodistus-valinnaisena-VTKS-ja-VKU.pdf\" target=\"_blank\" rel=\"noopener\">MALLI Peruskoulun P\u00e4\u00e4tt\u00f6todistus, valinnaisena VTKS ja VKU<\/a><\/li>\n<\/ul>\n<p><span style=\"color: #ff0000\"><strong>ARVIOINTIKESKUSTELUT<\/strong><\/span><\/p>\n<ul>\n<li><a href=\"https:\/\/blog.edu.turku.fi\/ops2016\/files\/2016\/10\/Arviointikeskustelupohjien-ohjeistus.docx\">Arviointikeskustelupohjien ohjeistus<\/a><\/li>\n<\/ul>\n<p><span style=\"color: #ff0000\"><strong>MUUTA ARVIOINTIIN LIITTYV\u00c4\u00c4<\/strong><\/span><\/p>\n<ul>\n<li><a href=\"http:\/\/www.edu.fi\/download\/172824_kehittyvan_kielitaidon_asteikko.pdf\" target=\"_blank\" rel=\"noopener noreferrer\">Kehittyv\u00e4n kielitaidon asteikko<\/a><\/li>\n<li><a href=\"https:\/\/blog.edu.turku.fi\/ops2016\/files\/2016\/12\/Alisaari_s2_oppilaan_tukeminen_ja_arviointi_2016.pdf\" target=\"_blank\" rel=\"noopener noreferrer\">S2-oppilaan tukeminen ja arviointi<\/a><\/li>\n<li><a href=\"https:\/\/blog.edu.turku.fi\/ops2016\/files\/2016\/09\/Monialaisen_oppimiskokonaisuuden_arviointikayt\u00e4nnot-21-4-16-1.docx\">Monialaisen oppimiskokonaisuuden arviointik\u00e4yt\u00e4nn\u00f6ist\u00e4<\/a> (doc)<\/li>\n<li>Itsearviointikaavakkeita <a href=\"https:\/\/blog.edu.turku.fi\/ops2016\/files\/2016\/09\/HEP_arviointipohja_1-2.docx\">1.-2. lk<\/a>, <a href=\"https:\/\/blog.edu.turku.fi\/ops2016\/files\/2016\/09\/HEP_arviointipohja_3-4.docx\">3.-4. lk<\/a>, <a href=\"https:\/\/blog.edu.turku.fi\/ops2016\/files\/2016\/09\/Hep_arviointipohja_5.-6.docx\">5.-6. lk<\/a>, <a href=\"https:\/\/blog.edu.turku.fi\/ops2016\/files\/2016\/09\/Vanhemmille.docx\">kysely huoltajille <\/a>(doc)<\/li>\n<li><a href=\"https:\/\/blog.edu.turku.fi\/ops2016\/files\/2016\/10\/kasityon_arviointi_ja_dokumentointi.pdf\">K\u00e4sity\u00f6n dokumentointi ja arviointi<\/a><\/li>\n<li><a href=\"https:\/\/blog.edu.turku.fi\/ops2016\/files\/2016\/10\/liikunnan_opsista_ja_arvioinnista.pdf\" target=\"_blank\" rel=\"noopener noreferrer\">Liikunnan opetuksesta ja arvioinnista<\/a><\/li>\n<li><a href=\"https:\/\/blog.edu.turku.fi\/ops2016\/files\/2016\/12\/Turun_lyseo_kaytoksen_kriteerit.pdf\" target=\"_blank\" rel=\"noopener noreferrer\">K\u00e4ytt\u00e4ytymisen arviointikriteerit (Turun Lyseo) <\/a><\/li>\n<li><a href=\"https:\/\/blog.edu.turku.fi\/ops2016\/files\/2020\/09\/Turku-310820.pdf\" target=\"_blank\" rel=\"noopener noreferrer\">Arviointiwebinaarin 30.8.2020 materiaali<\/a><\/li>\n<li><a href=\"https:\/\/www.kuntaliitto.fi\/tilastot-ja-julkaisut\/kunnallisten-asiakirjojen-sailytysajat\" target=\"_blank\" rel=\"noopener noreferrer\">kunnallisten asiakirjojen s\u00e4ilytysajat<\/a><\/li>\n<\/ul>\n","protected":false},"excerpt":{"rendered":"<p>TEKNISET TODISTUSMALLIT MALLI lukuvuositodistus 1lk MALLI Liite lukuvuositodistus 1lk MALLI lukuvuositodistus 2lk MALLI Liite lukuvuositodistus 2lk MALLI lukuvuositodistus 3lk, valinnaisena KU ja LI MALLI lukuvuositodistus 3lk, valinnaisena KU ja MU MALLI Liite lukuvuositodistus 3lk MALLI Lukuvuositodistus 4.lk, A2 kieli ruotsi ja valinnaisena LI MALLI Lukuvuositodistus 5.lk, A2 kieli ruotsi ja valinnaisena LI MALLI Lukuvuositodistus 6.lk, &hellip; <\/p>\n<p class=\"link-more\"><a href=\"https:\/\/blog.edu.turku.fi\/ops2016\/tukimateriaalit\/oppimisen-arviointi\/\" class=\"more-link\">Jatka lukemista<span class=\"screen-reader-text\"> &#8221;Oppimisen arviointi&#8221;<\/span><\/a><\/p>\n","protected":false},"author":107,"featured_media":0,"parent":2416,"menu_order":0,"comment_status":"closed","ping_status":"closed","template":"","meta":{"footnotes":""},"class_list":["post-2624","page","type-page","status-publish","hentry"],"_links":{"self":[{"href":"https:\/\/blog.edu.turku.fi\/ops2016\/wp-json\/wp\/v2\/pages\/2624","targetHints":{"allow":["GET"]}}],"collection":[{"href":"https:\/\/blog.edu.turku.fi\/ops2016\/wp-json\/wp\/v2\/pages"}],"about":[{"href":"https:\/\/blog.edu.turku.fi\/ops2016\/wp-json\/wp\/v2\/types\/page"}],"author":[{"embeddable":true,"href":"https:\/\/blog.edu.turku.fi\/ops2016\/wp-json\/wp\/v2\/users\/107"}],"replies":[{"embeddable":true,"href":"https:\/\/blog.edu.turku.fi\/ops2016\/wp-json\/wp\/v2\/comments?post=2624"}],"version-history":[{"count":88,"href":"https:\/\/blog.edu.turku.fi\/ops2016\/wp-json\/wp\/v2\/pages\/2624\/revisions"}],"predecessor-version":[{"id":3430,"href":"https:\/\/blog.edu.turku.fi\/ops2016\/wp-json\/wp\/v2\/pages\/2624\/revisions\/3430"}],"up":[{"embeddable":true,"href":"https:\/\/blog.edu.turku.fi\/ops2016\/wp-json\/wp\/v2\/pages\/2416"}],"wp:attachment":[{"href":"https:\/\/blog.edu.turku.fi\/ops2016\/wp-json\/wp\/v2\/media?parent=2624"}],"curies":[{"name":"wp","href":"https:\/\/api.w.org\/{rel}","templated":true}]}}