{"id":2619,"date":"2016-10-02T10:37:26","date_gmt":"2016-10-02T07:37:26","guid":{"rendered":"https:\/\/blog.edu.turku.fi\/ops2016\/?page_id=2619"},"modified":"2022-09-09T08:35:45","modified_gmt":"2022-09-09T05:35:45","slug":"opetusjarjestelyt","status":"publish","type":"page","link":"https:\/\/blog.edu.turku.fi\/ops2016\/tukimateriaalit\/opetusjarjestelyt\/","title":{"rendered":"Opetusj\u00e4rjestelyt"},"content":{"rendered":"<ul>\n<li><a href=\"https:\/\/blog.edu.turku.fi\/ops2016\/files\/2016\/09\/Oikeuksista_vastuista_ja_velvollisuuksista_1.9.2016_lyhyt.pdf\">Oikeuksista, vastuista ja velvollisuuksista<\/a><\/li>\n<li><a href=\"https:\/\/blog.edu.turku.fi\/ops2016\/files\/2016\/10\/Luokkatuntien_tukimateriaalia_Hanna-Gustafsson.pdf\" target=\"_blank\" rel=\"noopener noreferrer\">Luokkatunnit ja OPS yl\u00e4koulun n\u00e4k\u00f6kulmasta<\/a><\/li>\n<li><a href=\"https:\/\/blog.edu.turku.fi\/ops2016\/files\/2016\/10\/Luokkatunnit-tapaaminen_Hanna-Gustafsson.pdf\" target=\"_blank\" rel=\"noopener noreferrer\">Luokkatunnit &#8211; tapaaminen<\/a><\/li>\n<li><a href=\"https:\/\/blog.edu.turku.fi\/ops2016\/files\/2022\/09\/luokanohjaajan-tehtavat-TKu-YK-final.doc\" target=\"_blank\" rel=\"noopener\">Luokanohjaajan teht\u00e4v\u00e4t<\/a><\/li>\n<\/ul>\n","protected":false},"excerpt":{"rendered":"<p>Oikeuksista, vastuista ja velvollisuuksista Luokkatunnit ja OPS yl\u00e4koulun n\u00e4k\u00f6kulmasta Luokkatunnit &#8211; tapaaminen Luokanohjaajan teht\u00e4v\u00e4t<\/p>\n","protected":false},"author":107,"featured_media":0,"parent":2416,"menu_order":0,"comment_status":"closed","ping_status":"closed","template":"","meta":{"footnotes":""},"class_list":["post-2619","page","type-page","status-publish","hentry"],"_links":{"self":[{"href":"https:\/\/blog.edu.turku.fi\/ops2016\/wp-json\/wp\/v2\/pages\/2619","targetHints":{"allow":["GET"]}}],"collection":[{"href":"https:\/\/blog.edu.turku.fi\/ops2016\/wp-json\/wp\/v2\/pages"}],"about":[{"href":"https:\/\/blog.edu.turku.fi\/ops2016\/wp-json\/wp\/v2\/types\/page"}],"author":[{"embeddable":true,"href":"https:\/\/blog.edu.turku.fi\/ops2016\/wp-json\/wp\/v2\/users\/107"}],"replies":[{"embeddable":true,"href":"https:\/\/blog.edu.turku.fi\/ops2016\/wp-json\/wp\/v2\/comments?post=2619"}],"version-history":[{"count":19,"href":"https:\/\/blog.edu.turku.fi\/ops2016\/wp-json\/wp\/v2\/pages\/2619\/revisions"}],"predecessor-version":[{"id":3439,"href":"https:\/\/blog.edu.turku.fi\/ops2016\/wp-json\/wp\/v2\/pages\/2619\/revisions\/3439"}],"up":[{"embeddable":true,"href":"https:\/\/blog.edu.turku.fi\/ops2016\/wp-json\/wp\/v2\/pages\/2416"}],"wp:attachment":[{"href":"https:\/\/blog.edu.turku.fi\/ops2016\/wp-json\/wp\/v2\/media?parent=2619"}],"curies":[{"name":"wp","href":"https:\/\/api.w.org\/{rel}","templated":true}]}}