{"id":2416,"date":"2016-09-18T16:00:53","date_gmt":"2016-09-18T13:00:53","guid":{"rendered":"https:\/\/blog.edu.turku.fi\/ops2016\/?page_id=2416"},"modified":"2020-10-29T12:31:33","modified_gmt":"2020-10-29T10:31:33","slug":"tukimateriaalit","status":"publish","type":"page","link":"https:\/\/blog.edu.turku.fi\/ops2016\/tukimateriaalit\/","title":{"rendered":"Tukimateriaalit"},"content":{"rendered":"<table border=\"1\" width=\"511\">\n<tbody>\n<tr>\n<td bgcolor=\"#d0d2cc\" width=\"134\">\u00a0<a href=\"https:\/\/blog.edu.turku.fi\/ops2016\/tukimateriaalit\/opetusjarjestelyt\/\">Opetusj\u00e4rjestelyt<\/a><\/td>\n<td bgcolor=\"#d0d2cc\" width=\"133\">\u00a0<a href=\"https:\/\/blog.edu.turku.fi\/ops2016\/tukimateriaalit\/oppimisen-arviointi\/\">Oppimisen arviointi<\/a><\/td>\n<td bgcolor=\"#d0d2cc\" width=\"110\">\u00a0<a href=\"https:\/\/blog.edu.turku.fi\/ops2016\/tukimateriaalit\/oppimisen-tuki\/\">Oppimisen tuki<\/a><\/td>\n<td bgcolor=\"#d0d2cc\" width=\"134\">\u00a0<a href=\"https:\/\/blog.edu.turku.fi\/ops2016\/tukimateriaalit\/toimintakulttuuri\/\">Toimintakulttuuri<\/a><\/td>\n<\/tr>\n<\/tbody>\n<\/table>\n<ul>\n<li>Opetushallitus on laatimassa <strong>perusteiden yleiseen osaan ja jokaiseen oppiaineeseen liittyvi\u00e4 tukimateriaaleja<\/strong>, jotka julkaistaan <a href=\"http:\/\/edu.fi\/etusivu\" target=\"_blank\" rel=\"noopener noreferrer\">edu.fi<\/a>\u00a0sivuilla<\/li>\n<li><strong>P\u00e4\u00e4tt\u00f6arvioinnin kriteerien tueksi<\/strong> on laadittu oppiaineittain kuvaukset arvosanan kahdeksan alle j\u00e4\u00e4v\u00e4st\u00e4 osaamisesta sek\u00e4 arvosanan kahdeksan ylitt\u00e4v\u00e4st\u00e4 osaamisesta. N\u00e4m\u00e4 kuvaukset ovat opetussuunnitelman perusteiden tukimateriaalia, joka ei ole sitovaa normia. Kuvaukset l\u00f6ytyv\u00e4t kunkin oppiaineen kohdalta <a href=\"http:\/\/www.edu.fi\/perusopetus\" target=\"_blank\" rel=\"noopener noreferrer\">edu.fi<\/a>\u00a0verkkopalvelusta.<\/li>\n<li>Muita tukimateriaalejaa l\u00f6ytyy yll\u00e4 olevien linkeist\u00e4 tai Tukimateriaalit -pudotusvalikosta.<\/li>\n<\/ul>\n<p>&nbsp;<\/p>\n","protected":false},"excerpt":{"rendered":"<p>\u00a0Opetusj\u00e4rjestelyt \u00a0Oppimisen arviointi \u00a0Oppimisen tuki \u00a0Toimintakulttuuri Opetushallitus on laatimassa perusteiden yleiseen osaan ja jokaiseen oppiaineeseen liittyvi\u00e4 tukimateriaaleja, jotka julkaistaan edu.fi\u00a0sivuilla P\u00e4\u00e4tt\u00f6arvioinnin kriteerien tueksi on laadittu oppiaineittain kuvaukset arvosanan kahdeksan alle j\u00e4\u00e4v\u00e4st\u00e4 osaamisesta sek\u00e4 arvosanan kahdeksan ylitt\u00e4v\u00e4st\u00e4 osaamisesta. N\u00e4m\u00e4 kuvaukset ovat opetussuunnitelman perusteiden tukimateriaalia, joka ei ole sitovaa normia. Kuvaukset l\u00f6ytyv\u00e4t kunkin oppiaineen kohdalta edu.fi\u00a0verkkopalvelusta. Muita &hellip; <\/p>\n<p class=\"link-more\"><a href=\"https:\/\/blog.edu.turku.fi\/ops2016\/tukimateriaalit\/\" class=\"more-link\">Jatka lukemista<span class=\"screen-reader-text\"> &#8221;Tukimateriaalit&#8221;<\/span><\/a><\/p>\n","protected":false},"author":2561,"featured_media":0,"parent":0,"menu_order":50,"comment_status":"closed","ping_status":"closed","template":"","meta":{"footnotes":""},"class_list":["post-2416","page","type-page","status-publish","hentry"],"_links":{"self":[{"href":"https:\/\/blog.edu.turku.fi\/ops2016\/wp-json\/wp\/v2\/pages\/2416","targetHints":{"allow":["GET"]}}],"collection":[{"href":"https:\/\/blog.edu.turku.fi\/ops2016\/wp-json\/wp\/v2\/pages"}],"about":[{"href":"https:\/\/blog.edu.turku.fi\/ops2016\/wp-json\/wp\/v2\/types\/page"}],"author":[{"embeddable":true,"href":"https:\/\/blog.edu.turku.fi\/ops2016\/wp-json\/wp\/v2\/users\/2561"}],"replies":[{"embeddable":true,"href":"https:\/\/blog.edu.turku.fi\/ops2016\/wp-json\/wp\/v2\/comments?post=2416"}],"version-history":[{"count":36,"href":"https:\/\/blog.edu.turku.fi\/ops2016\/wp-json\/wp\/v2\/pages\/2416\/revisions"}],"predecessor-version":[{"id":3262,"href":"https:\/\/blog.edu.turku.fi\/ops2016\/wp-json\/wp\/v2\/pages\/2416\/revisions\/3262"}],"wp:attachment":[{"href":"https:\/\/blog.edu.turku.fi\/ops2016\/wp-json\/wp\/v2\/media?parent=2416"}],"curies":[{"name":"wp","href":"https:\/\/api.w.org\/{rel}","templated":true}]}}