{"id":15,"date":"2013-08-20T14:09:20","date_gmt":"2013-08-20T11:09:20","guid":{"rendered":"https:\/\/blog.edu.turku.fi\/ops2016\/?page_id=15"},"modified":"2023-05-17T15:00:27","modified_gmt":"2023-05-17T12:00:27","slug":"laatimisohjeita","status":"publish","type":"page","link":"https:\/\/blog.edu.turku.fi\/ops2016\/laatimisohjeita\/","title":{"rendered":"Ohjeita muutosten tekemiseen"},"content":{"rendered":"<p><strong>MUUTOSEHDOTUKSEN TEKEMINEN<\/strong><strong>\u00a0<\/strong><\/p>\n<p>Jos kyseess\u00e4 on\u00a0<strong>kirjoitusvirheen<\/strong> tai muotoilun korjaaminen, joka ei vaikuta asiasis\u00e4lt\u00f6\u00f6n, voi korjauksen tehd\u00e4 suoraan koulun opetussuunnitelmaan. Teht\u00e4v\u00e4st\u00e4 korjauksesta l\u00e4hetet\u00e4\u00e4n ehdotus palvelup\u00e4\u00e4llik\u00f6lle, joka l\u00e4hett\u00e4\u00e4 koulukohtaisen opetussuunnitelman rehtorille Word-tiedostona. Korjaukset tehty\u00e4\u00e4n rehtori l\u00e4hett\u00e4\u00e4 Word-tiedoston takaisin palvelup\u00e4\u00e4llik\u00f6lle. T\u00e4m\u00e4n j\u00e4lkeen uusi ops vied\u00e4\u00e4n verkkoon.<\/p>\n<p>Kaikissa muissa tapauksissa opetussuunnitelmamuutokset hyv\u00e4ksyy palvelualuejohtaja. Muutosehdotuksesta tulee ilmet\u00e4:<\/p>\n<ul>\n<li>opetussuunnitelman luku ja aihe, jota muutos koskee ja muutokseen kiinte\u00e4sti liittyv\u00e4 opetussuunnitelmateksti, johon muutosehdotus on merkitty punaisella (poistettava teksti yliviivataan ja lis\u00e4tt\u00e4v\u00e4 teksti punaisella)<\/li>\n<li>Muutosehdotus\u00a0liitteineen l\u00e4hetet\u00e4\u00e4n palvelup\u00e4\u00e4llik\u00f6llelahtinen(at)turku.fi\u00a0ja copy\u00a0paula.gestranius(at)turku.fi<\/li>\n<li>Mik\u00e4li esityksess\u00e4 on jotain korjattavaa, merkitsee palvelup\u00e4\u00e4llikk\u00f6 korjattavat kohdat keltaisella korostev\u00e4rill\u00e4 ja l\u00e4hett\u00e4\u00e4 rehtorille korjattavaksi. Korjattu muutosehdotus l\u00e4hetet\u00e4\u00e4n palvelualuejohtajan p\u00e4\u00e4tett\u00e4v\u00e4ksi tommi.tuominen(at)turku.fi.<\/li>\n<li>Kun palvelualuejohtaja on hyv\u00e4ksynyt muutosehdotukset, rehtorille toimitetaan Joutsenet-p\u00e4\u00e4t\u00f6s, jonka pohjalta h\u00e4n vahvistaa muutokset koulun lopulliseen opetussuunnitelmaan.<\/li>\n<li>T\u00e4m\u00e4n j\u00e4lkeen tiedosto vied\u00e4\u00e4n virastossa verkkoon.<\/li>\n<\/ul>\n<p>&nbsp;<\/p>\n<p><strong>\u00a0<\/strong><\/p>\n<p><strong>\u00a0<\/strong><\/p>\n<p>&nbsp;<\/p>\n<p>&nbsp;<\/p>\n<p>&nbsp;<\/p>\n","protected":false},"excerpt":{"rendered":"<p>MUUTOSEHDOTUKSEN TEKEMINEN\u00a0 Jos kyseess\u00e4 on\u00a0kirjoitusvirheen tai muotoilun korjaaminen, joka ei vaikuta asiasis\u00e4lt\u00f6\u00f6n, voi korjauksen tehd\u00e4 suoraan koulun opetussuunnitelmaan. Teht\u00e4v\u00e4st\u00e4 korjauksesta l\u00e4hetet\u00e4\u00e4n ehdotus palvelup\u00e4\u00e4llik\u00f6lle, joka l\u00e4hett\u00e4\u00e4 koulukohtaisen opetussuunnitelman rehtorille Word-tiedostona. Korjaukset tehty\u00e4\u00e4n rehtori l\u00e4hett\u00e4\u00e4 Word-tiedoston takaisin palvelup\u00e4\u00e4llik\u00f6lle. T\u00e4m\u00e4n j\u00e4lkeen uusi ops vied\u00e4\u00e4n verkkoon. Kaikissa muissa tapauksissa opetussuunnitelmamuutokset hyv\u00e4ksyy palvelualuejohtaja. Muutosehdotuksesta tulee ilmet\u00e4: opetussuunnitelman luku ja aihe, &hellip; <\/p>\n<p class=\"link-more\"><a href=\"https:\/\/blog.edu.turku.fi\/ops2016\/laatimisohjeita\/\" class=\"more-link\">Jatka lukemista<span class=\"screen-reader-text\"> &#8221;Ohjeita muutosten tekemiseen&#8221;<\/span><\/a><\/p>\n","protected":false},"author":16,"featured_media":0,"parent":0,"menu_order":20,"comment_status":"closed","ping_status":"closed","template":"","meta":{"footnotes":""},"class_list":["post-15","page","type-page","status-publish","hentry"],"_links":{"self":[{"href":"https:\/\/blog.edu.turku.fi\/ops2016\/wp-json\/wp\/v2\/pages\/15","targetHints":{"allow":["GET"]}}],"collection":[{"href":"https:\/\/blog.edu.turku.fi\/ops2016\/wp-json\/wp\/v2\/pages"}],"about":[{"href":"https:\/\/blog.edu.turku.fi\/ops2016\/wp-json\/wp\/v2\/types\/page"}],"author":[{"embeddable":true,"href":"https:\/\/blog.edu.turku.fi\/ops2016\/wp-json\/wp\/v2\/users\/16"}],"replies":[{"embeddable":true,"href":"https:\/\/blog.edu.turku.fi\/ops2016\/wp-json\/wp\/v2\/comments?post=15"}],"version-history":[{"count":152,"href":"https:\/\/blog.edu.turku.fi\/ops2016\/wp-json\/wp\/v2\/pages\/15\/revisions"}],"predecessor-version":[{"id":3465,"href":"https:\/\/blog.edu.turku.fi\/ops2016\/wp-json\/wp\/v2\/pages\/15\/revisions\/3465"}],"wp:attachment":[{"href":"https:\/\/blog.edu.turku.fi\/ops2016\/wp-json\/wp\/v2\/media?parent=15"}],"curies":[{"name":"wp","href":"https:\/\/api.w.org\/{rel}","templated":true}]}}