{"id":1477,"date":"2015-10-08T13:32:21","date_gmt":"2015-10-08T10:32:21","guid":{"rendered":"https:\/\/blog.edu.turku.fi\/ops2016\/?page_id=1477"},"modified":"2024-01-10T12:39:20","modified_gmt":"2024-01-10T10:39:20","slug":"koulutukset","status":"publish","type":"page","link":"https:\/\/blog.edu.turku.fi\/ops2016\/koulutukset\/","title":{"rendered":"PoTkuri"},"content":{"rendered":"<p><a href=\"https:\/\/blog.edu.turku.fi\/potkuri\/\" target=\"_blank\" rel=\"noopener\">PoTkuri-blogin<\/a> koulutuskalenterista l\u00f6yd\u00e4t Turun perusopetuksen henkil\u00f6kunnalle suunnatut ajankohtaiset koulutukset. Blogista l\u00f6ytyy my\u00f6s <a href=\"https:\/\/blog.edu.turku.fi\/paussi\/ohjeita-ja-lomakkeita-oman-osaamisen-kehittamiseen\/\" target=\"_blank\" rel=\"noopener\">ohjeita\u00a0<\/a><strong>konsultointiin<\/strong>, <strong>varjostamiseen<\/strong>, <strong>vertaismentorointiin<\/strong> ja <strong>ty\u00f6nohjaukseen.<\/strong><\/p>\n","protected":false},"excerpt":{"rendered":"<p>PoTkuri-blogin koulutuskalenterista l\u00f6yd\u00e4t Turun perusopetuksen henkil\u00f6kunnalle suunnatut ajankohtaiset koulutukset. Blogista l\u00f6ytyy my\u00f6s ohjeita\u00a0konsultointiin, varjostamiseen, vertaismentorointiin ja ty\u00f6nohjaukseen.<\/p>\n","protected":false},"author":9,"featured_media":0,"parent":0,"menu_order":40,"comment_status":"closed","ping_status":"closed","template":"","meta":{"footnotes":""},"class_list":["post-1477","page","type-page","status-publish","hentry"],"_links":{"self":[{"href":"https:\/\/blog.edu.turku.fi\/ops2016\/wp-json\/wp\/v2\/pages\/1477","targetHints":{"allow":["GET"]}}],"collection":[{"href":"https:\/\/blog.edu.turku.fi\/ops2016\/wp-json\/wp\/v2\/pages"}],"about":[{"href":"https:\/\/blog.edu.turku.fi\/ops2016\/wp-json\/wp\/v2\/types\/page"}],"author":[{"embeddable":true,"href":"https:\/\/blog.edu.turku.fi\/ops2016\/wp-json\/wp\/v2\/users\/9"}],"replies":[{"embeddable":true,"href":"https:\/\/blog.edu.turku.fi\/ops2016\/wp-json\/wp\/v2\/comments?post=1477"}],"version-history":[{"count":51,"href":"https:\/\/blog.edu.turku.fi\/ops2016\/wp-json\/wp\/v2\/pages\/1477\/revisions"}],"predecessor-version":[{"id":3484,"href":"https:\/\/blog.edu.turku.fi\/ops2016\/wp-json\/wp\/v2\/pages\/1477\/revisions\/3484"}],"wp:attachment":[{"href":"https:\/\/blog.edu.turku.fi\/ops2016\/wp-json\/wp\/v2\/media?parent=1477"}],"curies":[{"name":"wp","href":"https:\/\/api.w.org\/{rel}","templated":true}]}}