{"id":1246,"date":"2015-04-15T10:21:03","date_gmt":"2015-04-15T07:21:03","guid":{"rendered":"https:\/\/blog.edu.turku.fi\/ops2016\/?page_id=1246"},"modified":"2025-08-27T11:50:01","modified_gmt":"2025-08-27T08:50:01","slug":"paikalliset-suunnitelmat","status":"publish","type":"page","link":"https:\/\/blog.edu.turku.fi\/ops2016\/hyvaksytyt\/paikalliset-suunnitelmat\/","title":{"rendered":"Koulujen opetussuunnitelmat"},"content":{"rendered":"<p>&nbsp;<\/p>\n<ul>\n<li style=\"list-style-type: none\">\n<ul>\n<li><a href=\"https:\/\/blog.edu.turku.fi\/ops2016\/files\/2015\/04\/AUNELA-OPS-2016.pdf\" target=\"_blank\" rel=\"noopener\">AUNELA <\/a><\/li>\n<li><a href=\"https:\/\/blog.edu.turku.fi\/ops2016\/files\/2015\/04\/HAARLA-OPS-2016.pdf\" target=\"_blank\" rel=\"noopener noreferrer\">HAARLA<\/a><\/li>\n<li><a href=\"https:\/\/blog.edu.turku.fi\/ops2016\/files\/2015\/04\/HANNUNNIITTU-OPS-2016.pdf\" target=\"_blank\" rel=\"noopener noreferrer\">HANNUNNIITTU <\/a><\/li>\n<li><a href=\"https:\/\/blog.edu.turku.fi\/ops2016\/files\/2019\/10\/HEPOKULTA-OPS-2016.pdf\" target=\"_blank\" rel=\"noopener noreferrer\">HEPOKULTA <\/a><\/li>\n<li><a href=\"https:\/\/blog.edu.turku.fi\/ops2016\/files\/2015\/04\/ILPOINEN-OPS-2016.pdf\" target=\"_blank\" rel=\"noopener noreferrer\">ILPOINEN<\/a><\/li>\n<li><a href=\"https:\/\/blog.edu.turku.fi\/ops2016\/files\/2015\/04\/J\u00c4K\u00c4RL\u00c4-OPS-2016.pdf\" target=\"_blank\" rel=\"noopener\">J\u00c4K\u00c4RL\u00c4<\/a><\/li>\n<li><a href=\"https:\/\/blog.edu.turku.fi\/ops2016\/files\/2015\/04\/KATARIINA-OPS-2016.pdf\" target=\"_blank\" rel=\"noopener\">KATARIINA <\/a><\/li>\n<li><a href=\"https:\/\/blog.edu.turku.fi\/ops2016\/files\/2015\/04\/KIINAMYLLY-OPS-2016.pdf\" target=\"_blank\" rel=\"noopener noreferrer\">KIINAMYLLY<\/a><\/li>\n<li><a href=\"https:\/\/blog.edu.turku.fi\/ops2016\/files\/2015\/04\/K\u00c4H\u00c4RI-OPS-2016-1.pdf\" target=\"_blank\" rel=\"noopener noreferrer\">K\u00c4H\u00c4RI<\/a><\/li>\n<li><a href=\"https:\/\/blog.edu.turku.fi\/ops2016\/files\/2015\/04\/LAUSTE-OPS-2016.pdf\" target=\"_blank\" rel=\"noopener noreferrer\">LAUSTE<\/a><\/li>\n<li><a href=\"https:\/\/blog.edu.turku.fi\/ops2016\/files\/2015\/04\/LUOLAVUORI-OPS-2016.pdf\" target=\"_blank\" rel=\"noopener\">LUOLAVUORI <\/a><\/li>\n<li><a href=\"https:\/\/blog.edu.turku.fi\/ops2016\/files\/2015\/04\/LUOSTARIVUORI-OPS-2016.pdf\" target=\"_blank\" rel=\"noopener noreferrer\">LUOSTARIVUORI <\/a><\/li>\n<li><a href=\"https:\/\/blog.edu.turku.fi\/ops2016\/files\/2015\/04\/MIKAEL-OPS-2016.pdf\" target=\"_blank\" rel=\"noopener noreferrer\">MIKAEL<\/a><\/li>\n<li><a href=\"https:\/\/blog.edu.turku.fi\/ops2016\/files\/2015\/04\/NUMMENPAKKA-OPS-2016.pdf\" target=\"_blank\" rel=\"noopener noreferrer\">NUMMENPAKKA<\/a><\/li>\n<li><a href=\"https:\/\/blog.edu.turku.fi\/ops2016\/files\/2015\/04\/PAATTINEN-OPS-2016.pdf\" target=\"_blank\" rel=\"noopener noreferrer\">PAATTINEN<\/a><\/li>\n<li><a href=\"https:\/\/blog.edu.turku.fi\/ops2016\/files\/2015\/04\/PANSIO-OPS-2016.pdf\" target=\"_blank\" rel=\"noopener noreferrer\">PANSIO<\/a><\/li>\n<li><a href=\"https:\/\/blog.edu.turku.fi\/ops2016\/files\/2015\/04\/PUOLALA-OPS-2016.pdf\" target=\"_blank\" rel=\"noopener noreferrer\">PUOLALA <\/a><\/li>\n<li><a href=\"https:\/\/blog.edu.turku.fi\/ops2016\/files\/2015\/04\/PUROPELTO-OPS-2016.pdf\" target=\"_blank\" rel=\"noopener noreferrer\">PUROPELTO<\/a><\/li>\n<li><a href=\"https:\/\/blog.edu.turku.fi\/ops2016\/files\/2015\/04\/P\u00c4\u00c4SKYVUORI-OPS-2016.pdf\" target=\"_blank\" rel=\"noopener noreferrer\">P\u00c4\u00c4SKYVUORI<\/a><\/li>\n<li><a href=\"https:\/\/blog.edu.turku.fi\/ops2016\/files\/2015\/04\/RAUNISTULA-OPS-2016.pdf\" target=\"_blank\" rel=\"noopener\">RAUNISTULA <\/a><\/li>\n<li><a href=\"https:\/\/blog.edu.turku.fi\/ops2016\/files\/2015\/04\/RIESKAL\u00c4HDE-OPS-2016.pdf\" target=\"_blank\" rel=\"noopener noreferrer\">RIESKAL\u00c4HDE<\/a><\/li>\n<li><a href=\"https:\/\/blog.edu.turku.fi\/ops2016\/files\/2015\/04\/OPS_Syv\u00e4lahti-1.pdf\" target=\"_blank\" rel=\"noopener noreferrer\">SYV\u00c4LAHTI <\/a><\/li>\n<li><a href=\"https:\/\/blog.edu.turku.fi\/ops2016\/files\/2015\/04\/TER\u00c4SRAUTELA-OPS-2016.pdf\" target=\"_blank\" rel=\"noopener\">TER\u00c4SRAUTELA <\/a><\/li>\n<li><a href=\"https:\/\/blog.edu.turku.fi\/ops2016\/files\/2015\/04\/TOPELIUS-OPS-2016.pdf\" target=\"_blank\" rel=\"noopener noreferrer\">TOPELIUS<\/a><\/li>\n<li><a href=\"https:\/\/blog.edu.turku.fi\/ops2016\/files\/2015\/04\/TURUN-LYSEO-OPS-2016.pdf\" target=\"_blank\" rel=\"noopener noreferrer\">TURUN LYSEO<\/a><\/li>\n<li><a href=\"https:\/\/blog.edu.turku.fi\/ops2016\/files\/2015\/04\/VARISSUO-OPS-2016.pdf\" target=\"_blank\" rel=\"noopener noreferrer\">VARISSUO<\/a><\/li>\n<li><a href=\"https:\/\/blog.edu.turku.fi\/ops2016\/files\/2015\/04\/VASARAM\u00c4KI-OPS-2016.pdf\" target=\"_blank\" rel=\"noopener noreferrer\">VASARAM\u00c4KI<\/a><\/li>\n<li><a href=\"https:\/\/blog.edu.turku.fi\/ops2016\/files\/2015\/04\/V\u00c4H\u00c4-HEIKKIL\u00c4-OPS-2016.pdf\" target=\"_blank\" rel=\"noopener noreferrer\">V\u00c4H\u00c4-HEIKKIL\u00c4<\/a><\/li>\n<li><a href=\"https:\/\/blog.edu.turku.fi\/ops2016\/files\/2015\/04\/W\u00c4IN\u00d6-AALTONEN-OPS-2016.pdf\" target=\"_blank\" rel=\"noopener noreferrer\">W\u00c4IN\u00d6 AALTONEN<\/a><\/li>\n<li><a href=\"https:\/\/blog.edu.turku.fi\/ops2016\/files\/2015\/04\/OPS_Yli-Maaria-1.pdf\" target=\"_blank\" rel=\"noopener noreferrer\">YLI-MAARIA<\/a><\/li>\n<\/ul>\n<\/li>\n<\/ul>\n<p>&nbsp;<\/p>\n","protected":false},"excerpt":{"rendered":"<p>&nbsp; AUNELA HAARLA HANNUNNIITTU HEPOKULTA ILPOINEN J\u00c4K\u00c4RL\u00c4 KATARIINA KIINAMYLLY K\u00c4H\u00c4RI LAUSTE LUOLAVUORI LUOSTARIVUORI MIKAEL NUMMENPAKKA PAATTINEN PANSIO PUOLALA PUROPELTO P\u00c4\u00c4SKYVUORI RAUNISTULA RIESKAL\u00c4HDE SYV\u00c4LAHTI TER\u00c4SRAUTELA TOPELIUS TURUN LYSEO VARISSUO VASARAM\u00c4KI V\u00c4H\u00c4-HEIKKIL\u00c4 W\u00c4IN\u00d6 AALTONEN YLI-MAARIA &nbsp;<\/p>\n","protected":false},"author":16,"featured_media":0,"parent":279,"menu_order":2,"comment_status":"closed","ping_status":"closed","template":"","meta":{"footnotes":""},"class_list":["post-1246","page","type-page","status-publish","hentry"],"_links":{"self":[{"href":"https:\/\/blog.edu.turku.fi\/ops2016\/wp-json\/wp\/v2\/pages\/1246","targetHints":{"allow":["GET"]}}],"collection":[{"href":"https:\/\/blog.edu.turku.fi\/ops2016\/wp-json\/wp\/v2\/pages"}],"about":[{"href":"https:\/\/blog.edu.turku.fi\/ops2016\/wp-json\/wp\/v2\/types\/page"}],"author":[{"embeddable":true,"href":"https:\/\/blog.edu.turku.fi\/ops2016\/wp-json\/wp\/v2\/users\/16"}],"replies":[{"embeddable":true,"href":"https:\/\/blog.edu.turku.fi\/ops2016\/wp-json\/wp\/v2\/comments?post=1246"}],"version-history":[{"count":216,"href":"https:\/\/blog.edu.turku.fi\/ops2016\/wp-json\/wp\/v2\/pages\/1246\/revisions"}],"predecessor-version":[{"id":3589,"href":"https:\/\/blog.edu.turku.fi\/ops2016\/wp-json\/wp\/v2\/pages\/1246\/revisions\/3589"}],"up":[{"embeddable":true,"href":"https:\/\/blog.edu.turku.fi\/ops2016\/wp-json\/wp\/v2\/pages\/279"}],"wp:attachment":[{"href":"https:\/\/blog.edu.turku.fi\/ops2016\/wp-json\/wp\/v2\/media?parent=1246"}],"curies":[{"name":"wp","href":"https:\/\/api.w.org\/{rel}","templated":true}]}}