{"id":1072,"date":"2015-01-30T10:49:00","date_gmt":"2015-01-30T08:49:00","guid":{"rendered":"https:\/\/blog.edu.turku.fi\/ops2016\/?page_id=1072"},"modified":"2020-11-05T13:48:21","modified_gmt":"2020-11-05T11:48:21","slug":"oppilashuolto-opsit","status":"publish","type":"page","link":"https:\/\/blog.edu.turku.fi\/ops2016\/hyvaksytyt\/oppilashuolto-opsit\/","title":{"rendered":"Oppilashuolto-opsit"},"content":{"rendered":"<p><strong>Kuntakohtainen<\/strong> oppilashuolto-ops hyv\u00e4ksyttiin jaostossa 14.5.2014 <a href=\"https:\/\/blog.edu.turku.fi\/ops2016\/files\/2014\/05\/OH_OPS_14_Turku_VALMIS_hyv-14_5_14.pdf\">OH_OPS_14_Turku_VALMIS_hyv 14_5_14<\/a><\/p>\n<p>______________________________________________________________________<\/p>\n<p><strong>Koulujen<\/strong> oppilashuolto-opetussuunnitelmat hyv\u00e4ksyttiin jaostossa 18.6.2014<\/p>\n<p>Aunelan koulu <a href=\"https:\/\/blog.edu.turku.fi\/ops2016\/files\/2014\/04\/OH_OPS_14_Aun.docx\">OH_OPS_14_Aun<\/a><br \/>\nCygnaeus skola <a href=\"https:\/\/blog.edu.turku.fi\/ops2016\/files\/2015\/01\/Cygnaeus-skola.pdf\">Cygnaeus skola<\/a><br \/>\nHaarlan koulu <a href=\"https:\/\/blog.edu.turku.fi\/ops2016\/files\/2014\/04\/OH_OPS_14_Haa.docx\">OH_OPS_14_Haa<\/a><br \/>\nHannunniitun koulu\u00a0<a href=\"https:\/\/blog.edu.turku.fi\/ops2016\/files\/2015\/01\/Han_ops-luku-8_oppilashuolto_p\u00e4ivitetty-24-8-2016.pdf\">Han_ops luku 8_oppilashuolto_p\u00e4ivitetty 24 8 2016<\/a><br \/>\nHepokullan koulu <a href=\"https:\/\/blog.edu.turku.fi\/ops2016\/files\/2014\/04\/OH_OPS_14_Hep.docx\">OH_OPS_14_Hep<\/a><br \/>\nIlpoisten koulu <a href=\"https:\/\/blog.edu.turku.fi\/ops2016\/files\/2014\/04\/OH_OPS_14_Ilp.docx\">OH_OPS_14_Ilp<\/a><br \/>\nJ\u00e4k\u00e4rl\u00e4n koulu <a href=\"https:\/\/blog.edu.turku.fi\/ops2016\/files\/2014\/04\/OH_OPS_14_-J\u00e4k1.docx\">OH_OPS_14_ J\u00e4k<\/a><br \/>\nKatariinan koulu <a href=\"https:\/\/blog.edu.turku.fi\/ops2016\/files\/2014\/04\/OH_OPS_14_Kat.docx\">OH_OPS_14_Kat<\/a><br \/>\nKiinamyllyn koulu <a href=\"https:\/\/blog.edu.turku.fi\/ops2016\/files\/2014\/04\/OH_OPS_14_-Kii.docx\">OH_OPS_14_ Kii<\/a><br \/>\nK\u00e4h\u00e4rin koulu <a href=\"https:\/\/blog.edu.turku.fi\/ops2016\/files\/2014\/04\/OH_OPS_14_K\u00e4h1.docx\">OH_OPS_14_K\u00e4h<\/a><br \/>\nK\u00e4rs\u00e4m\u00e4en koulu <a href=\"https:\/\/blog.edu.turku.fi\/ops2016\/files\/2014\/04\/OH_OPS_14_K\u00e4r.docx\">OH_OPS_14_K\u00e4r<\/a><br \/>\nLausteen koulu <a href=\"https:\/\/blog.edu.turku.fi\/ops2016\/files\/2014\/04\/OH_OPS_14_Lau.docx\">OH_OPS_14_Lau<\/a><br \/>\nLuolavuoren koulu <a href=\"https:\/\/blog.edu.turku.fi\/ops2016\/files\/2014\/04\/OH_OPS_14_Luol1.docx\">OH_OPS_14_Luol<\/a><br \/>\nLuostarivuoren koulu <a href=\"https:\/\/blog.edu.turku.fi\/ops2016\/files\/2014\/04\/OH_OPS_14_-Luos.docx\">OH_OPS_14_ Luos<\/a><br \/>\nMikaelin koulu <a href=\"https:\/\/blog.edu.turku.fi\/ops2016\/files\/2014\/04\/OH_OPS_14_Mik.docx\">OH_OPS_14_Mik<\/a><br \/>\nMoision koulu\u00a0<a href=\"https:\/\/blog.edu.turku.fi\/ops2016\/files\/2015\/01\/OH_OPS_14_-Moi.docx\">OH_OPS_14_-Moi<\/a><br \/>\nNummenpakan koulu <a href=\"https:\/\/blog.edu.turku.fi\/ops2016\/files\/2014\/04\/OH_OPS_14_-Num.docx\">OH_OPS_14_ Num<\/a><br \/>\nPaattisten koulu <a href=\"https:\/\/blog.edu.turku.fi\/ops2016\/files\/2014\/04\/OH_OPS_14_Paa.docx\">OH_OPS_14_Paa<\/a><br \/>\nPansion koulu <a href=\"https:\/\/blog.edu.turku.fi\/ops2016\/files\/2014\/04\/OH_OPS_14_-Pan.docx\">OH_OPS_14_ Pan<br \/>\n<\/a>Puolalan koulu <a href=\"https:\/\/blog.edu.turku.fi\/ops2016\/files\/2014\/04\/OH_OPS_14_Puo.docx\">OH_OPS_14_Puo<\/a><br \/>\nPuropellon koulu <a href=\"https:\/\/blog.edu.turku.fi\/ops2016\/files\/2014\/04\/OH_OPS_14_Pur.docx\">OH_OPS_14_Pur<\/a><br \/>\nP\u00e4\u00e4skyvuoren koulu <a href=\"https:\/\/blog.edu.turku.fi\/ops2016\/files\/2014\/04\/OH_OPS_14_P\u00e4\u00e41.docx\">OH_OPS_14_P\u00e4\u00e4<\/a><br \/>\nRaunistulan koulu <a href=\"https:\/\/blog.edu.turku.fi\/ops2016\/files\/2014\/04\/OH_OPS_14_Rau.docx\">OH_OPS_14_Rau<\/a><br \/>\nRieskal\u00e4hteen koulu <a href=\"https:\/\/blog.edu.turku.fi\/ops2016\/files\/2014\/04\/OH_OPS_14_Rie.docx\">OH_OPS_14_Rie<\/a><br \/>\nRunosm\u00e4en koulu <a href=\"https:\/\/blog.edu.turku.fi\/ops2016\/files\/2014\/04\/OH_OPS_14_Run.docx\">OH_OPS_14_Run<\/a><br \/>\nSamppalinnan koulu <a href=\"https:\/\/blog.edu.turku.fi\/ops2016\/files\/2014\/04\/OH_OPS_14_Sam1.docx\">OH_OPS_14_Sam<\/a><br \/>\nSirkkala och Sirkkalabackens skola <a href=\"https:\/\/blog.edu.turku.fi\/ops2016\/files\/2014\/05\/Sirkkala-och-Sirkkalabackens-skola.pdf\">Sirkkala och Sirkkalabackens skola<\/a><br \/>\nS:t Olofsskolan <a href=\"https:\/\/blog.edu.turku.fi\/ops2016\/files\/2014\/05\/St-Olofsskolan.pdf\">St Olofsskolan<\/a><br \/>\nTer\u00e4srautelan koulu <a href=\"https:\/\/blog.edu.turku.fi\/ops2016\/files\/2014\/04\/OH_OPS_14_Ter.docx\">OH_OPS_14_Ter<\/a><br \/>\nTopeliuksen koulu <a href=\"https:\/\/blog.edu.turku.fi\/ops2016\/files\/2014\/04\/OH_OPS_14_Top1.docx\">OH_OPS_14_Top<\/a><br \/>\nTurun Lyseon koulu <a href=\"https:\/\/blog.edu.turku.fi\/ops2016\/files\/2014\/04\/OH_OPS_14_TLK.docx\">OH_OPS_14_TLK<\/a><br \/>\nVarissuon koulu <a href=\"https:\/\/blog.edu.turku.fi\/ops2016\/files\/2014\/04\/OH_OPS_14_Var1.docx\">OH_OPS_14_Var<\/a><br \/>\nVasaram\u00e4en koulu <a href=\"https:\/\/blog.edu.turku.fi\/ops2016\/files\/2014\/04\/OH_OPS_14_Vas1.docx\">OH_OPS_14_Vas<\/a><br \/>\nV\u00e4h\u00e4-Heikkil\u00e4n koulu <a href=\"https:\/\/blog.edu.turku.fi\/ops2016\/files\/2014\/04\/OH_OPS_14_V\u00e4h1.docx\">OH_OPS_14_V\u00e4h<\/a><br \/>\nW\u00e4in\u00f6 Aaltosen koulu <a href=\"https:\/\/blog.edu.turku.fi\/ops2016\/files\/2020\/11\/OH_OPS_Waino-Aaltonen_201105.pdf\" target=\"_blank\" rel=\"noopener noreferrer\">OH_OPS_14_WA<\/a><\/p>\n<p>______________________________________________________________________<\/p>\n<p><strong>Valmistavan opetuksen<\/strong> opetussuunnitelma p\u00e4ivitettiin 5.11.2014 liitt\u00e4m\u00e4ll\u00e4 vanhan oppilashuoltoluvun tilalle uudet <strong>oppilashuoltoa koskevat valtakunnalliset perusteet<\/strong> (luku 5.2).<\/p>\n<p><a href=\"https:\/\/blog.edu.turku.fi\/ops2016\/files\/2014\/05\/Valmistavan_opetuksen_ops_5-11-2014.pdf\">Valmistavan_opetuksen_ops_5 11 2014<\/a><\/p>\n<p>&nbsp;<\/p>\n","protected":false},"excerpt":{"rendered":"<p>Kuntakohtainen oppilashuolto-ops hyv\u00e4ksyttiin jaostossa 14.5.2014 OH_OPS_14_Turku_VALMIS_hyv 14_5_14 ______________________________________________________________________ Koulujen oppilashuolto-opetussuunnitelmat hyv\u00e4ksyttiin jaostossa 18.6.2014 Aunelan koulu OH_OPS_14_Aun Cygnaeus skola Cygnaeus skola Haarlan koulu OH_OPS_14_Haa Hannunniitun koulu\u00a0Han_ops luku 8_oppilashuolto_p\u00e4ivitetty 24 8 2016 Hepokullan koulu OH_OPS_14_Hep Ilpoisten koulu OH_OPS_14_Ilp J\u00e4k\u00e4rl\u00e4n koulu OH_OPS_14_ J\u00e4k Katariinan koulu OH_OPS_14_Kat Kiinamyllyn koulu OH_OPS_14_ Kii K\u00e4h\u00e4rin koulu OH_OPS_14_K\u00e4h K\u00e4rs\u00e4m\u00e4en koulu OH_OPS_14_K\u00e4r Lausteen koulu &hellip; <\/p>\n<p class=\"link-more\"><a href=\"https:\/\/blog.edu.turku.fi\/ops2016\/hyvaksytyt\/oppilashuolto-opsit\/\" class=\"more-link\">Jatka lukemista<span class=\"screen-reader-text\"> &#8221;Oppilashuolto-opsit&#8221;<\/span><\/a><\/p>\n","protected":false},"author":2561,"featured_media":0,"parent":279,"menu_order":3,"comment_status":"closed","ping_status":"closed","template":"","meta":{"footnotes":""},"class_list":["post-1072","page","type-page","status-publish","hentry"],"_links":{"self":[{"href":"https:\/\/blog.edu.turku.fi\/ops2016\/wp-json\/wp\/v2\/pages\/1072","targetHints":{"allow":["GET"]}}],"collection":[{"href":"https:\/\/blog.edu.turku.fi\/ops2016\/wp-json\/wp\/v2\/pages"}],"about":[{"href":"https:\/\/blog.edu.turku.fi\/ops2016\/wp-json\/wp\/v2\/types\/page"}],"author":[{"embeddable":true,"href":"https:\/\/blog.edu.turku.fi\/ops2016\/wp-json\/wp\/v2\/users\/2561"}],"replies":[{"embeddable":true,"href":"https:\/\/blog.edu.turku.fi\/ops2016\/wp-json\/wp\/v2\/comments?post=1072"}],"version-history":[{"count":19,"href":"https:\/\/blog.edu.turku.fi\/ops2016\/wp-json\/wp\/v2\/pages\/1072\/revisions"}],"predecessor-version":[{"id":3281,"href":"https:\/\/blog.edu.turku.fi\/ops2016\/wp-json\/wp\/v2\/pages\/1072\/revisions\/3281"}],"up":[{"embeddable":true,"href":"https:\/\/blog.edu.turku.fi\/ops2016\/wp-json\/wp\/v2\/pages\/279"}],"wp:attachment":[{"href":"https:\/\/blog.edu.turku.fi\/ops2016\/wp-json\/wp\/v2\/media?parent=1072"}],"curies":[{"name":"wp","href":"https:\/\/api.w.org\/{rel}","templated":true}]}}