{"id":81,"date":"2022-01-07T10:49:55","date_gmt":"2022-01-07T08:49:55","guid":{"rendered":"https:\/\/blog.edu.turku.fi\/oppimisentuki\/?page_id=81"},"modified":"2023-03-27T11:01:41","modified_gmt":"2023-03-27T08:01:41","slug":"tpr-koulutus","status":"publish","type":"page","link":"https:\/\/blog.edu.turku.fi\/oppimisentuki\/tpr-koulutus\/","title":{"rendered":"TPR-menetelm\u00e4koulutukset varhaiskasvatuksessa"},"content":{"rendered":"<p>&nbsp;<\/p>\n<p><img loading=\"lazy\" decoding=\"async\" class=\"alignnone size-medium wp-image-36\" src=\"https:\/\/blog.edu.turku.fi\/oppimisentuki\/files\/2022\/01\/Oppimisen-tuki-pikkukuva-1-288x243.jpg\" alt=\"\" width=\"288\" height=\"243\" \/><\/p>\n<h4><strong>\u00a0<\/strong><\/h4>\n<p><em>&#8221;Tutustutaan TPR-menetelm\u00e4\u00e4n (Total Physical Response), jota k\u00e4ytet\u00e4\u00e4n niiden oppilaiden kanssa, jotka ovat juuri tulleet maahan ja vasta opettelevat suomen kielt\u00e4.&#8221;<\/em><\/p>\n<p><strong>Koulutuspaikka<\/strong><\/p>\n<p>Varhaiskasvatuksen yksik\u00f6t<\/p>\n<p><strong>Ajankohta <\/strong><strong><br \/>\n<\/strong><\/p>\n<p>Kev\u00e4t 2023<\/p>\n<p>Lis\u00e4tietoa: tiina.vanhanen@turku.fi<\/p>\n<p>&nbsp;<\/p>\n<p>&nbsp;<\/p>\n","protected":false},"excerpt":{"rendered":"<p>&nbsp; \u00a0 &#8221;Tutustutaan TPR-menetelm\u00e4\u00e4n (Total Physical Response), jota k\u00e4ytet\u00e4\u00e4n niiden oppilaiden kanssa, jotka ovat juuri tulleet maahan ja vasta opettelevat suomen kielt\u00e4.&#8221; Koulutuspaikka Varhaiskasvatuksen yksik\u00f6t Ajankohta Kev\u00e4t 2023 Lis\u00e4tietoa: tiina.vanhanen@turku.fi &nbsp; &nbsp;<\/p>\n","protected":false},"author":3241,"featured_media":0,"parent":0,"menu_order":0,"comment_status":"closed","ping_status":"closed","template":"","meta":{"footnotes":""},"class_list":["post-81","page","type-page","status-publish","hentry","entry"],"_links":{"self":[{"href":"https:\/\/blog.edu.turku.fi\/oppimisentuki\/wp-json\/wp\/v2\/pages\/81","targetHints":{"allow":["GET"]}}],"collection":[{"href":"https:\/\/blog.edu.turku.fi\/oppimisentuki\/wp-json\/wp\/v2\/pages"}],"about":[{"href":"https:\/\/blog.edu.turku.fi\/oppimisentuki\/wp-json\/wp\/v2\/types\/page"}],"author":[{"embeddable":true,"href":"https:\/\/blog.edu.turku.fi\/oppimisentuki\/wp-json\/wp\/v2\/users\/3241"}],"replies":[{"embeddable":true,"href":"https:\/\/blog.edu.turku.fi\/oppimisentuki\/wp-json\/wp\/v2\/comments?post=81"}],"version-history":[{"count":21,"href":"https:\/\/blog.edu.turku.fi\/oppimisentuki\/wp-json\/wp\/v2\/pages\/81\/revisions"}],"predecessor-version":[{"id":289,"href":"https:\/\/blog.edu.turku.fi\/oppimisentuki\/wp-json\/wp\/v2\/pages\/81\/revisions\/289"}],"wp:attachment":[{"href":"https:\/\/blog.edu.turku.fi\/oppimisentuki\/wp-json\/wp\/v2\/media?parent=81"}],"curies":[{"name":"wp","href":"https:\/\/api.w.org\/{rel}","templated":true}]}}