{"id":8,"date":"2022-01-03T10:08:47","date_gmt":"2022-01-03T08:08:47","guid":{"rendered":"https:\/\/blog.edu.turku.fi\/oppimisentuki\/?page_id=8"},"modified":"2023-03-27T11:19:07","modified_gmt":"2023-03-27T08:19:07","slug":"sivu-1","status":"publish","type":"page","link":"https:\/\/blog.edu.turku.fi\/oppimisentuki\/sivu-1\/","title":{"rendered":"Aivot ja oppiminen -koulutus (mennyt)"},"content":{"rendered":"<h4><img loading=\"lazy\" decoding=\"async\" class=\"alignnone size-medium wp-image-36\" src=\"https:\/\/blog.edu.turku.fi\/oppimisentuki\/files\/2022\/01\/Oppimisen-tuki-pikkukuva-1-288x243.jpg\" alt=\"\" width=\"288\" height=\"243\" \/><\/h4>\n<h4><strong>\u00a0<\/strong><\/h4>\n<p><strong>\u201dOpettajille relevanttia kognitiiviseen neurotieteeseen\u00a0pohjautuvaa tietoa oppimisesta, muistista ja tarkkaavaisuudesta.\u00a0Tavoitteena, ett\u00e4 koulutuksen j\u00e4lkeen osataan ottaa nykytieto aivotutkimuksesta huomioon opetuksen suunnittelussa ja toteutuksessa.\u201d <\/strong><\/p>\n<p><strong>Koulutuspaikka<\/strong><\/p>\n<p>Lemmink\u00e4isenkatu 14-18B, 20520 Turku , Data-Cityn auditorio<\/p>\n<p><strong>Ajankohta ja kesto <\/strong><\/p>\n<p style=\"text-align: left\">26.4.2022 klo 10.00-15.30 <strong>esiopetuksen \u2013 3. luokan opettajille <\/strong>ja<\/p>\n<p style=\"text-align: left\">27.4.2022 klo 10.00-15.30 <strong>4.\u20139. luokan opettajille\u00a0<\/strong><\/p>\n<p><strong>P\u00e4iv\u00e4n kulku (sy\u00f6miset omakustanteisesti)<br \/>\n<\/strong><\/p>\n<p>10.00 \u2013 11.30 Oppiminen, muisti ja tarkkaavaisuus<\/p>\n<p>11.30-12.30 Lounastauko<\/p>\n<p>12.30-14.00 Aivojen hyvinvointi<\/p>\n<p>14.00-14.30 Tauko<\/p>\n<p>14.30-15.30 Musiikki oppimisen tukena<\/p>\n<p>15.30 P\u00e4iv\u00e4 p\u00e4\u00e4ttyy<\/p>\n<p><strong>Koulutuksen sis\u00e4lt\u00f6<\/strong><\/p>\n<p>Mit\u00e4 oppiminen ja muisti ovat kognitiivisen aivotutkimuksen n\u00e4k\u00f6kulmasta? Miten tarkkaavaisuus\u00a0tai tunteet vaikuttavat oppimiseen? Miten aivoja huolletaan? Koulutuksessa esitell\u00e4\u00e4n nykyist\u00e4\u00a0tieteellist\u00e4 tietoa mm. n\u00e4ist\u00e4 teemoista ja pohditaan yhdess\u00e4 keinoja hy\u00f6dynt\u00e4\u00e4 aivotutkimuksesta\u00a0saatavaa tietoa opetuksessa.<\/p>\n<p>Koulutukseen sis\u00e4ltyy teht\u00e4vien tekoa yksin tai ryhmiss\u00e4. Osallistujien toivotaan ottavan mukaan kannettava tietokone, p\u00e4din tai muu laite, jolla voi kirjoittaa Flinga-taululle.<\/p>\n<p><strong>Kouluttaja<\/strong><\/p>\n<p>Kouluttajana toimii Tanja Linnavalli. FT Linnavalli on kognitiotieteilij\u00e4 ja musiikkipedagogi, joka\u00a0ty\u00f6skentelee tutkijatohtorina Helsingin yliopiston Kasvatustieteellisess\u00e4 tiedekunnassa ja Musiikin,\u00a0mielen, kehon ja aivojen huippututkimusyksik\u00f6ss\u00e4. Kognitiivisen neurotieteen alan v\u00e4it\u00f6skirjassaan\u00a0(2019) Linnavalli tutki musiikkitoiminnan vaikutusta lasten kielenkehitykseen ja nykyisiss\u00e4\u00a0hankkeissa h\u00e4n keskittyy lasten kognitiiviseen ja sosioemotionaaliseen kehitykseen ja niiden\u00a0tukemiseen erilaisilla interventioilla.<\/p>\n<p><strong>Ilmoittautuminen<\/strong><\/p>\n<p>Turun kaupungin opettajat ilmoittautuvat sapin kautta. Koulutuksen nimi sapissa on Aivot ja oppiminen -koulutus opettajille. Koulutus l\u00f6ytyy parhaiten hakusanalla: aivot. Maskun, Laitilan ja Turun norssin opettajat ilmoittautuvat Webropolin ilmoittautumislomakkeen avulla (pyyd\u00e4 tarvittaessa s-postitse).<\/p>\n<p><strong>Lis\u00e4tietoa koulutuksesta<\/strong><\/p>\n<p>Tiina Vanhanen<br \/>\nprojektikoordinaattori<br \/>\ntiina.vanhanen@turku.fi<br \/>\np. 040 627 6402<\/p>\n<p>&nbsp;<\/p>\n<p>&nbsp;<\/p>\n<p>&nbsp;<\/p>\n","protected":false},"excerpt":{"rendered":"<p>\u00a0 \u201dOpettajille relevanttia kognitiiviseen neurotieteeseen\u00a0pohjautuvaa tietoa oppimisesta, muistista ja tarkkaavaisuudesta.\u00a0Tavoitteena, ett\u00e4 koulutuksen j\u00e4lkeen osataan ottaa nykytieto aivotutkimuksesta huomioon opetuksen suunnittelussa ja toteutuksessa.\u201d Koulutuspaikka Lemmink\u00e4isenkatu 14-18B, 20520 Turku , Data-Cityn auditorio Ajankohta ja kesto 26.4.2022 klo 10.00-15.30 esiopetuksen \u2013 3. luokan opettajille ja 27.4.2022 klo 10.00-15.30 4.\u20139. luokan opettajille\u00a0 P\u00e4iv\u00e4n kulku (sy\u00f6miset omakustanteisesti) 10.00 \u2013 11.30 &hellip; <\/p>\n<p class=\"link-more\"><a href=\"https:\/\/blog.edu.turku.fi\/oppimisentuki\/sivu-1\/\" class=\"more-link\">Jatka lukemista<span class=\"screen-reader-text\"> &#8221;Aivot ja oppiminen -koulutus (mennyt)&#8221;<\/span><\/a><\/p>\n","protected":false},"author":9,"featured_media":0,"parent":0,"menu_order":0,"comment_status":"closed","ping_status":"closed","template":"","meta":{"footnotes":""},"class_list":["post-8","page","type-page","status-publish","hentry","entry"],"_links":{"self":[{"href":"https:\/\/blog.edu.turku.fi\/oppimisentuki\/wp-json\/wp\/v2\/pages\/8","targetHints":{"allow":["GET"]}}],"collection":[{"href":"https:\/\/blog.edu.turku.fi\/oppimisentuki\/wp-json\/wp\/v2\/pages"}],"about":[{"href":"https:\/\/blog.edu.turku.fi\/oppimisentuki\/wp-json\/wp\/v2\/types\/page"}],"author":[{"embeddable":true,"href":"https:\/\/blog.edu.turku.fi\/oppimisentuki\/wp-json\/wp\/v2\/users\/9"}],"replies":[{"embeddable":true,"href":"https:\/\/blog.edu.turku.fi\/oppimisentuki\/wp-json\/wp\/v2\/comments?post=8"}],"version-history":[{"count":31,"href":"https:\/\/blog.edu.turku.fi\/oppimisentuki\/wp-json\/wp\/v2\/pages\/8\/revisions"}],"predecessor-version":[{"id":299,"href":"https:\/\/blog.edu.turku.fi\/oppimisentuki\/wp-json\/wp\/v2\/pages\/8\/revisions\/299"}],"wp:attachment":[{"href":"https:\/\/blog.edu.turku.fi\/oppimisentuki\/wp-json\/wp\/v2\/media?parent=8"}],"curies":[{"name":"wp","href":"https:\/\/api.w.org\/{rel}","templated":true}]}}