{"id":385,"date":"2023-09-18T10:09:42","date_gmt":"2023-09-18T07:09:42","guid":{"rendered":"https:\/\/blog.edu.turku.fi\/oppimisentuki\/?page_id=385"},"modified":"2023-09-18T10:11:23","modified_gmt":"2023-09-18T07:11:23","slug":"hyvinvoiva-opettaja-positiivisen-pedagogiikan-soveltajana-7-12-2023-2","status":"publish","type":"page","link":"https:\/\/blog.edu.turku.fi\/oppimisentuki\/hyvinvoiva-opettaja-positiivisen-pedagogiikan-soveltajana-7-12-2023-2\/","title":{"rendered":"Hyvinvoiva opettaja positiivisen pedagogiikan soveltajana 7.12.2023"},"content":{"rendered":"<p><strong>Aika: 7.12.2023 kello 8.30\u201315.30<\/strong><\/p>\n<p><strong>Paikka: TAI Lemmink\u00e4isenkadun koulutalon auditorio, Lemmink\u00e4isenkatu 18 D<\/strong><\/p>\n<p><strong>Ilmoittautumislinkki:<\/strong> <strong><a href=\"https:\/\/eur04.safelinks.protection.outlook.com\/?url=https%3A%2F%2Fwww.lyyti.in%2Fhyvinvoivaopettaja&amp;data=05%7C01%7C%7Cd7bc7b1451db44f2af9808dbb5c53c42%7C6c5e2c8ad3f04a0b965842502c73e17b%7C0%7C0%7C638303630952239948%7CUnknown%7CTWFpbGZsb3d8eyJWIjoiMC4wLjAwMDAiLCJQIjoiV2luMzIiLCJBTiI6Ik1haWwiLCJXVCI6Mn0%3D%7C3000%7C%7C%7C&amp;sdata=TZJkfGaqoxz8z7H%2BPUNiE3MrudG8v46elXmvRvDDFG0%3D&amp;reserved=0\">https:\/\/www.lyyti.in\/hyvinvoivaopettaja<\/a> <\/strong><\/p>\n<p><strong>Kenelle: Turun, Laitilan, Maskun ja Turun normaalikoulun henkil\u00f6st\u00f6lle<\/strong><\/p>\n<p><em>Koulutuksessa perehdyt\u00e4\u00e4n positiivisen psykologian teoriaan ja positiivisen pedagogiikan k\u00e4yt\u00e4nn\u00f6n menetelmiin opettajan hyvinvoinnin sek\u00e4 oppilaiden hyvinvoinnin edist\u00e4misen n\u00e4k\u00f6kulmasta. Koulutuskokonaisuuden tavoitteena on perehdytt\u00e4\u00e4 osallistujat syv\u00e4llisesti, osallistavasti ja innostavasti positiivisen pedagogiikan mahdollisuuksiin opettajan hyvinvoinnin edist\u00e4misess\u00e4, sek\u00e4 positiivisen pedagogiikan harjoitteiden ja tiedon hy\u00f6dynt\u00e4misess\u00e4 opetusty\u00f6ss\u00e4.\u00a0Koulutus tarjoaa selke\u00e4sti esitettyn\u00e4 ja konkreettisten esimerkkien kautta tietoa siit\u00e4 miten positiivisen pedagogiikan menetelm\u00e4t edist\u00e4v\u00e4t sek\u00e4 opettajan ett\u00e4 oppilaiden hyvinvointia ja oppimista.\u00a0Koulutuksessa avataan positiivisen pedagogiikan tutkittuja vaikutuksia sek\u00e4 kouluhyvinvointiin ett\u00e4 oppimistuloksiin ja koulutuksen aikana kokeillaan yhdess\u00e4 useita harjoituksia k\u00e4yt\u00e4nn\u00f6ss\u00e4. \u201dHyvinvoiva opettaja positiivisen pedagogiikan soveltajana\u201d\u00a0\u2013 koulutuskokonaisuus tarjoaa perusopetuksen luokanopettajille, aineenopettajille, erityisopettajille ja rehtoreille katsauksen positiivisen pedagogiikan opetuksen tutkimustaustaan erityisesti hyvinvoinnin ja oppimisen edist\u00e4misen\u00a0n\u00e4k\u00f6kulmasta. Koulutusp\u00e4iv\u00e4n aikana tehd\u00e4\u00e4n yksi pidempi palauttava rentoutumisharjoitus. Koulutusp\u00e4iv\u00e4 vahvistaa sek\u00e4 osallistujien omia hyvinvointitaitoja, ett\u00e4 oivalluttaa taitojen opettamisen t\u00e4rkeytt\u00e4 opetusalan ammattilaisille. Erityishuomiota tuodaan omaan ty\u00f6hyvinvoinnin vahvistamiseen my\u00f6t\u00e4tuntoisella l\u00e4sn\u00e4olotaitojen vahvistamisella, itsemy\u00f6t\u00e4tunnon, hyv\u00e4ksynn\u00e4n, sek\u00e4 my\u00f6nteisen hyv\u00e4n huomaamisen ja omien vahvuuksien avulla.\u00a0<\/em><\/p>\n<p><strong>Koulutusp\u00e4iv\u00e4n aikataulu:<\/strong><\/p>\n<p><strong>8.30 Aamukahvi<\/strong><\/p>\n<p><strong>9.00 Koulutus alkaa <\/strong><\/p>\n<p><strong>11.00\u201312.00 Lounas<\/strong><\/p>\n<p><strong>14.00\u201314.30 Iltap\u00e4iv\u00e4kahvi <\/strong><\/p>\n<p><strong>15.30 Koulutus p\u00e4\u00e4ttyy<\/strong><\/p>\n<p>&nbsp;<\/p>\n<p><strong>Kouluttajana Susanna Heikari<\/strong><\/p>\n<p>Kasvatustieteiden maisteri (KM), Positiivisen psykologian, positiivisen pedagogiikan ja laaja-alaisen hyvinvointiopetuksen kouluttaja ja asiantuntija, Digitaalisten oppimisymp\u00e4rist\u00f6jen ja tulevaisuuden oppimisen erityisasiantuntuija, Luokanopettaja, rehtori ja steinerpedagogi, Sertifioitu CFM -Mindfulnessohjaaja ja kouluttaja, Kaupunkien, koulujen ja eri koulutusyksik\u00f6iden hyvinvointiopetuksen ja hyvinvointijohtamisen rakenteiden kehitt\u00e4j\u00e4, Positive Education Oy:n koulutusohjelmajohtaja<\/p>\n<p>Koulutus on osa Esi- ja perusopetuksen oppimisen tuen kehitt\u00e4minen Varsinais-Suomessa hanketta, jota opetus- ja kulttuuriministeri\u00f6 rahoittaa.<\/p>\n<p>Lis\u00e4tietoja: <a href=\"mailto:tiina.vanhanen@turku.fi\">tiina.vanhanen@turku.fi<\/a><\/p>\n","protected":false},"excerpt":{"rendered":"<p>Aika: 7.12.2023 kello 8.30\u201315.30 Paikka: TAI Lemmink\u00e4isenkadun koulutalon auditorio, Lemmink\u00e4isenkatu 18 D Ilmoittautumislinkki: https:\/\/www.lyyti.in\/hyvinvoivaopettaja Kenelle: Turun, Laitilan, Maskun ja Turun normaalikoulun henkil\u00f6st\u00f6lle Koulutuksessa perehdyt\u00e4\u00e4n positiivisen psykologian teoriaan ja positiivisen pedagogiikan k\u00e4yt\u00e4nn\u00f6n menetelmiin opettajan hyvinvoinnin sek\u00e4 oppilaiden hyvinvoinnin edist\u00e4misen n\u00e4k\u00f6kulmasta. Koulutuskokonaisuuden tavoitteena on perehdytt\u00e4\u00e4 osallistujat syv\u00e4llisesti, osallistavasti ja innostavasti positiivisen pedagogiikan mahdollisuuksiin opettajan hyvinvoinnin edist\u00e4misess\u00e4, sek\u00e4 &hellip; <\/p>\n<p class=\"link-more\"><a href=\"https:\/\/blog.edu.turku.fi\/oppimisentuki\/hyvinvoiva-opettaja-positiivisen-pedagogiikan-soveltajana-7-12-2023-2\/\" class=\"more-link\">Jatka lukemista<span class=\"screen-reader-text\"> &#8221;Hyvinvoiva opettaja positiivisen pedagogiikan soveltajana 7.12.2023&#8221;<\/span><\/a><\/p>\n","protected":false},"author":3241,"featured_media":0,"parent":0,"menu_order":0,"comment_status":"closed","ping_status":"closed","template":"","meta":{"footnotes":""},"class_list":["post-385","page","type-page","status-publish","hentry","entry"],"_links":{"self":[{"href":"https:\/\/blog.edu.turku.fi\/oppimisentuki\/wp-json\/wp\/v2\/pages\/385","targetHints":{"allow":["GET"]}}],"collection":[{"href":"https:\/\/blog.edu.turku.fi\/oppimisentuki\/wp-json\/wp\/v2\/pages"}],"about":[{"href":"https:\/\/blog.edu.turku.fi\/oppimisentuki\/wp-json\/wp\/v2\/types\/page"}],"author":[{"embeddable":true,"href":"https:\/\/blog.edu.turku.fi\/oppimisentuki\/wp-json\/wp\/v2\/users\/3241"}],"replies":[{"embeddable":true,"href":"https:\/\/blog.edu.turku.fi\/oppimisentuki\/wp-json\/wp\/v2\/comments?post=385"}],"version-history":[{"count":4,"href":"https:\/\/blog.edu.turku.fi\/oppimisentuki\/wp-json\/wp\/v2\/pages\/385\/revisions"}],"predecessor-version":[{"id":390,"href":"https:\/\/blog.edu.turku.fi\/oppimisentuki\/wp-json\/wp\/v2\/pages\/385\/revisions\/390"}],"wp:attachment":[{"href":"https:\/\/blog.edu.turku.fi\/oppimisentuki\/wp-json\/wp\/v2\/media?parent=385"}],"curies":[{"name":"wp","href":"https:\/\/api.w.org\/{rel}","templated":true}]}}