{"id":368,"date":"2023-09-07T08:55:17","date_gmt":"2023-09-07T05:55:17","guid":{"rendered":"https:\/\/blog.edu.turku.fi\/oppimisentuki\/?page_id=368"},"modified":"2023-10-25T11:24:25","modified_gmt":"2023-10-25T08:24:25","slug":"aistiesteettomyys","status":"publish","type":"page","link":"https:\/\/blog.edu.turku.fi\/oppimisentuki\/aistiesteettomyys\/","title":{"rendered":"Aistiesteett\u00f6myys"},"content":{"rendered":"<p>Esi- ja perusopetuksen oppimisen tuen kehitt\u00e4minen -hankkeessa edistet\u00e4\u00e4n aistiesteett\u00f6myysasioita muun muassa seuraavin keinoin:<\/p>\n<ol>\n<li>Aistiesteett\u00f6myyskoulutusten j\u00e4rjest\u00e4minen kasvatuksen ja opetuksen henkil\u00f6kunnalle ja johdolle.<\/li>\n<li>Aistiesteett\u00f6myys osaksi Turun tuen strategiaa <a href=\"https:\/\/www.turku.fi\/uutinen\/2023-01-04_uusi-oppilaan-tuen-strategia-nostaa-keskioon-lahikouluperiaatteen-ja-oikea\">https:\/\/www.turku.fi\/uutinen\/2023-01-04_uusi-oppilaan-tuen-strategia-nostaa-keskioon-lahikouluperiaatteen-ja-oikea<\/a><\/li>\n<li>Turun kaupungin aistiesteett\u00f6myysohjeistuksen luominen osaksi esteett\u00f6myysojeistusta.<\/li>\n<li>Aistiesteett\u00f6myysasioiden nosto Turun oppimisen tuen palvelusivustolle<\/li>\n<li>Aistim\u00f6kki Puropellon kouluun <a href=\"https:\/\/www.turku.fi\/uutinen\/2023-08-23_hyvinvointia-ja-oppimista-tukevassa-oppimisymparistossa-huomioidaan\">https:\/\/www.turku.fi\/uutinen\/2023-08-23_hyvinvointia-ja-oppimista-tukevassa-oppimisymparistossa-huomioidaan<\/a><\/li>\n<li>Aistiesteett\u00f6myysasioiden nostaminen esiin ja tietoisuuden levitt\u00e4minen asiasta <a href=\"https:\/\/yle.fi\/a\/74-20054966\">https:\/\/yle.fi\/a\/74-20054966<\/a><\/li>\n<\/ol>\n<p>&nbsp;<\/p>\n<p>&nbsp;<\/p>\n<p>&nbsp;<\/p>\n<p>&nbsp;<\/p>\n","protected":false},"excerpt":{"rendered":"<p>Esi- ja perusopetuksen oppimisen tuen kehitt\u00e4minen -hankkeessa edistet\u00e4\u00e4n aistiesteett\u00f6myysasioita muun muassa seuraavin keinoin: Aistiesteett\u00f6myyskoulutusten j\u00e4rjest\u00e4minen kasvatuksen ja opetuksen henkil\u00f6kunnalle ja johdolle. Aistiesteett\u00f6myys osaksi Turun tuen strategiaa https:\/\/www.turku.fi\/uutinen\/2023-01-04_uusi-oppilaan-tuen-strategia-nostaa-keskioon-lahikouluperiaatteen-ja-oikea Turun kaupungin aistiesteett\u00f6myysohjeistuksen luominen osaksi esteett\u00f6myysojeistusta. Aistiesteett\u00f6myysasioiden nosto Turun oppimisen tuen palvelusivustolle Aistim\u00f6kki Puropellon kouluun https:\/\/www.turku.fi\/uutinen\/2023-08-23_hyvinvointia-ja-oppimista-tukevassa-oppimisymparistossa-huomioidaan Aistiesteett\u00f6myysasioiden nostaminen esiin ja tietoisuuden levitt\u00e4minen asiasta https:\/\/yle.fi\/a\/74-20054966 &nbsp; &nbsp; &nbsp; &nbsp;<\/p>\n","protected":false},"author":3241,"featured_media":0,"parent":0,"menu_order":0,"comment_status":"closed","ping_status":"closed","template":"","meta":{"footnotes":""},"class_list":["post-368","page","type-page","status-publish","hentry","entry"],"_links":{"self":[{"href":"https:\/\/blog.edu.turku.fi\/oppimisentuki\/wp-json\/wp\/v2\/pages\/368","targetHints":{"allow":["GET"]}}],"collection":[{"href":"https:\/\/blog.edu.turku.fi\/oppimisentuki\/wp-json\/wp\/v2\/pages"}],"about":[{"href":"https:\/\/blog.edu.turku.fi\/oppimisentuki\/wp-json\/wp\/v2\/types\/page"}],"author":[{"embeddable":true,"href":"https:\/\/blog.edu.turku.fi\/oppimisentuki\/wp-json\/wp\/v2\/users\/3241"}],"replies":[{"embeddable":true,"href":"https:\/\/blog.edu.turku.fi\/oppimisentuki\/wp-json\/wp\/v2\/comments?post=368"}],"version-history":[{"count":4,"href":"https:\/\/blog.edu.turku.fi\/oppimisentuki\/wp-json\/wp\/v2\/pages\/368\/revisions"}],"predecessor-version":[{"id":399,"href":"https:\/\/blog.edu.turku.fi\/oppimisentuki\/wp-json\/wp\/v2\/pages\/368\/revisions\/399"}],"wp:attachment":[{"href":"https:\/\/blog.edu.turku.fi\/oppimisentuki\/wp-json\/wp\/v2\/media?parent=368"}],"curies":[{"name":"wp","href":"https:\/\/api.w.org\/{rel}","templated":true}]}}