{"id":361,"date":"2023-08-29T08:16:41","date_gmt":"2023-08-29T05:16:41","guid":{"rendered":"https:\/\/blog.edu.turku.fi\/oppimisentuki\/?page_id=361"},"modified":"2023-11-08T11:56:41","modified_gmt":"2023-11-08T09:56:41","slug":"yhdenvertainen-koulupolku","status":"publish","type":"page","link":"https:\/\/blog.edu.turku.fi\/oppimisentuki\/yhdenvertainen-koulupolku\/","title":{"rendered":"YHDENVERTAINEN KOULUPOLKU 4.12.2023"},"content":{"rendered":"<p><strong>Oppimisen ja koulunk\u00e4ynnin tuen kehitt\u00e4minen varhaiskasvatuksessa ja perusopetuksessa<\/strong><\/p>\n<p><em>Miten turvataan oikea-aikainen ja riitt\u00e4v\u00e4 tuki jokaiselle oppilaalle? Kuinka taataan tuen jatkumo varhaiskasvatuksesta toiselle asteelle? Miten koulujen eriytymiseen puututaan ja kuinka kaikille lapsille ja nuorille luodaan tasa-arvoiset oppimisen edellytykset tuen tarpeesta, kotikielest\u00e4, perhetaustasta tai asuinpaikasta riippumatta? <\/em><\/p>\n<p>Tervetuloa kuuntelemaan ajankohtaisesta kehitt\u00e4misty\u00f6st\u00e4 Turun kasvatuksessa ja opetuksessa. P\u00e4iv\u00e4n ohjelmassa esitell\u00e4\u00e4n opetus- ja kulttuuriministeri\u00f6n ja Opetushallituksen rahoittamissa projekteissa tehty\u00e4 ty\u00f6t\u00e4 oppimisen ja koulunk\u00e4ynnin tuen kehitt\u00e4miseksi. Mukana p\u00e4iv\u00e4ss\u00e4 my\u00f6s Turun Ty\u00f6piste uusilla aistituotteillaan. Ilmoittaudu osoitteessa <a href=\"https:\/\/www.lyyti.in\/Yhdenvertainenkoulupolku\">https:\/\/www.lyyti.in\/Yhdenvertainenkoulupolku<\/a>.<\/p>\n<p><strong>Aika: \u00a0\u00a0\u00a0\u00a0\u00a0\u00a0\u00a0\u00a0 <\/strong>Maanantai 4.12.2023 kello 8.30\u201315.00<\/p>\n<p><strong>Paikka: \u00a0\u00a0\u00a0\u00a0\u00a0 <\/strong>TAI Turun ammatti-instituutin Lemmink\u00e4isenkadun koulutalo (Lemmink\u00e4isenkatu 18 D, auditorio)<\/p>\n<p><strong>Ohjelma:<\/strong><\/p>\n<p>8.30 \u00a0\u00a0\u00a0\u00a0\u00a0\u00a0\u00a0\u00a0\u00a0\u00a0 <strong>Aamukahvit <\/strong><\/p>\n<p>9.00 \u00a0\u00a0\u00a0\u00a0\u00a0\u00a0\u00a0\u00a0\u00a0\u00a0 <strong>Tilaisuuden alkusanat, <\/strong>kehitt\u00e4misp\u00e4\u00e4llikk\u00f6<em> Jaana Kilpinen<\/em><\/p>\n<p>9.15 \u00a0\u00a0\u00a0\u00a0\u00a0\u00a0\u00a0\u00a0\u00a0\u00a0 <strong>Koulusegregaation v\u00e4hent\u00e4minen Turussa, <\/strong>projektip\u00e4\u00e4llikk\u00f6 <em>Emil Kusnetsoff<\/em><\/p>\n<p>9.35\u00a0\u00a0\u00a0\u00a0\u00a0\u00a0\u00a0\u00a0\u00a0\u00a0\u00a0 Monikielisten oppilaiden koulupolkujen sujuvoittaminen<strong>, <\/strong>suunnittelija <em>Annika Rae<\/em><\/p>\n<p>10.00 \u00a0\u00a0\u00a0\u00a0\u00a0\u00a0\u00a0\u00a0 <strong>Varhaiskasvatuksen tuen uudistus, <\/strong>varhaiskasvatuksen erityispalvelup\u00e4\u00e4llikk\u00f6 <em>Jarna Peltonen<\/em><\/p>\n<p>10.30 \u00a0\u00a0\u00a0\u00a0\u00a0\u00a0\u00a0\u00a0 <strong>Neuropsykiatrisesti oireilevien oppilaiden tuen kehitt\u00e4minen Turun perusopetuksessa, <\/strong>projektikoordinaattori <em>Tiina Vanhanen<\/em><\/p>\n<p>11.00 \u00a0\u00a0\u00a0\u00a0\u00a0\u00a0\u00a0\u00a0 <strong>Lounas <\/strong><\/p>\n<p>12.00 \u00a0\u00a0\u00a0\u00a0\u00a0\u00a0\u00a0\u00a0 <strong>Turun koulupoissaolomalli ja poissaolotilastot, <\/strong>projektikoordinaattori <em>Virpi M\u00e4kinen<\/em><\/p>\n<p>12.30 \u00a0\u00a0\u00a0\u00a0\u00a0\u00a0\u00a0\u00a0 <strong>Sairaalakoulun konsultaatiot, <\/strong>koulunjohtaja <em>Niina Ekqvist<\/em><\/p>\n<p>13.00 \u00a0\u00a0\u00a0\u00a0\u00a0\u00a0\u00a0\u00a0 <strong>Iltap\u00e4iv\u00e4kahvit\u00a0\u00a0\u00a0 <\/strong><\/p>\n<p>13.30 \u00a0\u00a0\u00a0\u00a0\u00a0\u00a0\u00a0\u00a0 <strong>Oppimisen tuen palvelusivusto -ty\u00f6v\u00e4line varhaiskasvatuksesta toiselle asteelle, <\/strong>projektikoordinaattorit <em>Elina Sandelin ja Tiina Vanhanen<\/em>, suunnittelija <em>Maarit Lamminniemi<\/em><\/p>\n<p>14.15\u00a0\u00a0\u00a0\u00a0\u00a0\u00a0\u00a0\u00a0\u00a0 <strong>Keskustelua ja loppusanat, <\/strong>hankep\u00e4\u00e4llikk\u00f6 <em>Niina Salonen<\/em> ja perusopetuksen palvelup\u00e4\u00e4llikk\u00f6 <em>Krista Lahtinen <\/em><\/p>\n<p>&nbsp;<\/p>\n<p>Tilaisuuden j\u00e4rjest\u00e4j\u00e4\u00e4 opetus- ja kulttuuriministeri\u00f6n rahoittama esi- ja perusopetuksen oppimisen tuen kehitt\u00e4minen -hanke, jota Turun kaupunki hallinnoi.<\/p>\n<p>Lis\u00e4tietoja <a href=\"mailto:tiina.vanhanen@turku.fi\">tiina.vanhanen@turku.fi<\/a> (projektikoordinaattori)<\/p>\n<p>&nbsp;<\/p>\n","protected":false},"excerpt":{"rendered":"<p>Oppimisen ja koulunk\u00e4ynnin tuen kehitt\u00e4minen varhaiskasvatuksessa ja perusopetuksessa Miten turvataan oikea-aikainen ja riitt\u00e4v\u00e4 tuki jokaiselle oppilaalle? Kuinka taataan tuen jatkumo varhaiskasvatuksesta toiselle asteelle? Miten koulujen eriytymiseen puututaan ja kuinka kaikille lapsille ja nuorille luodaan tasa-arvoiset oppimisen edellytykset tuen tarpeesta, kotikielest\u00e4, perhetaustasta tai asuinpaikasta riippumatta? Tervetuloa kuuntelemaan ajankohtaisesta kehitt\u00e4misty\u00f6st\u00e4 Turun kasvatuksessa ja opetuksessa. P\u00e4iv\u00e4n ohjelmassa esitell\u00e4\u00e4n &hellip; <\/p>\n<p class=\"link-more\"><a href=\"https:\/\/blog.edu.turku.fi\/oppimisentuki\/yhdenvertainen-koulupolku\/\" class=\"more-link\">Jatka lukemista<span class=\"screen-reader-text\"> &#8221;YHDENVERTAINEN KOULUPOLKU 4.12.2023&#8221;<\/span><\/a><\/p>\n","protected":false},"author":3241,"featured_media":0,"parent":0,"menu_order":0,"comment_status":"closed","ping_status":"closed","template":"","meta":{"footnotes":""},"class_list":["post-361","page","type-page","status-publish","hentry","entry"],"_links":{"self":[{"href":"https:\/\/blog.edu.turku.fi\/oppimisentuki\/wp-json\/wp\/v2\/pages\/361","targetHints":{"allow":["GET"]}}],"collection":[{"href":"https:\/\/blog.edu.turku.fi\/oppimisentuki\/wp-json\/wp\/v2\/pages"}],"about":[{"href":"https:\/\/blog.edu.turku.fi\/oppimisentuki\/wp-json\/wp\/v2\/types\/page"}],"author":[{"embeddable":true,"href":"https:\/\/blog.edu.turku.fi\/oppimisentuki\/wp-json\/wp\/v2\/users\/3241"}],"replies":[{"embeddable":true,"href":"https:\/\/blog.edu.turku.fi\/oppimisentuki\/wp-json\/wp\/v2\/comments?post=361"}],"version-history":[{"count":9,"href":"https:\/\/blog.edu.turku.fi\/oppimisentuki\/wp-json\/wp\/v2\/pages\/361\/revisions"}],"predecessor-version":[{"id":404,"href":"https:\/\/blog.edu.turku.fi\/oppimisentuki\/wp-json\/wp\/v2\/pages\/361\/revisions\/404"}],"wp:attachment":[{"href":"https:\/\/blog.edu.turku.fi\/oppimisentuki\/wp-json\/wp\/v2\/media?parent=361"}],"curies":[{"name":"wp","href":"https:\/\/api.w.org\/{rel}","templated":true}]}}