{"id":282,"date":"2023-03-27T10:59:13","date_gmt":"2023-03-27T07:59:13","guid":{"rendered":"https:\/\/blog.edu.turku.fi\/oppimisentuki\/?page_id=282"},"modified":"2023-10-13T10:36:50","modified_gmt":"2023-10-13T07:36:50","slug":"inkluusion-johtaminen-yhteenkuuluvuutta-rakentamassa-syksy-2023","status":"publish","type":"page","link":"https:\/\/blog.edu.turku.fi\/oppimisentuki\/inkluusion-johtaminen-yhteenkuuluvuutta-rakentamassa-syksy-2023\/","title":{"rendered":"Inkluusion johtaminen \u2013 aamuwebinaarit (mennyt, tallenteet saatavilla kysym\u00e4ll\u00e4)"},"content":{"rendered":"<p>Webinaarisarja:<\/p>\n<p><strong>Perjantai 8.9 klo 9\u201311 <\/strong><\/p>\n<p><strong>Torstai 14.9. klo 9\u201310.30<\/strong><\/p>\n<p><strong>Perjantai 29.9 klo 9\u201311<\/strong><\/p>\n<p><strong>Keskiviikko 11.10 klo 9\u201310.30<\/strong><\/p>\n<p>Koulutuskokonaisuuden tavoitteena on tarjota tutkittua tietoa p\u00e4\u00e4t\u00f6ksenteon tueksi, kun kyseess\u00e4 on perusopetuksen kehitt\u00e4minen inklusiivisten periaatteiden mukaisesti. Koulutus suunnataan perusopetuksen johdolle, rehtoreille ja suunnittelijoille, jotka j\u00e4rjest\u00e4v\u00e4t ja kehitt\u00e4v\u00e4t perusopetusta ja sek\u00e4 kunnallisille luottamustoimenhaltijoille, jotka tekev\u00e4t kasvatusta ja opetusta koskevia p\u00e4\u00e4t\u00f6ksi\u00e4. Webinaarisarjassa (4 kpl parin tunnin mittaisia talletettavia tilaisuuksia) pureudutaan inkluusioon, perusopetuksen inklusiivisuuden lakeihin ja sopimuksiin ja k\u00e4yd\u00e4\u00e4n l\u00e4pi inklusiivisuuden perustelut ja merkitys. Webinaareissa k\u00e4sitell\u00e4\u00e4n my\u00f6s sit\u00e4, miten hallinnon ja johdon toimilla tuetaan inklusiivisten periaatteiden toteutumista ja miten toimilla ja p\u00e4\u00e4t\u00f6ksill\u00e4 mahdollistetaan koulujen inklusiivinen toiminta. Osallistujat kuulevat tuoretta tutkimustietoa my\u00f6s inklusiivisen koulun johtamisesta rehtoreiden n\u00e4k\u00f6kulmasta, oppimisen tuen<br \/>\ntoteuttamisesta koulussa ja inklusiivisen koulun toimintamalleista.<\/p>\n<p><strong>Koulutuspaikka ja aikataulu: Webinaarikoulutus Teamsissa\/Zoomissa.<\/strong><\/p>\n<p><strong><span style=\"color: #993366\">Ilmoittautuminen webinaarikokonaisuuteen:<\/span> <a href=\"https:\/\/www.lyyti.in\/Inkluusion_johtaminen_2953\">https:\/\/www.lyyti.in\/Inkluusion_johtaminen_2953<\/a><\/strong><\/p>\n<p><strong>Itse webinaarilinkit l\u00e4hetet\u00e4\u00e4n ilmoittautuneille l\u00e4hemp\u00e4n\u00e4 ajankohtaa.<br \/>\n<\/strong><\/p>\n<ol>\n<li>Yhteenkuuluvuutta rakentamassa \u2013 mit\u00e4 on inkluusio? 2 h &#8211;<strong> perjantai 8.9 klo 9\u201311 \u2013Lotta Uusitalo &#8211; <\/strong><\/li>\n<\/ol>\n<p>Aloituswebinaarissa pureudutaan suoraan inkluusion ytimeen. Mit\u00e4 inkluusio tarkoittaa ja miten se m\u00e4\u00e4ritell\u00e4\u00e4n? Miten lait ja sopimukset m\u00e4\u00e4rittelev\u00e4t inkluusion perusopetuksessa? Inkluusio-k\u00e4site on h\u00e4m\u00e4rtynyt koskemaan integraatiota. Usein viel\u00e4 ep\u00e4onnistunutta sellaista. Inkluusio tarkoittaa kuitenkin kaikkien mahdollisuutta yhteenkuuluvuuteen. Se ei ole valintakysymys, vaan velvoite, johon Suomi on kansainv\u00e4lisin sopimuksin sitoutunut.<\/p>\n<p>Puheenvuorossa avataan inkluusiota, sen k\u00e4sitett\u00e4 ja sit\u00e4, miten inklusiivisuus tulee huomioida lakien ja sopimusten osalta. Kuinka johtaa muutosta ja tukea koko ty\u00f6yhteis\u00f6\u00e4 onnistumaan? Uusitalo valottaa inklusiivisuuden perustelut ja merkityksen positiivisen psykologian kautta: t\u00e4m\u00e4 on puheenvuoro inklusiivisuuden puolesta, innostukseksi kuulijoille.<\/p>\n<p>Kouluttaja: FT, vanhempi yliopistolehtori Lotta Uusitalo<\/p>\n<ol start=\"2\">\n<li>Inklusiivisuuden periaatteiden mukainen toiminta -webinaari 1,5 h \u2013<strong>torstai 14.9. klo 9\u201310.30 \u2013 Tapio Lahtero &#8211;\u00a0<\/strong><\/li>\n<\/ol>\n<p>Toisen webinaarin teemoja ovat, mit\u00e4 tulee huomioida ja konkreettisesti tehd\u00e4 kunnan sivistystoimen hallinnossa ja johdossa, jotta inklusiivisten periaatteiden mukainen toiminta toteutuu ja jotta toimilla ja p\u00e4\u00e4t\u00f6ksill\u00e4 mahdollistettaisiin koulujen inklusiivinen toiminta.<\/p>\n<p>Inkluusion johtaminen on ihmisten johtamista sek\u00e4 vastuun kantamista ja jakamista kou-lutusj\u00e4rjestelm\u00e4n jokaisella johtamisen tasolla. Merkityksellisiksi nousevat my\u00f6s arvojohtaminen ja strateginen johtaminen.<\/p>\n<p>Kouluttaja: Helsingin Normaalikoulun ja Normaalilyseon vastaava rehtori KT Tapio Lahtero<\/p>\n<ol start=\"3\">\n<li>Tuen toteuttaminen inklusiivisessa koulussa -webinaari 2 h \u2013<strong>perjantai 29.9 klo 9\u201311 \u2013 Birgit Paju &#8211; <\/strong><\/li>\n<\/ol>\n<p>Kolmannessa webinaarissa syvennyt\u00e4\u00e4n oppimisen tuen toteuttamiseen inklusiivisessa koulussa sek\u00e4 k\u00e4yd\u00e4\u00e4n l\u00e4pi inklusiivisen koulun erilaisia toimintamalleja. Birgit Paju on tutkinut Helsingin yliopiston kasvatustieteellisess\u00e4 tiedekunnassa v\u00e4it\u00f6ksess\u00e4\u00e4n opetushenkil\u00f6st\u00f6n k\u00e4sityksi\u00e4 siit\u00e4, miten he kykenev\u00e4t opettamaan erityisen tuen oppilaita, mit\u00e4 ristiriitoja he kokevat ja millaista yhteisty\u00f6t\u00e4 opetuksessa esiintyy. Tulosten pohjalta Paju esittelee puheenvuorossaan my\u00f6s inklusiivisen opetuksen kehitt\u00e4misen mallin, joka ohjaa opetushenkil\u00f6st\u00f6\u00e4 k\u00e4sittelem\u00e4\u00e4n koettuja ristiriitoja.<\/p>\n<p>Kouluttaja: rehtori, erityisopettaja, KT Birgit Paju<\/p>\n<ol start=\"4\">\n<li>Rehtori inkluusiota johtamassa -webinaari 1,5 h \u2013<strong>keskiviikko 11.10 klo 9\u201310.30 \u2013 Raisa Ahtiainen &#8211; <\/strong><\/li>\n<\/ol>\n<p>Viimeisess\u00e4 webinaarissa valotetaan inklusiivisen koulun johtamista rehtoreiden n\u00e4k\u00f6kulmasta. Keskustelemme siit\u00e4, mill\u00e4 konkreettisilla toimilla esihenkil\u00f6t mahdollistavat henkil\u00f6kunnalleen inklusiivisten periaatteiden mukaisen toiminnan. Inkluusion johtaminen voi olla haastavaa, jos totutuista toimintatavoista luopuminen her\u00e4tt\u00e4\u00e4 vastarintaa. Muutoksen kyseenalaistamisesta voi kuitenkin olla my\u00f6s hy\u00f6ty\u00e4, jos sen ansiosta syntyy hyv\u00e4\u00e4 keskustelua ja asiaa saadaan k\u00e4sitelty\u00e4 rakentavasti ja keskustelu toimii osana yhdess\u00e4 kehitt\u00e4misen prosessia. Johtaja voidaan n\u00e4hd\u00e4 moraalisena suunnann\u00e4ytt\u00e4j\u00e4n\u00e4, joka osoittaa teoillaan ja puheellaan, miten tulisi toimia. Lis\u00e4ksi inkluusion johtamisessa on t\u00e4rke\u00e4\u00e4 osata johtaa muutosta ja luoda osallistavaa, inkluusion arvoihin perustuvaa toimintakulttuuria dialogin kautta.<\/p>\n<p>Kouluttaja: Yliopistonlehtori, dosentti KT Raisa Ahtiainen<\/p>\n<p>&nbsp;<\/p>\n<p><strong>HUOM! Turun kaupungin ty\u00f6ntekij\u00e4t merkitsev\u00e4t Lyyti-ilmoittautumisen lis\u00e4ksi osallistumisensa SAP HR itsepalveluportaaliin, josta koulutuskokonaisuus l\u00f6ytyy hakusanalla: hallinto. Koulutuskokonaisuudesta l\u00f6ytyy nelj\u00e4n koulutusaamun p\u00e4iv\u00e4m\u00e4\u00e4r\u00e4t ja osallistujat merkitsev\u00e4t osallistumisensa kuhunkin erikseen viimeist\u00e4\u00e4n kolme p\u00e4iv\u00e4\u00e4 ennen itse koulutusta. <\/strong><\/p>\n<p><strong>Mik\u00e4li osallistuja katsoo koulutuskokonaisuudesta tallenteet, ne merkit\u00e4\u00e4n SAP HR itsepalveluportaalissa eri paikkaan ja l\u00f6ytyv\u00e4t hakusanalla: tallenne. Tallenteen SAP HR -merkint\u00e4 laitetaan j\u00e4rjestelm\u00e4\u00e4n j\u00e4lkik\u00e4teen. Koulutuskokonaisuuden tallenteet n\u00e4kyv\u00e4t j\u00e4rjestelm\u00e4ss\u00e4 sis\u00e4isin\u00e4 koulutuksina.<\/strong><\/p>\n<p>&nbsp;<\/p>\n<p>Koulutuksen j\u00e4rjest\u00e4\u00e4 esi- ja perusopetuksen oppimisen tuen hanke hankkeessa mukana olevien kuntien ja tahojen henkil\u00f6kunnalle. Hanke on osa opetus- ja kulttuuriministeri\u00f6n Oikeus Oppia -kehitt\u00e4misohjelmaa.<\/p>\n<p>Lis\u00e4tietoa: tiina.vanhanen@turku.fi<\/p>\n<p>&nbsp;<\/p>\n<p>&nbsp;<\/p>\n","protected":false},"excerpt":{"rendered":"<p>Webinaarisarja: Perjantai 8.9 klo 9\u201311 Torstai 14.9. klo 9\u201310.30 Perjantai 29.9 klo 9\u201311 Keskiviikko 11.10 klo 9\u201310.30 Koulutuskokonaisuuden tavoitteena on tarjota tutkittua tietoa p\u00e4\u00e4t\u00f6ksenteon tueksi, kun kyseess\u00e4 on perusopetuksen kehitt\u00e4minen inklusiivisten periaatteiden mukaisesti. Koulutus suunnataan perusopetuksen johdolle, rehtoreille ja suunnittelijoille, jotka j\u00e4rjest\u00e4v\u00e4t ja kehitt\u00e4v\u00e4t perusopetusta ja sek\u00e4 kunnallisille luottamustoimenhaltijoille, jotka tekev\u00e4t kasvatusta ja opetusta koskevia &hellip; <\/p>\n<p class=\"link-more\"><a href=\"https:\/\/blog.edu.turku.fi\/oppimisentuki\/inkluusion-johtaminen-yhteenkuuluvuutta-rakentamassa-syksy-2023\/\" class=\"more-link\">Jatka lukemista<span class=\"screen-reader-text\"> &#8221;Inkluusion johtaminen \u2013 aamuwebinaarit (mennyt, tallenteet saatavilla kysym\u00e4ll\u00e4)&#8221;<\/span><\/a><\/p>\n","protected":false},"author":3241,"featured_media":0,"parent":0,"menu_order":0,"comment_status":"closed","ping_status":"closed","template":"","meta":{"footnotes":""},"class_list":["post-282","page","type-page","status-publish","hentry","entry"],"_links":{"self":[{"href":"https:\/\/blog.edu.turku.fi\/oppimisentuki\/wp-json\/wp\/v2\/pages\/282","targetHints":{"allow":["GET"]}}],"collection":[{"href":"https:\/\/blog.edu.turku.fi\/oppimisentuki\/wp-json\/wp\/v2\/pages"}],"about":[{"href":"https:\/\/blog.edu.turku.fi\/oppimisentuki\/wp-json\/wp\/v2\/types\/page"}],"author":[{"embeddable":true,"href":"https:\/\/blog.edu.turku.fi\/oppimisentuki\/wp-json\/wp\/v2\/users\/3241"}],"replies":[{"embeddable":true,"href":"https:\/\/blog.edu.turku.fi\/oppimisentuki\/wp-json\/wp\/v2\/comments?post=282"}],"version-history":[{"count":7,"href":"https:\/\/blog.edu.turku.fi\/oppimisentuki\/wp-json\/wp\/v2\/pages\/282\/revisions"}],"predecessor-version":[{"id":397,"href":"https:\/\/blog.edu.turku.fi\/oppimisentuki\/wp-json\/wp\/v2\/pages\/282\/revisions\/397"}],"wp:attachment":[{"href":"https:\/\/blog.edu.turku.fi\/oppimisentuki\/wp-json\/wp\/v2\/media?parent=282"}],"curies":[{"name":"wp","href":"https:\/\/api.w.org\/{rel}","templated":true}]}}