{"id":256,"date":"2022-12-30T12:23:18","date_gmt":"2022-12-30T10:23:18","guid":{"rendered":"https:\/\/blog.edu.turku.fi\/oppimisentuki\/?page_id=256"},"modified":"2023-04-27T12:42:07","modified_gmt":"2023-04-27T09:42:07","slug":"tietoisuus-ja-lasnaolotaidot-koulutus-ylakoulu-21-4-2023","status":"publish","type":"page","link":"https:\/\/blog.edu.turku.fi\/oppimisentuki\/tietoisuus-ja-lasnaolotaidot-koulutus-ylakoulu-21-4-2023\/","title":{"rendered":"Tietoisuus- ja l\u00e4sn\u00e4olotaidot -koulutus (yl\u00e4koulu, mennyt)"},"content":{"rendered":"<p><strong>Tietoisuus- ja l\u00e4sn\u00e4olotaidot -koulutus yl\u00e4koulun henkil\u00f6kunnalle<\/strong><\/p>\n<p><strong>Aika: 21.4.2023 8.30\u201315.30<\/strong><\/p>\n<p><strong>Paikka: Lemmink\u00e4isenkadun Tuuki &#8211; Prikka -kabinetti<\/strong><\/p>\n<p><strong>Osoite: Lemmink\u00e4isenkatu 14-18B, Turku<\/strong><\/p>\n<p>Ilmoittautumislinkki: <a href=\"https:\/\/www.lyyti.in\/Tunne_ja_tietoisuutaitokoulutus_ylakoulun_henkilokunnalle_2332\">https:\/\/www.lyyti.in\/Tunne_ja_tietoisuutaitokoulutus_ylakoulun_henkilokunnalle_2332<\/a><\/p>\n<p>&nbsp;<\/p>\n<p><strong>Koulutuksen kuvaus <\/strong><\/p>\n<p>Mist\u00e4 tietoisuus- ja l\u00e4sn\u00e4olotaidoissa on kyse? Mit\u00e4 hy\u00f6ty\u00e4 niist\u00e4 on oppilaille? Miten hy\u00f6dynt\u00e4\u00e4 niit\u00e4 my\u00f6s oman ty\u00f6hyvinvoinnin ja palautumisen v\u00e4lineen\u00e4? Katsaus kansainv\u00e4lisiin ja kansallisiin Terve Oppiva Mieli -tutkimustuloksiin. Ohjattuja l\u00e4sn\u00e4oloharjoitteita oppilaille ja opetuksen arkeen. Materiaalia osallistujille, joka helpottaa harjoitteiden ohjaamista oppilaiden kanssa. Koulutuksessa yhdistet\u00e4\u00e4n tutkimustietoa ja k\u00e4yt\u00e4nn\u00f6n esimerkkej\u00e4. Painotus on konkretiassa ja k\u00e4yt\u00e4nn\u00f6llisyydess\u00e4.<\/p>\n<p><strong>Kouluttaja<\/strong><\/p>\n<p>L\u00e4sn\u00e4olotutkimuksen pioneeri Salla-Maarit Volanen on kouluttanut tuhansia suomalaisia kasvatusalan ammattilaisia ja puhunut l\u00e4sn\u00e4olon hyvinvointia lis\u00e4\u00e4v\u00e4st\u00e4 voimasta my\u00f6s laajemmalle yleis\u00f6lle lukuisissa tilaisuuksissa Suomessa ja ulkomailla. Salla-Maaritin henkil\u00f6kohtainen ja ammatillinen el\u00e4m\u00e4 saivat uuden suunnan ja merkityksen reilut 10 vuotta sitten hyv\u00e4ksyv\u00e4n tietoisen l\u00e4sn\u00e4olon harjoittamisesta. Salla-Maarit on toiminut vuodesta 2011 johtavana tutkijana kartoittaen l\u00e4sn\u00e4olon vaikutuksia muun muassa stressin hallintaan, mielen hyvinvointiin, resilienssiin ja my\u00f6t\u00e4tuntoon, sek\u00e4 kouluttanut tuhansia ty\u00f6ntekij\u00f6it\u00e4 ja johtajia. Salla-Maarit on filosofian tohtori ja sertifioitu MBSR (Mindfulness-Based Stress Reduction) -ohjaaja, jolle on t\u00e4rke\u00e4\u00e4, ett\u00e4 h\u00e4nen koulutuksensa perustuvat niin tutkimustietoon kuin syv\u00e4lliseen omakohtaiseen kokemukseen ja syd\u00e4men ymm\u00e4rrykseen aiheesta.<\/p>\n<p><strong>Koulutuksen j\u00e4rjest\u00e4j\u00e4<\/strong><\/p>\n<p>Esi- ja perusopetuksen oppimisen tuen kehitt\u00e4minen Varsinais-Suomessa hanke, joka on osa OKM:n Oikeus Oppia kehitt\u00e4misohjelmaa. Lis\u00e4tietoja antaa <a href=\"mailto:tiina.vanhanen@turku.fi\">tiina.vanhanen@turku.fi<\/a><\/p>\n","protected":false},"excerpt":{"rendered":"<p>Tietoisuus- ja l\u00e4sn\u00e4olotaidot -koulutus yl\u00e4koulun henkil\u00f6kunnalle Aika: 21.4.2023 8.30\u201315.30 Paikka: Lemmink\u00e4isenkadun Tuuki &#8211; Prikka -kabinetti Osoite: Lemmink\u00e4isenkatu 14-18B, Turku Ilmoittautumislinkki: https:\/\/www.lyyti.in\/Tunne_ja_tietoisuutaitokoulutus_ylakoulun_henkilokunnalle_2332 &nbsp; Koulutuksen kuvaus Mist\u00e4 tietoisuus- ja l\u00e4sn\u00e4olotaidoissa on kyse? Mit\u00e4 hy\u00f6ty\u00e4 niist\u00e4 on oppilaille? Miten hy\u00f6dynt\u00e4\u00e4 niit\u00e4 my\u00f6s oman ty\u00f6hyvinvoinnin ja palautumisen v\u00e4lineen\u00e4? Katsaus kansainv\u00e4lisiin ja kansallisiin Terve Oppiva Mieli -tutkimustuloksiin. Ohjattuja l\u00e4sn\u00e4oloharjoitteita oppilaille &hellip; <\/p>\n<p class=\"link-more\"><a href=\"https:\/\/blog.edu.turku.fi\/oppimisentuki\/tietoisuus-ja-lasnaolotaidot-koulutus-ylakoulu-21-4-2023\/\" class=\"more-link\">Jatka lukemista<span class=\"screen-reader-text\"> &#8221;Tietoisuus- ja l\u00e4sn\u00e4olotaidot -koulutus (yl\u00e4koulu, mennyt)&#8221;<\/span><\/a><\/p>\n","protected":false},"author":3241,"featured_media":0,"parent":0,"menu_order":0,"comment_status":"closed","ping_status":"closed","template":"","meta":{"footnotes":""},"class_list":["post-256","page","type-page","status-publish","hentry","entry"],"_links":{"self":[{"href":"https:\/\/blog.edu.turku.fi\/oppimisentuki\/wp-json\/wp\/v2\/pages\/256","targetHints":{"allow":["GET"]}}],"collection":[{"href":"https:\/\/blog.edu.turku.fi\/oppimisentuki\/wp-json\/wp\/v2\/pages"}],"about":[{"href":"https:\/\/blog.edu.turku.fi\/oppimisentuki\/wp-json\/wp\/v2\/types\/page"}],"author":[{"embeddable":true,"href":"https:\/\/blog.edu.turku.fi\/oppimisentuki\/wp-json\/wp\/v2\/users\/3241"}],"replies":[{"embeddable":true,"href":"https:\/\/blog.edu.turku.fi\/oppimisentuki\/wp-json\/wp\/v2\/comments?post=256"}],"version-history":[{"count":3,"href":"https:\/\/blog.edu.turku.fi\/oppimisentuki\/wp-json\/wp\/v2\/pages\/256\/revisions"}],"predecessor-version":[{"id":316,"href":"https:\/\/blog.edu.turku.fi\/oppimisentuki\/wp-json\/wp\/v2\/pages\/256\/revisions\/316"}],"wp:attachment":[{"href":"https:\/\/blog.edu.turku.fi\/oppimisentuki\/wp-json\/wp\/v2\/media?parent=256"}],"curies":[{"name":"wp","href":"https:\/\/api.w.org\/{rel}","templated":true}]}}