{"id":237,"date":"2022-11-23T12:39:04","date_gmt":"2022-11-23T10:39:04","guid":{"rendered":"https:\/\/blog.edu.turku.fi\/oppimisentuki\/?page_id=237"},"modified":"2023-03-27T11:18:31","modified_gmt":"2023-03-27T08:18:31","slug":"teams-johdon-aistiesteettomyyskoulutus-21-3-2023","status":"publish","type":"page","link":"https:\/\/blog.edu.turku.fi\/oppimisentuki\/teams-johdon-aistiesteettomyyskoulutus-21-3-2023\/","title":{"rendered":"Johdon aistiesteett\u00f6myyskoulutus (mennyt)"},"content":{"rendered":"<p><strong>MIT\u00c4 ON AISTIESTEETT\u00d6MYYS JA MIKSI SIIT\u00c4 ON T\u00c4RKE\u00c4 PUHUA KOULUISSA?<\/strong><\/p>\n<p>Koulutus j\u00e4rjestet\u00e4\u00e4n TEAMSissa tiistaina 21.3.2023 kello 9.00 &#8211; 10.15.<\/p>\n<p>Koulutus tallennetaan ja tallenne katsottavissa 2 viikon ajan.<\/p>\n<p>Koulutus on suunnattu perusopetuksen johdolle.<\/p>\n<p><strong>Koulutuksen sis\u00e4lt\u00f6: <\/strong>Viet\u00e4mme suuren osan arjestamme aisteille hyvin kuormittavissa ymp\u00e4rist\u00f6iss\u00e4 ja koulu lukeutuu ehdottomasti t\u00e4llaiseksi. Aistikuormitukseen herkemmin reagoivalle henkil\u00f6lle kovin aisti\u00e4rsykkeinen toimintaymp\u00e4rist\u00f6 voi olla hyvin rajoittava, jopa invalidisoiva. Siksi aistiesteett\u00f6mien ymp\u00e4rist\u00f6jen luominen on t\u00e4rke\u00e4\u00e4 niin oppilaiden kuin ty\u00f6ntekij\u00f6idenkin hyvinvoinnin n\u00e4k\u00f6kulmasta. Olennaista aistiesteett\u00f6myyden kehitt\u00e4misess\u00e4 on, ett\u00e4 toisinaan pienill\u00e4kin muutoksilla voidaan v\u00e4hent\u00e4\u00e4 tilojen\/toimintojen aistikuormitusta merkitt\u00e4v\u00e4sti. Vastaavasti on t\u00e4rke\u00e4\u00e4 pit\u00e4\u00e4 mieless\u00e4, etteiv\u00e4t aistiesteett\u00f6m\u00e4t ratkaisut l\u00e4ht\u00f6kohtaisesti ole sen kalliimpia, kunhan n\u00e4k\u00f6kulma osataan huomioida oikeassa kohdassa toimintaymp\u00e4rist\u00f6jen suunnittelua ja kehitt\u00e4mist\u00e4.<\/p>\n<p><strong>Koulutuksen aikana\u2026<\/strong><\/p>\n<ul>\n<li>pohdimme, mit\u00e4 on aistiesteett\u00f6myys ja miksi sen kehitt\u00e4minen erityisen t\u00e4rke\u00e4\u00e4 kouluissa.<\/li>\n<li>k\u00e4ymme l\u00e4pi, miten tiloja voidaan muokata aistiesteett\u00f6m\u00e4mp\u00e4\u00e4n suuntaan<\/li>\n<li>pohdimme, miten aistiesteett\u00f6myys tulisi huomioida, kun suunnitellaan tulevaisuuden oppimisymp\u00e4rist\u00f6j\u00e4.<\/li>\n<\/ul>\n<p><strong>Kouluttajan kuvaus: <\/strong>Kouluttajana tilaisuudessa toimii KM, lehtori <strong>Hanna Hannukainen<\/strong> Satakunnan ammattikorkeakoulusta. Hanna on ollut mukana vuodesta 2014 kehitt\u00e4m\u00e4ss\u00e4 aistiesteett\u00f6myyteen liittyv\u00e4\u00e4 hanke- ja tutkimusty\u00f6t\u00e4. H\u00e4n toimii my\u00f6s ty\u00f6nohjaajana ja kouluttaa neuropsykiatrisia valmentajia SAMKissa. T\u00e4ll\u00e4 hetkell\u00e4 Hanna on mukana Diginepsy-hankkeessa, jonka puitteissa on mm. kehitetty aistiesteett\u00f6myyden kartoittamiseen kehitetty\u00e4 mobiilisovellusta.<\/p>\n<p><strong>Ilmoittautumislinkki: <\/strong><strong>https:\/\/www.lyyti.in\/aistiesteettomyysjohdolle<\/strong><\/p>\n<p>Lis\u00e4tietoja: <a href=\"mailto:tiina.vanhanen@turku.fi\" data-cke-saved-href=\"mailto:tiina.vanhanen@turku.fi\">tiina.vanhanen@turku.fi<\/a><\/p>\n<p>&nbsp;<\/p>\n","protected":false},"excerpt":{"rendered":"<p>MIT\u00c4 ON AISTIESTEETT\u00d6MYYS JA MIKSI SIIT\u00c4 ON T\u00c4RKE\u00c4 PUHUA KOULUISSA? Koulutus j\u00e4rjestet\u00e4\u00e4n TEAMSissa tiistaina 21.3.2023 kello 9.00 &#8211; 10.15. Koulutus tallennetaan ja tallenne katsottavissa 2 viikon ajan. Koulutus on suunnattu perusopetuksen johdolle. Koulutuksen sis\u00e4lt\u00f6: Viet\u00e4mme suuren osan arjestamme aisteille hyvin kuormittavissa ymp\u00e4rist\u00f6iss\u00e4 ja koulu lukeutuu ehdottomasti t\u00e4llaiseksi. Aistikuormitukseen herkemmin reagoivalle henkil\u00f6lle kovin aisti\u00e4rsykkeinen toimintaymp\u00e4rist\u00f6 voi &hellip; <\/p>\n<p class=\"link-more\"><a href=\"https:\/\/blog.edu.turku.fi\/oppimisentuki\/teams-johdon-aistiesteettomyyskoulutus-21-3-2023\/\" class=\"more-link\">Jatka lukemista<span class=\"screen-reader-text\"> &#8221;Johdon aistiesteett\u00f6myyskoulutus (mennyt)&#8221;<\/span><\/a><\/p>\n","protected":false},"author":3241,"featured_media":0,"parent":0,"menu_order":0,"comment_status":"closed","ping_status":"closed","template":"","meta":{"footnotes":""},"class_list":["post-237","page","type-page","status-publish","hentry","entry"],"_links":{"self":[{"href":"https:\/\/blog.edu.turku.fi\/oppimisentuki\/wp-json\/wp\/v2\/pages\/237","targetHints":{"allow":["GET"]}}],"collection":[{"href":"https:\/\/blog.edu.turku.fi\/oppimisentuki\/wp-json\/wp\/v2\/pages"}],"about":[{"href":"https:\/\/blog.edu.turku.fi\/oppimisentuki\/wp-json\/wp\/v2\/types\/page"}],"author":[{"embeddable":true,"href":"https:\/\/blog.edu.turku.fi\/oppimisentuki\/wp-json\/wp\/v2\/users\/3241"}],"replies":[{"embeddable":true,"href":"https:\/\/blog.edu.turku.fi\/oppimisentuki\/wp-json\/wp\/v2\/comments?post=237"}],"version-history":[{"count":5,"href":"https:\/\/blog.edu.turku.fi\/oppimisentuki\/wp-json\/wp\/v2\/pages\/237\/revisions"}],"predecessor-version":[{"id":297,"href":"https:\/\/blog.edu.turku.fi\/oppimisentuki\/wp-json\/wp\/v2\/pages\/237\/revisions\/297"}],"wp:attachment":[{"href":"https:\/\/blog.edu.turku.fi\/oppimisentuki\/wp-json\/wp\/v2\/media?parent=237"}],"curies":[{"name":"wp","href":"https:\/\/api.w.org\/{rel}","templated":true}]}}