{"id":224,"date":"2022-11-22T11:04:59","date_gmt":"2022-11-22T09:04:59","guid":{"rendered":"https:\/\/blog.edu.turku.fi\/oppimisentuki\/?page_id=224"},"modified":"2023-03-27T11:17:02","modified_gmt":"2023-03-27T08:17:02","slug":"nepsy-utbildning-till-skolpersonal-i-grundskola-8-2-2023","status":"publish","type":"page","link":"https:\/\/blog.edu.turku.fi\/oppimisentuki\/nepsy-utbildning-till-skolpersonal-i-grundskola-8-2-2023\/","title":{"rendered":"NEPSY utbildning till skolpersonal i grundskola (mennyt)"},"content":{"rendered":"<p><strong>N\u00c4R: Onsdagen, <\/strong>DEN 8 FEBRUARI 2023, klockan 15 \u2013 18, kaffe\/te kl. 14.30<\/p>\n<p><strong>VAD: <\/strong>Forskningsinformation om neuropsykiatriska st\u00f6rningar, till exempel aktivitets- och uppm\u00e4rksamhetsst\u00f6rningar, s\u00e5som ADHD, ADD och autismspektrumst\u00f6rningar. Konkreta r\u00e5d om hur man kan st\u00f6da elever med de h\u00e4r sv\u00e5righeterna.<\/p>\n<p><strong>HUR: <\/strong>Anm\u00e4l dig till utbildningen i Lyyti (l\u00e4nk nedan)<\/p>\n<p><a href=\"https:\/\/www.lyyti.in\/NEPSY_utbildningen_till_skolpersonalen_i_grundskola_8281\">https:\/\/www.lyyti.in\/NEPSY_utbildningen_till_skolpersonalen_i_grundskola_8281<\/a><\/p>\n<p><strong>VAR: <\/strong>Lemmink\u00e4isenkatu 14 \u2013 18B, 20520, Data-City, Auditorium (\u00c5bo)<\/p>\n<p><strong>VEM: <\/strong>Utbildningen \u00e4r organiserad av projektet Esi- ja perusopetuksen oppimisen tuen kehitt\u00e4minen Varsinais-Suomessa, som finansieras av undervisnings- och kulturministeriet. Utbildare: Henrik Husberg \u2013 speciall\u00e4rare, projektforskare, PeM, doktorand vid Helsingfors Universitet, Niilo M\u00e4ki Institutet. Henrik Husberg \u00e4r projektforskare vid Niilo M\u00e4ki Institutets projekt Inl\u00e4rning och St\u00f6d. Han \u00e4r utbildad till speciall\u00e4rare fr\u00e5n \u00c5bo Akademi i Vasa och har tidigare jobbat som speciall\u00e4rare med ansvar f\u00f6r bland annat planering av st\u00f6d och kartl\u00e4ggning och uppf\u00f6ljning av inl\u00e4rningssv\u00e5righeter hos barn och ungdomar. Husberg \u00e4r doktorand vid Helsingfors Universitet. Temat f\u00f6r avhandlingen \u00e4r matematiksv\u00e5righeter, motivation och exekutiva funktioner hos barn i skol\u00e5ldern.<\/p>\n<p>&nbsp;<\/p>\n<p>Om du har fr\u00e5gor<\/p>\n<p>Tiina Vanhanen<\/p>\n<p>Projektikoordinaattori<\/p>\n<p>Kasvatuksen ja opetuksen palvelukokonaisuus<\/p>\n<p>Turun kaupunki<\/p>\n<p><a href=\"mailto:tiina.vanhanen@turku.fi\">tiina.vanhanen@turku.fi<\/a><\/p>\n<p>&nbsp;<\/p>\n","protected":false},"excerpt":{"rendered":"<p>N\u00c4R: Onsdagen, DEN 8 FEBRUARI 2023, klockan 15 \u2013 18, kaffe\/te kl. 14.30 VAD: Forskningsinformation om neuropsykiatriska st\u00f6rningar, till exempel aktivitets- och uppm\u00e4rksamhetsst\u00f6rningar, s\u00e5som ADHD, ADD och autismspektrumst\u00f6rningar. Konkreta r\u00e5d om hur man kan st\u00f6da elever med de h\u00e4r sv\u00e5righeterna. HUR: Anm\u00e4l dig till utbildningen i Lyyti (l\u00e4nk nedan) https:\/\/www.lyyti.in\/NEPSY_utbildningen_till_skolpersonalen_i_grundskola_8281 VAR: Lemmink\u00e4isenkatu 14 \u2013 18B, &hellip; <\/p>\n<p class=\"link-more\"><a href=\"https:\/\/blog.edu.turku.fi\/oppimisentuki\/nepsy-utbildning-till-skolpersonal-i-grundskola-8-2-2023\/\" class=\"more-link\">Jatka lukemista<span class=\"screen-reader-text\"> &#8221;NEPSY utbildning till skolpersonal i grundskola (mennyt)&#8221;<\/span><\/a><\/p>\n","protected":false},"author":3241,"featured_media":0,"parent":0,"menu_order":0,"comment_status":"closed","ping_status":"closed","template":"","meta":{"footnotes":""},"class_list":["post-224","page","type-page","status-publish","hentry","entry"],"_links":{"self":[{"href":"https:\/\/blog.edu.turku.fi\/oppimisentuki\/wp-json\/wp\/v2\/pages\/224","targetHints":{"allow":["GET"]}}],"collection":[{"href":"https:\/\/blog.edu.turku.fi\/oppimisentuki\/wp-json\/wp\/v2\/pages"}],"about":[{"href":"https:\/\/blog.edu.turku.fi\/oppimisentuki\/wp-json\/wp\/v2\/types\/page"}],"author":[{"embeddable":true,"href":"https:\/\/blog.edu.turku.fi\/oppimisentuki\/wp-json\/wp\/v2\/users\/3241"}],"replies":[{"embeddable":true,"href":"https:\/\/blog.edu.turku.fi\/oppimisentuki\/wp-json\/wp\/v2\/comments?post=224"}],"version-history":[{"count":6,"href":"https:\/\/blog.edu.turku.fi\/oppimisentuki\/wp-json\/wp\/v2\/pages\/224\/revisions"}],"predecessor-version":[{"id":293,"href":"https:\/\/blog.edu.turku.fi\/oppimisentuki\/wp-json\/wp\/v2\/pages\/224\/revisions\/293"}],"wp:attachment":[{"href":"https:\/\/blog.edu.turku.fi\/oppimisentuki\/wp-json\/wp\/v2\/media?parent=224"}],"curies":[{"name":"wp","href":"https:\/\/api.w.org\/{rel}","templated":true}]}}