{"id":217,"date":"2022-11-07T09:48:24","date_gmt":"2022-11-07T07:48:24","guid":{"rendered":"https:\/\/blog.edu.turku.fi\/oppimisentuki\/?page_id=217"},"modified":"2023-03-27T11:18:07","modified_gmt":"2023-03-27T08:18:07","slug":"aistiesteettomyyskoulutus-18-1-2023","status":"publish","type":"page","link":"https:\/\/blog.edu.turku.fi\/oppimisentuki\/aistiesteettomyyskoulutus-18-1-2023\/","title":{"rendered":"Aistiesteett\u00f6myyskoulutus (mennyt)"},"content":{"rendered":"<p>MIT\u00c4 ON AISTIESTEETT\u00d6MYYS JA MIKSI SIIT\u00c4 ON T\u00c4RKE\u00c4 PUHUA KOULUISSA?<\/p>\n<p><strong>Ajankohta<\/strong>: 18.1.2023 klo 12.00\u00a0 &#8211; 15.00<\/p>\n<p><strong>Paikka:<\/strong> Koulutus toteutetaan et\u00e4yhteydell\u00e4 (Teams). Linkin saatte ilmoittautumisvahvistuksessa.<\/p>\n<p><strong>Koulutuksen kohderyhm\u00e4: <\/strong>Koulutus on suunnattu esi- ja perusopetuksen henkil\u00f6kunnalle<\/p>\n<p><strong>Ilmoittautumislinkki: <a href=\"https:\/\/www.lyyti.in\/aistiesteettomyyskoulutus\">https:\/\/www.lyyti.in\/aistiesteettomyyskoulutus<\/a> <\/strong><\/p>\n<p><strong>Koulutuksen sis\u00e4lt\u00f6: <\/strong><\/p>\n<p>Viet\u00e4mme suuren osan arjestamme aisteille hyvin kuormittavissa ymp\u00e4rist\u00f6iss\u00e4 ja koulu lukeutuu ehdottomasti sellaiseksi. Aistiesteett\u00f6mien ymp\u00e4rist\u00f6jen luominen on t\u00e4rke\u00e4\u00e4 sek\u00e4 oppilaiden ett\u00e4 ty\u00f6ntekij\u00f6iden hyvinvoinnin n\u00e4k\u00f6kulmasta. Kun aistikuormaa helpotetaan, voimavaroja vapautuu johonkin muuhun \u2013 esimerkiksi oppimiseen, rakentavaan vuorovaikutukseen ja luoviin ratkaisuihin. Aistiesteett\u00f6m\u00e4t ymp\u00e4rist\u00f6t ovatkin kaikkien etu.<\/p>\n<p><strong>Koulutuksen aikana\u2026<\/strong><\/p>\n<ul>\n<li>pohdimme, mit\u00e4 on aistiesteett\u00f6myys ja miksi sen kehitt\u00e4minen on erityisen t\u00e4rke\u00e4\u00e4 kouluissa.<\/li>\n<li>kuulemme kokemuspuheenvuoron, jossa k\u00e4sitell\u00e4\u00e4n omakohtaisesti aistis\u00e4\u00e4telyn vaikeuksia ja aistiesteett\u00f6myyden t\u00e4rkeytt\u00e4.<\/li>\n<li>saadaan tietoa, miten tiloja voidaan muokata aistiesteett\u00f6m\u00e4mp\u00e4\u00e4n suuntaan.<\/li>\n<\/ul>\n<p><strong>Kouluttajan kuvaus: <\/strong><\/p>\n<p>Kouluttajana tilaisuudessa toimii KM, lehtori <strong>Hanna Hannukainen<\/strong> Satakunnan ammattikorkeakoulusta. Hanna on ollut mukana vuodesta 2014 kehitt\u00e4m\u00e4ss\u00e4 aistiesteett\u00f6myyteen liittyv\u00e4\u00e4 hanke- ja tutkimusty\u00f6t\u00e4. H\u00e4n toimii my\u00f6s ty\u00f6nohjaajana ja kouluttaa neuropsykiatrisia valmentajia SAMKissa. T\u00e4ll\u00e4 hetkell\u00e4 Hanna on mukana Diginepsy-hankkeessa, jonka puitteissa on mm. kehitetty aistiesteett\u00f6myyden kartoittamiseen kehitetty\u00e4 mobiilisovellusta.<\/p>\n<p>Koulutuksessa mukana my\u00f6s <strong>kokemustoimija Jasmin.<\/strong><\/p>\n<p>Lis\u00e4tietoja<\/p>\n<p>Tiina Vanhanen<\/p>\n<p>Projektikoordinaattori<\/p>\n<p>Kasvatuksen ja opetuksen palvelukokonaisuus<\/p>\n<p>Turun kaupunki<\/p>\n<p>Olavintie 2, 20700 Turku<\/p>\n<ol>\n<li>040 627 6402<\/li>\n<\/ol>\n<p><a href=\"mailto:tiina.vanhanen@turku.fi\">tiina.vanhanen@turku.fi<\/a><\/p>\n<p>&nbsp;<\/p>\n","protected":false},"excerpt":{"rendered":"<p>MIT\u00c4 ON AISTIESTEETT\u00d6MYYS JA MIKSI SIIT\u00c4 ON T\u00c4RKE\u00c4 PUHUA KOULUISSA? Ajankohta: 18.1.2023 klo 12.00\u00a0 &#8211; 15.00 Paikka: Koulutus toteutetaan et\u00e4yhteydell\u00e4 (Teams). Linkin saatte ilmoittautumisvahvistuksessa. Koulutuksen kohderyhm\u00e4: Koulutus on suunnattu esi- ja perusopetuksen henkil\u00f6kunnalle Ilmoittautumislinkki: https:\/\/www.lyyti.in\/aistiesteettomyyskoulutus Koulutuksen sis\u00e4lt\u00f6: Viet\u00e4mme suuren osan arjestamme aisteille hyvin kuormittavissa ymp\u00e4rist\u00f6iss\u00e4 ja koulu lukeutuu ehdottomasti sellaiseksi. Aistiesteett\u00f6mien ymp\u00e4rist\u00f6jen luominen on t\u00e4rke\u00e4\u00e4 &hellip; <\/p>\n<p class=\"link-more\"><a href=\"https:\/\/blog.edu.turku.fi\/oppimisentuki\/aistiesteettomyyskoulutus-18-1-2023\/\" class=\"more-link\">Jatka lukemista<span class=\"screen-reader-text\"> &#8221;Aistiesteett\u00f6myyskoulutus (mennyt)&#8221;<\/span><\/a><\/p>\n","protected":false},"author":3241,"featured_media":0,"parent":0,"menu_order":0,"comment_status":"closed","ping_status":"closed","template":"","meta":{"footnotes":""},"class_list":["post-217","page","type-page","status-publish","hentry","entry"],"_links":{"self":[{"href":"https:\/\/blog.edu.turku.fi\/oppimisentuki\/wp-json\/wp\/v2\/pages\/217","targetHints":{"allow":["GET"]}}],"collection":[{"href":"https:\/\/blog.edu.turku.fi\/oppimisentuki\/wp-json\/wp\/v2\/pages"}],"about":[{"href":"https:\/\/blog.edu.turku.fi\/oppimisentuki\/wp-json\/wp\/v2\/types\/page"}],"author":[{"embeddable":true,"href":"https:\/\/blog.edu.turku.fi\/oppimisentuki\/wp-json\/wp\/v2\/users\/3241"}],"replies":[{"embeddable":true,"href":"https:\/\/blog.edu.turku.fi\/oppimisentuki\/wp-json\/wp\/v2\/comments?post=217"}],"version-history":[{"count":4,"href":"https:\/\/blog.edu.turku.fi\/oppimisentuki\/wp-json\/wp\/v2\/pages\/217\/revisions"}],"predecessor-version":[{"id":296,"href":"https:\/\/blog.edu.turku.fi\/oppimisentuki\/wp-json\/wp\/v2\/pages\/217\/revisions\/296"}],"wp:attachment":[{"href":"https:\/\/blog.edu.turku.fi\/oppimisentuki\/wp-json\/wp\/v2\/media?parent=217"}],"curies":[{"name":"wp","href":"https:\/\/api.w.org\/{rel}","templated":true}]}}