{"id":187,"date":"2022-09-22T15:01:21","date_gmt":"2022-09-22T12:01:21","guid":{"rendered":"https:\/\/blog.edu.turku.fi\/oppimisentuki\/?page_id=187"},"modified":"2023-03-27T11:18:52","modified_gmt":"2023-03-27T08:18:52","slug":"teamsnepsykoulutuksia-koulunkaynninohjaajille-2-tuntia","status":"publish","type":"page","link":"https:\/\/blog.edu.turku.fi\/oppimisentuki\/teamsnepsykoulutuksia-koulunkaynninohjaajille-2-tuntia\/","title":{"rendered":"Nepsykoulutuksia koulunk\u00e4ynninohjaajille (mennyt)"},"content":{"rendered":"<p>Koulutus suunnattu koulunk\u00e4ynninohjaajille, mutta kaikki ovat tervetulleita linjoille. Koulutus pidet\u00e4\u00e4n TEAMSiss\u00e4.<\/p>\n<p>Ajankohdat ja ilmoittautumislinkit (sama koulutus eri ajankohtina tarjottuna):<\/p>\n<p>TIISTAINA 29.11.2022 KELLO 9 &#8211; 11<\/p>\n<p><a href=\"https:\/\/www.lyyti.in\/Nepsykoulutus_koulunkaynninohjaajille_aamu_9212\">https:\/\/www.lyyti.in\/Nepsykoulutus_koulunkaynninohjaajille_aamu_9212<\/a><\/p>\n<p>KESKIVIIKKONA 30.11.2022 KELLO 11 &#8211; 13<\/p>\n<p><a href=\"https:\/\/www.lyyti.in\/Nepsykoulutus_koulunkaynninohjaajille_PAIVA_0576\">https:\/\/www.lyyti.in\/Nepsykoulutus_koulunkaynninohjaajille_PAIVA_0576<\/a><\/p>\n<p>TORSTAINA 1.12.2022 KELLO 13 &#8211; 15<\/p>\n<p><a href=\"https:\/\/www.lyyti.in\/Nepsykoulutus_koulunkaynninohjaajille_ILTAPAIVA_4630\">https:\/\/www.lyyti.in\/Nepsykoulutus_koulunkaynninohjaajille_ILTAPAIVA_4630<\/a><\/p>\n<p>(Turun kaupungin ty\u00f6ntekij\u00e4t ilmoittautuvat my\u00f6s SAP HR itsepalveluportaalissa. L\u00f6ytyy hakusanalla Oireilevien)<\/p>\n<p><strong>Koulutuksen sis\u00e4lt\u00f6: <\/strong><\/p>\n<p>-Mit\u00e4 neuropsykiatriset haasteet ovat<\/p>\n<p>-Miten neuropsykiatriset haasteet ilmenev\u00e4t oppilaan koulunk\u00e4ynniss\u00e4<\/p>\n<p>-Miten neuroep\u00e4tyypillisesti oireilevaa oppilasta voi tukea koulussa<\/p>\n<p>-Mik\u00e4 on koulunk\u00e4ynninohjaajan rooli tukijana<\/p>\n<p>-Mit\u00e4 autisminkirjosta ja Adhd:sta tytt\u00f6oletetuilla olisi hyv\u00e4 tiet\u00e4\u00e4 tai ottaa huomioon<\/p>\n<p><strong>Kouluttaja: <\/strong><\/p>\n<p>Milla Ryytty on ty\u00f6skennellyt tukea tarvitsevien lasten ja nuorten parissa vuodesta 2011 valmistuttuaan yhteis\u00f6pedagogiksi (AMK). Ty\u00f6uran alkuvuodet kuluivat lastensuojelun erityisyksik\u00f6ss\u00e4 ja perhekodissa. Koulumaailmassa Milla on ollut vuodesta 2014 alkaen koulunk\u00e4ynninohjaajana Luolavuoren keskitetyn palvelun koulun eri yksik\u00f6iss\u00e4. Vuodesta 2017 l\u00e4htien h\u00e4n on ty\u00f6skennellyt neuropsykiatristen haasteiden parissa strukturoidun perusopetuksen pienryhm\u00e4ss\u00e4, sek\u00e4 ala- ett\u00e4 yl\u00e4koulussa. Milla on k\u00e4ynyt ratkaisukeskeisen neuropsykiatrisen valmentajan koulutuksen ja on t\u00e4ll\u00e4 hetkell\u00e4 opintovapaalla Puropellon koulusta opiskelemassa Turun yliopistossa erityispedagogiikan p\u00e4\u00e4aineopinnoissa, suorittaen my\u00f6s opettajan pedagogiset- ja erityisopettajaopinnot.<\/p>\n<p>&nbsp;<\/p>\n","protected":false},"excerpt":{"rendered":"<p>Koulutus suunnattu koulunk\u00e4ynninohjaajille, mutta kaikki ovat tervetulleita linjoille. Koulutus pidet\u00e4\u00e4n TEAMSiss\u00e4. Ajankohdat ja ilmoittautumislinkit (sama koulutus eri ajankohtina tarjottuna): TIISTAINA 29.11.2022 KELLO 9 &#8211; 11 https:\/\/www.lyyti.in\/Nepsykoulutus_koulunkaynninohjaajille_aamu_9212 KESKIVIIKKONA 30.11.2022 KELLO 11 &#8211; 13 https:\/\/www.lyyti.in\/Nepsykoulutus_koulunkaynninohjaajille_PAIVA_0576 TORSTAINA 1.12.2022 KELLO 13 &#8211; 15 https:\/\/www.lyyti.in\/Nepsykoulutus_koulunkaynninohjaajille_ILTAPAIVA_4630 (Turun kaupungin ty\u00f6ntekij\u00e4t ilmoittautuvat my\u00f6s SAP HR itsepalveluportaalissa. L\u00f6ytyy hakusanalla Oireilevien) Koulutuksen sis\u00e4lt\u00f6: -Mit\u00e4 neuropsykiatriset &hellip; <\/p>\n<p class=\"link-more\"><a href=\"https:\/\/blog.edu.turku.fi\/oppimisentuki\/teamsnepsykoulutuksia-koulunkaynninohjaajille-2-tuntia\/\" class=\"more-link\">Jatka lukemista<span class=\"screen-reader-text\"> &#8221;Nepsykoulutuksia koulunk\u00e4ynninohjaajille (mennyt)&#8221;<\/span><\/a><\/p>\n","protected":false},"author":3241,"featured_media":0,"parent":0,"menu_order":0,"comment_status":"closed","ping_status":"closed","template":"","meta":{"footnotes":""},"class_list":["post-187","page","type-page","status-publish","hentry","entry"],"_links":{"self":[{"href":"https:\/\/blog.edu.turku.fi\/oppimisentuki\/wp-json\/wp\/v2\/pages\/187","targetHints":{"allow":["GET"]}}],"collection":[{"href":"https:\/\/blog.edu.turku.fi\/oppimisentuki\/wp-json\/wp\/v2\/pages"}],"about":[{"href":"https:\/\/blog.edu.turku.fi\/oppimisentuki\/wp-json\/wp\/v2\/types\/page"}],"author":[{"embeddable":true,"href":"https:\/\/blog.edu.turku.fi\/oppimisentuki\/wp-json\/wp\/v2\/users\/3241"}],"replies":[{"embeddable":true,"href":"https:\/\/blog.edu.turku.fi\/oppimisentuki\/wp-json\/wp\/v2\/comments?post=187"}],"version-history":[{"count":12,"href":"https:\/\/blog.edu.turku.fi\/oppimisentuki\/wp-json\/wp\/v2\/pages\/187\/revisions"}],"predecessor-version":[{"id":298,"href":"https:\/\/blog.edu.turku.fi\/oppimisentuki\/wp-json\/wp\/v2\/pages\/187\/revisions\/298"}],"wp:attachment":[{"href":"https:\/\/blog.edu.turku.fi\/oppimisentuki\/wp-json\/wp\/v2\/media?parent=187"}],"curies":[{"name":"wp","href":"https:\/\/api.w.org\/{rel}","templated":true}]}}