{"id":180,"date":"2022-09-16T13:50:07","date_gmt":"2022-09-16T10:50:07","guid":{"rendered":"https:\/\/blog.edu.turku.fi\/oppimisentuki\/?page_id=180"},"modified":"2023-03-27T11:19:34","modified_gmt":"2023-03-27T08:19:34","slug":"turun-perusopetuksen-nepsyiltapaiva-25-1-2023","status":"publish","type":"page","link":"https:\/\/blog.edu.turku.fi\/oppimisentuki\/turun-perusopetuksen-nepsyiltapaiva-25-1-2023\/","title":{"rendered":"Turun perusopetuksen nepsyiltap\u00e4iv\u00e4 (mennyt)"},"content":{"rendered":"<h5><strong>Turun perusopetuksen nepsyiltap\u00e4iv\u00e4 25.1.2023<br \/>\n<\/strong><\/h5>\n<p><em><strong>Turun yleisopetukseen rakennetaan neuropsykiatrisesti oireileville oppilaille lis\u00e4\u00e4 tukea. <\/strong><\/em><em><strong>Tammikuisessa iltap\u00e4iv\u00e4ss\u00e4 luodaan kokonaiskuvaa alueen nepsyasioista perusopetuksen n\u00e4k\u00f6kulmasta ja tullaan tutuiksi eri toimijoiden kesken, jotta sujuvampi yhteisty\u00f6 voisi olla mahdollista.<\/strong><\/em><\/p>\n<p style=\"text-align: left\"><strong>13.00 Kahvia ja vapaata keskustelua\u00a0<\/strong><\/p>\n<p><strong>14.00 Oppimisen tuen kehitt\u00e4minen koordinaattoreiden alkusanat <\/strong><\/p>\n<p><strong>14.05 Koulunepsyopettajien puheenvuorot alueittain <\/strong><\/p>\n<p><strong>14.35 Turun seudun autismi- ja ADHD-yhdistys Aisti ry: vanhemman puheenvuoro, Marjukka Saarnisto <\/strong><\/p>\n<p><strong>15.00 Turun lasten ja nuorten neuropsykiatrinen tiimi <\/strong><\/p>\n<p><strong>15.15 Oppimis- ja ohjauskeskus Valteri, P\u00e4ivi Norvapalo<\/strong><\/p>\n<p><strong>15.30 Turun Sairaalakoulun nepsykonsultaatio, Niina Eqvist ja P\u00e4lvi Holma-Kirstil\u00e4 <\/strong><\/p>\n<p><strong>15.45 Kysymyksi\u00e4 ja ajatuksia <\/strong><\/p>\n<p><strong>16.00 Tilaisuus loppuu \u00a0<\/strong><\/p>\n<p>Tilaisuus j\u00e4rjestet\u00e4\u00e4n Data-Cityn auditoriossa, osoitteessa <strong>Lemmink\u00e4isenkatu 14 \u2013 18B, 20520 Turku<\/strong><\/p>\n<p>Ilmoittautumislinkki:<\/p>\n<p>https:\/\/www.lyyti.in\/Nepsyiltapaiva_1869<\/p>\n<p><strong>Lit\u00e4tietoa:<\/strong><\/p>\n<p>Tiina Vanhanen<\/p>\n<p class=\"xmsonormal\">Projektikoordinaattori<\/p>\n<p class=\"xmsonormal\">Kasvatuksen ja opetuksen palvelukokonaisuus<\/p>\n<p class=\"xmsonormal\">Turun kaupunki<\/p>\n<p class=\"xmsonormal\">Olavintie 2, 20700 Turku<\/p>\n<p class=\"xmsonormal\">p. 040 627 6402<\/p>\n<p class=\"xmsonormal\"><a href=\"mailto:tiina.vanhanen@turku.fi\">tiina.vanhanen@turku.fi<\/a><\/p>\n<p><strong>\u00a0<\/strong><\/p>\n","protected":false},"excerpt":{"rendered":"<p>Turun perusopetuksen nepsyiltap\u00e4iv\u00e4 25.1.2023 Turun yleisopetukseen rakennetaan neuropsykiatrisesti oireileville oppilaille lis\u00e4\u00e4 tukea. Tammikuisessa iltap\u00e4iv\u00e4ss\u00e4 luodaan kokonaiskuvaa alueen nepsyasioista perusopetuksen n\u00e4k\u00f6kulmasta ja tullaan tutuiksi eri toimijoiden kesken, jotta sujuvampi yhteisty\u00f6 voisi olla mahdollista. 13.00 Kahvia ja vapaata keskustelua\u00a0 14.00 Oppimisen tuen kehitt\u00e4minen koordinaattoreiden alkusanat 14.05 Koulunepsyopettajien puheenvuorot alueittain 14.35 Turun seudun autismi- ja ADHD-yhdistys Aisti ry: &hellip; <\/p>\n<p class=\"link-more\"><a href=\"https:\/\/blog.edu.turku.fi\/oppimisentuki\/turun-perusopetuksen-nepsyiltapaiva-25-1-2023\/\" class=\"more-link\">Jatka lukemista<span class=\"screen-reader-text\"> &#8221;Turun perusopetuksen nepsyiltap\u00e4iv\u00e4 (mennyt)&#8221;<\/span><\/a><\/p>\n","protected":false},"author":3241,"featured_media":0,"parent":0,"menu_order":0,"comment_status":"closed","ping_status":"closed","template":"","meta":{"footnotes":""},"class_list":["post-180","page","type-page","status-publish","hentry","entry"],"_links":{"self":[{"href":"https:\/\/blog.edu.turku.fi\/oppimisentuki\/wp-json\/wp\/v2\/pages\/180","targetHints":{"allow":["GET"]}}],"collection":[{"href":"https:\/\/blog.edu.turku.fi\/oppimisentuki\/wp-json\/wp\/v2\/pages"}],"about":[{"href":"https:\/\/blog.edu.turku.fi\/oppimisentuki\/wp-json\/wp\/v2\/types\/page"}],"author":[{"embeddable":true,"href":"https:\/\/blog.edu.turku.fi\/oppimisentuki\/wp-json\/wp\/v2\/users\/3241"}],"replies":[{"embeddable":true,"href":"https:\/\/blog.edu.turku.fi\/oppimisentuki\/wp-json\/wp\/v2\/comments?post=180"}],"version-history":[{"count":8,"href":"https:\/\/blog.edu.turku.fi\/oppimisentuki\/wp-json\/wp\/v2\/pages\/180\/revisions"}],"predecessor-version":[{"id":300,"href":"https:\/\/blog.edu.turku.fi\/oppimisentuki\/wp-json\/wp\/v2\/pages\/180\/revisions\/300"}],"wp:attachment":[{"href":"https:\/\/blog.edu.turku.fi\/oppimisentuki\/wp-json\/wp\/v2\/media?parent=180"}],"curies":[{"name":"wp","href":"https:\/\/api.w.org\/{rel}","templated":true}]}}