{"id":146,"date":"2022-05-17T10:11:51","date_gmt":"2022-05-17T07:11:51","guid":{"rendered":"https:\/\/blog.edu.turku.fi\/oppimisentuki\/?page_id=146"},"modified":"2023-09-07T09:08:03","modified_gmt":"2023-09-07T06:08:03","slug":"turun-perusopetuksen-nepsytuki","status":"publish","type":"page","link":"https:\/\/blog.edu.turku.fi\/oppimisentuki\/turun-perusopetuksen-nepsytuki\/","title":{"rendered":"Turun perusopetuksen nepsytuki"},"content":{"rendered":"<p>Nepsytuen tavoitteena:<\/p>\n<ul>\n<li>vahvistaa varhaista tukea oppilaan omassa l\u00e4hikoulussa, l\u00e4hikouluperiaatteen edist\u00e4minen.<\/li>\n<li>antaa vertaistukea henkil\u00f6kunnalle: kaikkien tietojen, taitojen ja ymm\u00e4rryksen lis\u00e4\u00e4minen.<\/li>\n<li>luoda kouluihin yhten\u00e4iset, selke\u00e4t ja johdonmukaiset toimintatavat<\/li>\n<li>kehitt\u00e4\u00e4 kouluja nepsy-yst\u00e4v\u00e4llisemmiksi<\/li>\n<li>aistiesteett\u00f6myyden edist\u00e4minen<\/li>\n<\/ul>\n<p><a href=\"https:\/\/blog.edu.turku.fi\/oppimisentuki\/files\/2023\/05\/Kuva2.png\"><img loading=\"lazy\" decoding=\"async\" class=\"aligncenter size-large wp-image-333\" src=\"https:\/\/blog.edu.turku.fi\/oppimisentuki\/files\/2023\/05\/Kuva2-680x383.png\" alt=\"\" width=\"680\" height=\"383\" srcset=\"https:\/\/blog.edu.turku.fi\/oppimisentuki\/files\/2023\/05\/Kuva2.png 680w, https:\/\/blog.edu.turku.fi\/oppimisentuki\/files\/2023\/05\/Kuva2-300x169.png 300w\" sizes=\"auto, (max-width: 680px) 100vw, 680px\" \/><\/a><\/p>\n<h6><\/h6>\n<h4>Koulunepsyopettajat<\/h4>\n<ul>\n<li>Koko ty\u00f6yhteis\u00f6n tietoisuuden ja ymm\u00e4rryksen lis\u00e4\u00e4minen nepsyasioista:\n<ul>\n<li>Tiedottaa ja luo keskustelua ty\u00f6yhteis\u00f6ss\u00e4 nepsyasioista esimerkiksi koulun kokouksissa ja ottaa \u00a0 huomioon nepsyn\u00e4k\u00f6kulman koulun asioihin liittyv\u00e4ss\u00e4 suunnittelussa ja p\u00e4\u00e4t\u00f6ksenteossa.\u00a0 Lis\u00e4\u00e4 \u00a0 hyv\u00e4ksyv\u00e4\u00e4 ja positiivista asennetta nepsyoireileviin oppilaisiin ja nepsyasioihin.<\/li>\n<li>On mukana kehitt\u00e4m\u00e4ss\u00e4 koulun toimintatapoja nepsy-yst\u00e4v\u00e4llisemmiksi (koulun yhteiset, selke\u00e4t ja \u00a0 johdonmukaiset toimintatavat, rauhallinen ilmapiiri).<\/li>\n<li>Edist\u00e4\u00e4 aistiesteett\u00f6myytt\u00e4 (selkeys, h\u00e4iri\u00f6t\u00f6n oppimisymp\u00e4rist\u00f6, aistikuormituksesta palautumisen \u00a0 mahdollistaminen koulup\u00e4iv\u00e4n aikana) ja kehitt\u00e4\u00e4 oppimisymp\u00e4rist\u00f6j\u00e4 nepsy-yst\u00e4v\u00e4llisemmiksi (kuten \u00a0 v\u00e4lineet).<\/li>\n<li>Tukee ty\u00f6yhteis\u00f6n j\u00e4seni\u00e4 sopivien toimintatapojen l\u00f6yt\u00e4misess\u00e4 sek\u00e4 tukee luokka-arjessa selviytymist\u00e4 eri \u00a0 ty\u00f6skentelytavoin, jotka sovitetaan kunkin koulun toimintakulttuuriin (esimerkiksi \u00a0 havainnointi luokassa tai \u00a0 yhteisopettajuuden kautta).<\/li>\n<li>\u200bKonsultoi pyydett\u00e4ess\u00e4 oman koulun tai alueen muiden koulujen henkil\u00f6kuntaa nepsyasioissa (kuten \u00a0 opettajia, koulunk\u00e4ynninohjaajia ja APIP-v\u00e4ke\u00e4) yksin tai ty\u00f6parina aluenepsyopettajan, toisen \u00a0 koulunepsyopettajan ja\/tai sairaalakoulun konsultaatiotahon kanssa.<\/li>\n<\/ul>\n<\/li>\n<li>Osallistuu s\u00e4\u00e4nn\u00f6llisesti Turun nepsykokouksiin ja -koulutuksiin ja toimii yhteisty\u00f6ss\u00e4 Turun nepsyopettajien verkostossa kehitt\u00e4en koulujen nepsytukea.<\/li>\n<li>Kehitt\u00e4\u00e4 omaa nepsytietouttaan eri tavoin.<\/li>\n<\/ul>\n<h4>Aluenepsyopettajat (etel\u00e4inen, pohjoinen, it\u00e4inen, ruotsinkielinen ja yl\u00e4koulu)<\/h4>\n<ul>\n<li>Tapaa s\u00e4\u00e4nn\u00f6llisesti alueen koulunepsyopettajia ja toimii kokousten koollekutsujana<\/li>\n<li>Tapaa s\u00e4\u00e4nn\u00f6llisesti Turun aluenepsyopettajia<\/li>\n<li>N\u00e4iss\u00e4 tapaamisissa edistet\u00e4\u00e4n alueen nepsyasioita ja kehitet\u00e4\u00e4n Turun yleisopetuksen \u00a0 nepsytukea. Lis\u00e4ksi tapaamisissa pidet\u00e4\u00e4n yll\u00e4 ja kehitet\u00e4\u00e4n nepsyopettajien nepsytietoutta. \u00a0 \u200b<\/li>\n<li>Tekee yhteisty\u00f6t\u00e4 nepsyasioiden edist\u00e4miseksi Turun alueen nepsytoimijoiden kanssa (\u200bTurun hallinnon, hoitotahojen, sosiaalitoimen ja 3. sektorin kanssa).<\/li>\n<li>P\u00e4ivitt\u00e4\u00e4 tarvittaessa Turun oppimisen tuen palvelusivuston nepsyosiota ja j\u00e4rjest\u00e4\u00e4 v\u00e4hint\u00e4\u00e4n kerran vuodessa nepsyinfon Turun kaupungin opettajille esimerkiksi Teamsissa.<\/li>\n<li>Konsultoi pyydett\u00e4ess\u00e4 alueen koulujen henkil\u00f6kuntaa nepsyasioissa (kuten opettajia, koulunk\u00e4ynninohjaajia ja APIP-v\u00e4ke\u00e4) yksin tai ty\u00f6parina koulunepsyopettajan ja\/tai sairaalakoulun konsultaatiotahon kanssa.<\/li>\n<li>Kehitt\u00e4\u00e4 omaa nepsytietoutta eri tavoin.<\/li>\n<\/ul>\n<p>https:\/\/twitter.com\/turkusivistys\/status\/1592789570655031298<\/p>\n<div data-url=\"https:\/\/issuu.com\/turunviestinta\/docs\/turkuposti_4_2022\" style=\"width: 640px; height: 465px;\" class=\"issuuembed\"><\/div>\n<p><script type=\"text\/javascript\" src=\"\/\/e.issuu.com\/embed.js\" async=\"true\"><\/script><\/p>\n<p><a href=\"https:\/\/www.turku.fi\/uutinen\/2023-01-13_lisaa-tukea-neuropsykiatrisesti-oireileville-oppilaille\">https:\/\/www.turku.fi\/uutinen\/2023-01-13_lisaa-tukea-neuropsykiatrisesti-oireileville-oppilaille<\/a><\/p>\n<p><a href=\"https:\/\/www.turku.fi\/uutinen\/2023-03-30_tietoa-taitoa-ja-tyokaluja\">https:\/\/www.turku.fi\/uutinen\/2023-03-30_tietoa-taitoa-ja-tyokaluja<\/a><\/p>\n<p>&nbsp;<\/p>\n","protected":false},"excerpt":{"rendered":"<p>Nepsytuen tavoitteena: vahvistaa varhaista tukea oppilaan omassa l\u00e4hikoulussa, l\u00e4hikouluperiaatteen edist\u00e4minen. antaa vertaistukea henkil\u00f6kunnalle: kaikkien tietojen, taitojen ja ymm\u00e4rryksen lis\u00e4\u00e4minen. luoda kouluihin yhten\u00e4iset, selke\u00e4t ja johdonmukaiset toimintatavat kehitt\u00e4\u00e4 kouluja nepsy-yst\u00e4v\u00e4llisemmiksi aistiesteett\u00f6myyden edist\u00e4minen Koulunepsyopettajat Koko ty\u00f6yhteis\u00f6n tietoisuuden ja ymm\u00e4rryksen lis\u00e4\u00e4minen nepsyasioista: Tiedottaa ja luo keskustelua ty\u00f6yhteis\u00f6ss\u00e4 nepsyasioista esimerkiksi koulun kokouksissa ja ottaa \u00a0 huomioon nepsyn\u00e4k\u00f6kulman koulun asioihin &hellip; <\/p>\n<p class=\"link-more\"><a href=\"https:\/\/blog.edu.turku.fi\/oppimisentuki\/turun-perusopetuksen-nepsytuki\/\" class=\"more-link\">Jatka lukemista<span class=\"screen-reader-text\"> &#8221;Turun perusopetuksen nepsytuki&#8221;<\/span><\/a><\/p>\n","protected":false},"author":3241,"featured_media":0,"parent":0,"menu_order":0,"comment_status":"closed","ping_status":"closed","template":"","meta":{"footnotes":""},"class_list":["post-146","page","type-page","status-publish","hentry","entry"],"_links":{"self":[{"href":"https:\/\/blog.edu.turku.fi\/oppimisentuki\/wp-json\/wp\/v2\/pages\/146","targetHints":{"allow":["GET"]}}],"collection":[{"href":"https:\/\/blog.edu.turku.fi\/oppimisentuki\/wp-json\/wp\/v2\/pages"}],"about":[{"href":"https:\/\/blog.edu.turku.fi\/oppimisentuki\/wp-json\/wp\/v2\/types\/page"}],"author":[{"embeddable":true,"href":"https:\/\/blog.edu.turku.fi\/oppimisentuki\/wp-json\/wp\/v2\/users\/3241"}],"replies":[{"embeddable":true,"href":"https:\/\/blog.edu.turku.fi\/oppimisentuki\/wp-json\/wp\/v2\/comments?post=146"}],"version-history":[{"count":14,"href":"https:\/\/blog.edu.turku.fi\/oppimisentuki\/wp-json\/wp\/v2\/pages\/146\/revisions"}],"predecessor-version":[{"id":373,"href":"https:\/\/blog.edu.turku.fi\/oppimisentuki\/wp-json\/wp\/v2\/pages\/146\/revisions\/373"}],"wp:attachment":[{"href":"https:\/\/blog.edu.turku.fi\/oppimisentuki\/wp-json\/wp\/v2\/media?parent=146"}],"curies":[{"name":"wp","href":"https:\/\/api.w.org\/{rel}","templated":true}]}}