{"id":142,"date":"2022-05-17T09:47:04","date_gmt":"2022-05-17T06:47:04","guid":{"rendered":"https:\/\/blog.edu.turku.fi\/oppimisentuki\/?page_id=142"},"modified":"2023-03-27T11:21:02","modified_gmt":"2023-03-27T08:21:02","slug":"varhaiskasvatus-ja-esiopetus-monikulttuuristen-lasten-ja-perheiden-tukena-seminaari","status":"publish","type":"page","link":"https:\/\/blog.edu.turku.fi\/oppimisentuki\/varhaiskasvatus-ja-esiopetus-monikulttuuristen-lasten-ja-perheiden-tukena-seminaari\/","title":{"rendered":"Varhaiskasvatus ja esiopetus monikulttuuristen lasten ja perheiden tukena -seminaari (mennyt)"},"content":{"rendered":"<p>Miten varhaiskasvatuksessa ja esiopetuksessa tuetaan lasten oppimista, jotka eiv\u00e4t viel\u00e4 osaa opetuskielt\u00e4?\u00a0 Kuinka monikulttuurisessa varhaiskasvatuksessa tuetaan jokaisen lasten sosiaalista osallisuutta, inkluusiota ja oppimista lapsen taustasta riippumatta? Mit\u00e4 varhaiskasvatuksella on annettavana lapsille ja perheille, jotka ovat tulleet Suomeen pakoon sotaa?<\/p>\n<p>Seminaari j\u00e4rjestettiin yhteisty\u00f6ss\u00e4 Varhaiskasvatuksen oppimisen tuen kehitt\u00e4minen Varsinais-Suomessa sek\u00e4 Esi- ja perusopetuksen oppimisen tuen kehitt\u00e4minen Varsinais-Suomessa -hankkeiden kesken 13.5 klo 8.15 &#8211; 12.00 Turun Lemmink\u00e4isen koulutalon auditoriossa.<\/p>\n<p><strong>Ohjelma<\/strong><\/p>\n<p>Alkusanat &#8211; projektikoordinaattorit Tiina Vanhanen ja Elina Sandelin<\/p>\n<p>Mist\u00e4 kaikki alkoi? Aamuruskosta nykyhetkeen &#8211; p\u00e4iv\u00e4kodinjohtaja Klaus Ryt\u00f6honka<\/p>\n<p>Kielipeda arjen ty\u00f6kaluna &#8211; kiekuopettajat Kaisa Urjansson &amp; Hannele Kontsas-V\u00e4h\u00e4silta<\/p>\n<p>Perusopetukseen valmistava opetus esiopetuksessa &#8211; valmo-opettajat Jonna Nieminen &amp; Annika Salminen<\/p>\n<p>Vanhempien kanssa teht\u00e4v\u00e4 kieliyhteisty\u00f6 \u2013 Jonna Nieminen &amp; Annika Salminen<\/p>\n<p>Vinkkej\u00e4 ja linkkej\u00e4 monikielisten lasten opetukseen \u2013 Kontsas-V\u00e4h\u00e4silta, Nieminen, Salminen &amp; Urjansson<\/p>\n<p>Tauko<\/p>\n<p>Traumatisoituneiden lasten kohtaaminen \u2013 erikoistutkija Kirsi Peltonen, Lastenpsykiatrian tutkimuskeskus<\/p>\n<p>Keskustelupaneeli:<\/p>\n<p>Rauan Badawieh, varhaiskasvatuksen opettajaopiskelija, Turun yliopisto<\/p>\n<p>Mira Jyl\u00e4skoski, Daisy Ladies ry, K\u00e4si k\u00e4dess\u00e4 -hanke<\/p>\n<p>Hatice Kutuk, MVKK Monikulttuurinen varhaiskasvatus, koulu ja koti ry<\/p>\n<p>Kirsi Peltonen, Lastenpsykiatrian tutkimuskeskus, Turun yliopisto<\/p>\n<p>Sari Vanha-Perttula, Pelastusarmeijan ihmiskaupan vastainen ty\u00f6, varhaiskasvatuksen erityisopettaja<\/p>\n","protected":false},"excerpt":{"rendered":"<p>Miten varhaiskasvatuksessa ja esiopetuksessa tuetaan lasten oppimista, jotka eiv\u00e4t viel\u00e4 osaa opetuskielt\u00e4?\u00a0 Kuinka monikulttuurisessa varhaiskasvatuksessa tuetaan jokaisen lasten sosiaalista osallisuutta, inkluusiota ja oppimista lapsen taustasta riippumatta? Mit\u00e4 varhaiskasvatuksella on annettavana lapsille ja perheille, jotka ovat tulleet Suomeen pakoon sotaa? Seminaari j\u00e4rjestettiin yhteisty\u00f6ss\u00e4 Varhaiskasvatuksen oppimisen tuen kehitt\u00e4minen Varsinais-Suomessa sek\u00e4 Esi- ja perusopetuksen oppimisen tuen kehitt\u00e4minen Varsinais-Suomessa &hellip; <\/p>\n<p class=\"link-more\"><a href=\"https:\/\/blog.edu.turku.fi\/oppimisentuki\/varhaiskasvatus-ja-esiopetus-monikulttuuristen-lasten-ja-perheiden-tukena-seminaari\/\" class=\"more-link\">Jatka lukemista<span class=\"screen-reader-text\"> &#8221;Varhaiskasvatus ja esiopetus monikulttuuristen lasten ja perheiden tukena -seminaari (mennyt)&#8221;<\/span><\/a><\/p>\n","protected":false},"author":3241,"featured_media":0,"parent":0,"menu_order":5,"comment_status":"closed","ping_status":"closed","template":"","meta":{"footnotes":""},"class_list":["post-142","page","type-page","status-publish","hentry","entry"],"_links":{"self":[{"href":"https:\/\/blog.edu.turku.fi\/oppimisentuki\/wp-json\/wp\/v2\/pages\/142","targetHints":{"allow":["GET"]}}],"collection":[{"href":"https:\/\/blog.edu.turku.fi\/oppimisentuki\/wp-json\/wp\/v2\/pages"}],"about":[{"href":"https:\/\/blog.edu.turku.fi\/oppimisentuki\/wp-json\/wp\/v2\/types\/page"}],"author":[{"embeddable":true,"href":"https:\/\/blog.edu.turku.fi\/oppimisentuki\/wp-json\/wp\/v2\/users\/3241"}],"replies":[{"embeddable":true,"href":"https:\/\/blog.edu.turku.fi\/oppimisentuki\/wp-json\/wp\/v2\/comments?post=142"}],"version-history":[{"count":4,"href":"https:\/\/blog.edu.turku.fi\/oppimisentuki\/wp-json\/wp\/v2\/pages\/142\/revisions"}],"predecessor-version":[{"id":303,"href":"https:\/\/blog.edu.turku.fi\/oppimisentuki\/wp-json\/wp\/v2\/pages\/142\/revisions\/303"}],"wp:attachment":[{"href":"https:\/\/blog.edu.turku.fi\/oppimisentuki\/wp-json\/wp\/v2\/media?parent=142"}],"curies":[{"name":"wp","href":"https:\/\/api.w.org\/{rel}","templated":true}]}}