{"id":953,"date":"2023-04-19T11:17:43","date_gmt":"2023-04-19T08:17:43","guid":{"rendered":"https:\/\/blog.edu.turku.fi\/oppimisen-tuki\/?page_id=953"},"modified":"2023-10-12T11:52:18","modified_gmt":"2023-10-12T08:52:18","slug":"monialainen-asiantuntijaryhma","status":"publish","type":"page","link":"https:\/\/blog.edu.turku.fi\/oppimisen-tuki\/koulutusasteet\/perusopetus\/toimijat\/monialainen-asiantuntijaryhma\/","title":{"rendered":"Monialainen asiantuntijaryhm\u00e4 (MAR)"},"content":{"rendered":"<ul>\n<li>MAR keskittyy yhden oppilaan asioihin kerrallaan tavoitteenaan parantaa oppilaan edellytyksi\u00e4 opiskeluun.<\/li>\n<li>MAR kokoontuu tarpeen mukaan.<\/li>\n<li>Monialaisen asiantuntijaryhm\u00e4n toiminta perustuu aina oppilaan tai tarvittaessa huoltajan yksil\u00f6ityyn kirjalliseen suostumukseen.<\/li>\n<li>Monialaisessa asiantuntijaryhm\u00e4ss\u00e4 voi olla oppilaan\/huoltajan suostumuksella terveydenhoitaja, kuraattori, psykologi, l\u00e4\u00e4k\u00e4ri, oppilaanohjaaja, opettaja, erityisopettaja tai muu siin\u00e4 tilanteessa keskeinen henkil\u00f6.<\/li>\n<li>Ryhm\u00e4n j\u00e4senill\u00e4 on oikeus lis\u00e4ksi pyyt\u00e4\u00e4 neuvoa tarpeellisiksi katsomiltaan asiantuntijoilta.<\/li>\n<li>Se henkil\u00f6, jolle asian selvitt\u00e4minen ty\u00f6teht\u00e4vien perusteella kuuluu, kutsuu ryhm\u00e4n kokoon, toimii puheenjohtajana ja hankkii oppilaan ja\/tai huoltajan kirjallisen suostumuksen.<\/li>\n<li>Ryhm\u00e4n vastuuhenkil\u00f6 vastaa, ett\u00e4 asian k\u00e4sittely kirjataan huoltajan luvalla muistioon ja joka s\u00e4ilytet\u00e4\u00e4n lain vaatimalla tavalla.<\/li>\n<\/ul>\n","protected":false},"excerpt":{"rendered":"<p>keskittyy yhden oppilaan asioihin kerrallaan tavoitteenaan parantaa oppilaan edellytyksi\u00e4 opiskeluun kokoontuu tarpeen mukaan perustuu aina oppilaan tai tarvittaessa huoltajan yksil\u00f6ityyn kirjalliseen suostumukseen&#8230;<\/p>\n","protected":false},"author":56,"featured_media":0,"parent":426,"menu_order":0,"comment_status":"closed","ping_status":"closed","template":"","meta":{"footnotes":""},"class_list":["post-953","page","type-page","status-publish","hentry"],"_links":{"self":[{"href":"https:\/\/blog.edu.turku.fi\/oppimisen-tuki\/wp-json\/wp\/v2\/pages\/953","targetHints":{"allow":["GET"]}}],"collection":[{"href":"https:\/\/blog.edu.turku.fi\/oppimisen-tuki\/wp-json\/wp\/v2\/pages"}],"about":[{"href":"https:\/\/blog.edu.turku.fi\/oppimisen-tuki\/wp-json\/wp\/v2\/types\/page"}],"author":[{"embeddable":true,"href":"https:\/\/blog.edu.turku.fi\/oppimisen-tuki\/wp-json\/wp\/v2\/users\/56"}],"replies":[{"embeddable":true,"href":"https:\/\/blog.edu.turku.fi\/oppimisen-tuki\/wp-json\/wp\/v2\/comments?post=953"}],"version-history":[{"count":8,"href":"https:\/\/blog.edu.turku.fi\/oppimisen-tuki\/wp-json\/wp\/v2\/pages\/953\/revisions"}],"predecessor-version":[{"id":3755,"href":"https:\/\/blog.edu.turku.fi\/oppimisen-tuki\/wp-json\/wp\/v2\/pages\/953\/revisions\/3755"}],"up":[{"embeddable":true,"href":"https:\/\/blog.edu.turku.fi\/oppimisen-tuki\/wp-json\/wp\/v2\/pages\/426"}],"wp:attachment":[{"href":"https:\/\/blog.edu.turku.fi\/oppimisen-tuki\/wp-json\/wp\/v2\/media?parent=953"}],"curies":[{"name":"wp","href":"https:\/\/api.w.org\/{rel}","templated":true}]}}