{"id":951,"date":"2023-04-19T10:58:16","date_gmt":"2023-04-19T07:58:16","guid":{"rendered":"https:\/\/blog.edu.turku.fi\/oppimisen-tuki\/?page_id=951"},"modified":"2023-08-02T10:34:57","modified_gmt":"2023-08-02T07:34:57","slug":"erikoissairaanhoito","status":"publish","type":"page","link":"https:\/\/blog.edu.turku.fi\/oppimisen-tuki\/koulutusasteet\/perusopetus\/toimijat\/erikoissairaanhoito\/","title":{"rendered":"Erikoissairaanhoito"},"content":{"rendered":"<ul>\n<li>Lasten ja nuorten poliklinikka toimii alle 20-vuotiaiden turkulaisten erikoisl\u00e4\u00e4k\u00e4ritasoista hoitoa tarvitsevien potilaiden tutkimus- ja hoitopaikkana.<\/li>\n<li>Lapsen sairastuessa otetaan ensisijaisesti yhteytt\u00e4 lapsen omalle terveysasemalle tai yksityiselle l\u00e4\u00e4k\u00e4riasemalle, jossa l\u00e4\u00e4k\u00e4ri arvioi tilanteen ja kirjoittaa tarvittaessa l\u00e4hetteen jatkohoitoon, esimerkiksi lasten ja nuorten poliklinikalle.<\/li>\n<li>Poliklinikan erikoisl\u00e4\u00e4k\u00e4ri arvioi l\u00e4hetteen saaneen lapsen ja nuoren kiireellisyysasteen ja ohjaa l\u00e4hetteen oikealle vastaanotolle: allergia- ja astmapoliklinikka, kastelupoliklinikka, nuorisogynekologinen poliklinikka,p\u00e4\u00e4ns\u00e4rkypoliklinikka, lasten neuropsykiatrinen tiimi, sy\u00f6mish\u00e4iri\u00f6poliklinikka tai maksuton ehk\u00e4isy.<\/li>\n<li>Nuorisopoliklinikalle (p\u00e4ihdeyksikk\u00f6, psykiatrinen tukiyksikk\u00f6) voi ottaa yhteytt\u00e4 joko nuori itse, vanhempi tai viranomaistaho. Hoitoon hakeutumiseen riitt\u00e4\u00e4 puhelinsoitto, l\u00e4hetett\u00e4 ei tarvita.<\/li>\n<\/ul>\n<p>&nbsp;<\/p>\n<p>Vastuuorganisaatio:<\/p>\n<p>Turun kaupungin hyvinvointitoimiala<\/p>\n<p>&nbsp;<\/p>\n<p>L\u00e4hteet:<\/p>\n<p>Turun kaupungin kotisivut. Lasten ja nuorten poliklinikka. Haettu 2023 osoitteesta https:\/\/www.turku.fi\/sosiaali-ja-terveyspalvelut\/terveyspalvelut\/laakarien-ja-hoitajien-vastaanotot\/lasten-ja-nuorten<\/p>\n","protected":false},"excerpt":{"rendered":"<p>Lasten ja nuorten poliklinikka toimii alle 20-vuotiaiden turkulaisten erikoisl\u00e4\u00e4k\u00e4ritasoista hoitoa tarvitsevien potilaiden tutkimus- ja hoitopaikkana. Lapsen sairastuessa otetaan ensisijaisesti yhteytt\u00e4 lapsen omalle terveysasemalle tai yksityise&#8230;<\/p>\n","protected":false},"author":56,"featured_media":0,"parent":426,"menu_order":0,"comment_status":"closed","ping_status":"closed","template":"","meta":{"footnotes":""},"class_list":["post-951","page","type-page","status-publish","hentry"],"_links":{"self":[{"href":"https:\/\/blog.edu.turku.fi\/oppimisen-tuki\/wp-json\/wp\/v2\/pages\/951","targetHints":{"allow":["GET"]}}],"collection":[{"href":"https:\/\/blog.edu.turku.fi\/oppimisen-tuki\/wp-json\/wp\/v2\/pages"}],"about":[{"href":"https:\/\/blog.edu.turku.fi\/oppimisen-tuki\/wp-json\/wp\/v2\/types\/page"}],"author":[{"embeddable":true,"href":"https:\/\/blog.edu.turku.fi\/oppimisen-tuki\/wp-json\/wp\/v2\/users\/56"}],"replies":[{"embeddable":true,"href":"https:\/\/blog.edu.turku.fi\/oppimisen-tuki\/wp-json\/wp\/v2\/comments?post=951"}],"version-history":[{"count":5,"href":"https:\/\/blog.edu.turku.fi\/oppimisen-tuki\/wp-json\/wp\/v2\/pages\/951\/revisions"}],"predecessor-version":[{"id":2692,"href":"https:\/\/blog.edu.turku.fi\/oppimisen-tuki\/wp-json\/wp\/v2\/pages\/951\/revisions\/2692"}],"up":[{"embeddable":true,"href":"https:\/\/blog.edu.turku.fi\/oppimisen-tuki\/wp-json\/wp\/v2\/pages\/426"}],"wp:attachment":[{"href":"https:\/\/blog.edu.turku.fi\/oppimisen-tuki\/wp-json\/wp\/v2\/media?parent=951"}],"curies":[{"name":"wp","href":"https:\/\/api.w.org\/{rel}","templated":true}]}}