{"id":945,"date":"2023-04-19T10:53:45","date_gmt":"2023-04-19T07:53:45","guid":{"rendered":"https:\/\/blog.edu.turku.fi\/oppimisen-tuki\/?page_id=945"},"modified":"2023-07-06T08:46:24","modified_gmt":"2023-07-06T05:46:24","slug":"varhaiskasvatuksen-neuropsykiatrinen-tiimi","status":"publish","type":"page","link":"https:\/\/blog.edu.turku.fi\/oppimisen-tuki\/koulutusasteet\/perusopetus\/toimijat\/varhaiskasvatuksen-neuropsykiatrinen-tiimi\/","title":{"rendered":"Lasten ja nuorten neuropsykiatrinen tiimi"},"content":{"rendered":"<ul>\n<li>Lasten ja nuorten neuropsykiatrinen tiimi eli Nepsy-tiimi tukee alle 13-vuotiaita, heid\u00e4n perheit\u00e4\u00e4n sek\u00e4 heid\u00e4n kanssaan ty\u00f6skentelevi\u00e4, kun lapsella on pulmia aktiivisuuden ja tarkkaavuuden s\u00e4\u00e4telyss\u00e4, impulssikontrollissa, sosiaalisessa vuorovaikutuksessa tai toistavassa k\u00e4ytt\u00e4ytymisess\u00e4.<\/li>\n<li>Kouluik\u00e4inen lapsi ohjautuu nepsy-tiimin palveluun kouluterveydenhuollon l\u00e4hetteen kautta.<\/li>\n<li>Nepsy-tiimill\u00e4 on my\u00f6s tuki- ja ohjauspuhelin, johon oppilaan huoltaja tai koulun henkil\u00f6st\u00f6 voi soittaa ilman l\u00e4hetett\u00e4 tai olemassa olevaa hoitosuhdetta. Puhelimessa neuvontaa antaa sairaanhoitaja. Ammattilaisten puhelinaika torstaisin klo 10\u201312. Ajantasaiset yhteystiedot l\u00f6ytyv\u00e4t hakusanalla Varhan nepsytiimin puhelinaika.<\/li>\n<li>Nepsy-tiimi tekee arviointi- ja ohjausk\u00e4yntej\u00e4 poliklinikalla sek\u00e4 lapsen l\u00e4hiymp\u00e4rist\u00f6iss\u00e4, kuten kodissa, ja koulussa. Huoltajille on tarjolla yksil\u00f6llist\u00e4 ohjausta lapsen kehityksen tukemiseksi, ryhm\u00e4psykoedukaatiota sek\u00e4 ryhm\u00e4muotoista vanhempainohjausta. Tiimilt\u00e4 saa tukea diagnostiseen selvittelyyn ja mahdolliseen ADHD\/ADD-l\u00e4\u00e4kityksen aloitukseen tai muutokseen.<\/li>\n<\/ul>\n<p>&nbsp;<\/p>\n<p>L\u00e4hteet:<\/p>\n<p>Turun kaupungin kotisivut. Lasten neuropsykiatrinen tiimi. Haettu 2023 osoitteesta https:\/\/www.turku.fi\/toimipaikat\/lasten-ja-nuorten-neuropsykiatrinen-tiimi<\/p>\n<p>Varhan kotisivut. Lasten neuropsykiatrinen tiimi. Haettu 2023 osoitteesta https:\/\/www.varha.fi\/fi\/asiointikanavat\/lasten-neuropsykiatrinen-tiimi-turku<\/p>\n","protected":false},"excerpt":{"rendered":"<p>Nepsy-tiimi tukee turkulaisia alle 13-vuotiaita, heid\u00e4n perheit\u00e4\u00e4n sek\u00e4 heid\u00e4n kanssaan ty\u00f6skentelevi\u00e4, kun lapsella on pulmia aktiivisuuden ja tarkkaavuuden s\u00e4\u00e4telyss\u00e4, impulssikontrollissa, sosiaalisessa vuorovaikutuksessa tai toistavassa k\u00e4ytt\u00e4yty&#8230;<\/p>\n","protected":false},"author":56,"featured_media":0,"parent":426,"menu_order":0,"comment_status":"closed","ping_status":"closed","template":"","meta":{"footnotes":""},"class_list":["post-945","page","type-page","status-publish","hentry"],"_links":{"self":[{"href":"https:\/\/blog.edu.turku.fi\/oppimisen-tuki\/wp-json\/wp\/v2\/pages\/945","targetHints":{"allow":["GET"]}}],"collection":[{"href":"https:\/\/blog.edu.turku.fi\/oppimisen-tuki\/wp-json\/wp\/v2\/pages"}],"about":[{"href":"https:\/\/blog.edu.turku.fi\/oppimisen-tuki\/wp-json\/wp\/v2\/types\/page"}],"author":[{"embeddable":true,"href":"https:\/\/blog.edu.turku.fi\/oppimisen-tuki\/wp-json\/wp\/v2\/users\/56"}],"replies":[{"embeddable":true,"href":"https:\/\/blog.edu.turku.fi\/oppimisen-tuki\/wp-json\/wp\/v2\/comments?post=945"}],"version-history":[{"count":2,"href":"https:\/\/blog.edu.turku.fi\/oppimisen-tuki\/wp-json\/wp\/v2\/pages\/945\/revisions"}],"predecessor-version":[{"id":2403,"href":"https:\/\/blog.edu.turku.fi\/oppimisen-tuki\/wp-json\/wp\/v2\/pages\/945\/revisions\/2403"}],"up":[{"embeddable":true,"href":"https:\/\/blog.edu.turku.fi\/oppimisen-tuki\/wp-json\/wp\/v2\/pages\/426"}],"wp:attachment":[{"href":"https:\/\/blog.edu.turku.fi\/oppimisen-tuki\/wp-json\/wp\/v2\/media?parent=945"}],"curies":[{"name":"wp","href":"https:\/\/api.w.org\/{rel}","templated":true}]}}