{"id":942,"date":"2023-04-19T10:31:11","date_gmt":"2023-04-19T07:31:11","guid":{"rendered":"https:\/\/blog.edu.turku.fi\/oppimisen-tuki\/?page_id=942"},"modified":"2023-07-06T08:20:49","modified_gmt":"2023-07-06T05:20:49","slug":"sosiaalipalvelut","status":"publish","type":"page","link":"https:\/\/blog.edu.turku.fi\/oppimisen-tuki\/koulutusasteet\/perusopetus\/toimijat\/sosiaalipalvelut\/","title":{"rendered":"Sosiaalipalvelut"},"content":{"rendered":"<ul>\n<li>Sosiaalihuollon palveluiden j\u00e4rjest\u00e4misvastuu on hyvinvointialueella.<\/li>\n<li>Koulun ja sosiaalipalveluiden v\u00e4lill\u00e4 teht\u00e4v\u00e4ss\u00e4 yhteisty\u00f6ss\u00e4 noudatetaan salassapitos\u00e4\u00e4nn\u00f6ksi\u00e4. Sosiaalihuollon asiakkuus on salassa pidett\u00e4v\u00e4 tieto, jota ei automaattisesti ilmoiteta oppilaan koulutuksen j\u00e4rjest\u00e4j\u00e4lle.<\/li>\n<li>Mik\u00e4li oppilas saa sosiaalihuollon palveluita, arvioidaan tapauskohtaisesti olisiko oppilaan edun kannalta hy\u00f6dyllist\u00e4 kutsua oppilaan sosiaalihuollon edustaja mukaan monialaisen asiantuntijaryhm\u00e4\u00e4n.<\/li>\n<li>Koulun henkil\u00f6st\u00f6ll\u00e4 on velvollisuus ohjata perheit\u00e4 palveluiden piiriin, mik\u00e4li henkil\u00f6st\u00f6 havaitsee, ett\u00e4 oppilaan perhe tarvitsee sosiaalihuollon tukea arjessaan.<\/li>\n<li>Lapsiperhesosiaality\u00f6: vanhemmilla on uupumista, psyykkisi\u00e4 ongelmia tai masennusta,lapsella psyykkisi\u00e4 ongelmia,lapsi on turvaton, lapsen asioita ei hoideta,lapsella ik\u00e4\u00e4ns\u00e4 n\u00e4hden liian suuri vastuu perheen arjesta esimerkiksi vanhemman sairauden vuoksi, perheell\u00e4 ongelmia taloudellisen tilanteen tai asumisen kanssa,perheess\u00e4 pitk\u00e4aikaista ty\u00f6tt\u00f6myytt\u00e4 ja sen seuraukset n\u00e4kyv\u00e4t lapselle, tarvitaan tukea arkiel\u00e4m\u00e4n sujumiseen tai muiden palvelujen tarpeen arvioimiseen, \u00e4killinen kriisi.<\/li>\n<li>Lapsiperheiden kotipalvelu: tarvitaan konkreettista apua perheen arjen keskelle.<\/li>\n<li>Lastensuojelu (suora yhteydenotto jos asiakkuus jo voimassa): vanhemmat k\u00e4ytt\u00e4v\u00e4t paljon ja usein p\u00e4ihteit\u00e4, perheess\u00e4 k\u00e4ytet\u00e4\u00e4n v\u00e4kivaltaa, vanhemmilla vakavia mielenterveyden ongelmia, lapsi k\u00e4ytt\u00e4\u00e4 p\u00e4ihteit\u00e4, tekee rikoksia tai laiminly\u00f6 koulunk\u00e4ymisen.<\/li>\n<li>Sosiaalip\u00e4ivystys: hoitaa akuutin kiireellisen sosiaality\u00f6n sek\u00e4 lastensuojeluilmoitusten, sosiaalihuoltolain mukaisten ilmoitusten ja sosiaalihuoltolain mukaisten yhteydenottojen vastaanottamisen ja p\u00e4ivystyksellisen puuttumisen. Tarpeen mukaan asiakkaiden jatko-ohjaaminen.<\/li>\n<\/ul>\n","protected":false},"excerpt":{"rendered":"<p>Sosiaalihuollon palveluiden j\u00e4rjest\u00e4misvastuu on hyvinvointialueella. Oppilas tai oppilaan perhe saattavat tarvita sosiaalipalveluita monista erilaisista syist\u00e4. Mik\u00e4li koulun henkil\u00f6st\u00f6 havaitsee perheell\u00e4 mahdollisen tarpeen sosiaalihuollon palvelu&#8230;<\/p>\n","protected":false},"author":56,"featured_media":0,"parent":426,"menu_order":0,"comment_status":"closed","ping_status":"closed","template":"","meta":{"footnotes":""},"class_list":["post-942","page","type-page","status-publish","hentry"],"_links":{"self":[{"href":"https:\/\/blog.edu.turku.fi\/oppimisen-tuki\/wp-json\/wp\/v2\/pages\/942","targetHints":{"allow":["GET"]}}],"collection":[{"href":"https:\/\/blog.edu.turku.fi\/oppimisen-tuki\/wp-json\/wp\/v2\/pages"}],"about":[{"href":"https:\/\/blog.edu.turku.fi\/oppimisen-tuki\/wp-json\/wp\/v2\/types\/page"}],"author":[{"embeddable":true,"href":"https:\/\/blog.edu.turku.fi\/oppimisen-tuki\/wp-json\/wp\/v2\/users\/56"}],"replies":[{"embeddable":true,"href":"https:\/\/blog.edu.turku.fi\/oppimisen-tuki\/wp-json\/wp\/v2\/comments?post=942"}],"version-history":[{"count":4,"href":"https:\/\/blog.edu.turku.fi\/oppimisen-tuki\/wp-json\/wp\/v2\/pages\/942\/revisions"}],"predecessor-version":[{"id":2395,"href":"https:\/\/blog.edu.turku.fi\/oppimisen-tuki\/wp-json\/wp\/v2\/pages\/942\/revisions\/2395"}],"up":[{"embeddable":true,"href":"https:\/\/blog.edu.turku.fi\/oppimisen-tuki\/wp-json\/wp\/v2\/pages\/426"}],"wp:attachment":[{"href":"https:\/\/blog.edu.turku.fi\/oppimisen-tuki\/wp-json\/wp\/v2\/media?parent=942"}],"curies":[{"name":"wp","href":"https:\/\/api.w.org\/{rel}","templated":true}]}}