{"id":940,"date":"2023-04-19T10:29:05","date_gmt":"2023-04-19T07:29:05","guid":{"rendered":"https:\/\/blog.edu.turku.fi\/oppimisen-tuki\/?page_id=940"},"modified":"2023-07-06T08:34:21","modified_gmt":"2023-07-06T05:34:21","slug":"perheneuvola","status":"publish","type":"page","link":"https:\/\/blog.edu.turku.fi\/oppimisen-tuki\/koulutusasteet\/perusopetus\/toimijat\/perheneuvola\/","title":{"rendered":"Perheneuvola"},"content":{"rendered":"<ul>\n<li>Perheneuvola on Varsinais-Suomen hyvinvointialueen tarjoama palvelu, jonka piiriin voidaan ohjata perheit\u00e4, mik\u00e4li perhe tarvitsee apua ja tukea oppilaan psyykkiseen kehitykseen tai vanhemmuuteen liittyviss\u00e4 kysymyksiss\u00e4.<\/li>\n<li>Perheneuvola tukee lapsia ja perheit\u00e4 erityyppisiss\u00e4 tilanteissa (psykologeja, sosiaality\u00f6ntekij\u00e4, l\u00e4\u00e4k\u00e4ri). Perheneuvolan olemassaolosta voi kertoa yleisesti kaikille huoltajille esimerkiksi vanhempainillassa. Perheneuvolan piiriin k\u00e4\u00e4ntymist\u00e4 voi ehdottaa huoltajille, kun koulun henkil\u00f6st\u00f6 arvioi, ett\u00e4 perhe hy\u00f6tyisi perheneuvolan ammattiosaamisesta tai oppilas tarvitsisi psykologin tutkimuksia.<\/li>\n<li>Perheneuvola antaa tukea esimerkiksi perheiden vuorovaikutusongelmiin, lapsen sosiaalisia suhteita koskeviin pulmiin sek\u00e4 tuetaan perheit\u00e4 muutos- ja kriisitilanteissa (esimerkiksi ero, uusperheen syntyminen, l\u00e4heisen kuolema).<\/li>\n<li>Perheneuvolassa annetaan palveluita muun muassa seuraavissa asioissa: lasten, vanhempien ja perheiden tukik\u00e4ynnit, psykologiset yksil\u00f6tutkimukset, parisuhdek\u00e4ynnit, perheasioiden sovittelu, perheterapeuttinen ty\u00f6 ja vauvaperheiden palvelut.<\/li>\n<\/ul>\n","protected":false},"excerpt":{"rendered":"<p>Perheneuvola on Turussa toimiva palvelu, jonka piiriin voidaan ohjata perheit\u00e4, mik\u00e4li perhe tarvitsee apua ja tukea lapsen ja nuoren psyykkiseen kehitykseen sek\u00e4 vanhemmuuteen liittyviss\u00e4 kysymyksiss\u00e4.<\/p>\n<p>Perheneuvolassa annetaan tukea perheiden vuo&#8230;<\/p>\n","protected":false},"author":56,"featured_media":0,"parent":426,"menu_order":0,"comment_status":"closed","ping_status":"closed","template":"","meta":{"footnotes":""},"class_list":["post-940","page","type-page","status-publish","hentry"],"_links":{"self":[{"href":"https:\/\/blog.edu.turku.fi\/oppimisen-tuki\/wp-json\/wp\/v2\/pages\/940","targetHints":{"allow":["GET"]}}],"collection":[{"href":"https:\/\/blog.edu.turku.fi\/oppimisen-tuki\/wp-json\/wp\/v2\/pages"}],"about":[{"href":"https:\/\/blog.edu.turku.fi\/oppimisen-tuki\/wp-json\/wp\/v2\/types\/page"}],"author":[{"embeddable":true,"href":"https:\/\/blog.edu.turku.fi\/oppimisen-tuki\/wp-json\/wp\/v2\/users\/56"}],"replies":[{"embeddable":true,"href":"https:\/\/blog.edu.turku.fi\/oppimisen-tuki\/wp-json\/wp\/v2\/comments?post=940"}],"version-history":[{"count":4,"href":"https:\/\/blog.edu.turku.fi\/oppimisen-tuki\/wp-json\/wp\/v2\/pages\/940\/revisions"}],"predecessor-version":[{"id":2400,"href":"https:\/\/blog.edu.turku.fi\/oppimisen-tuki\/wp-json\/wp\/v2\/pages\/940\/revisions\/2400"}],"up":[{"embeddable":true,"href":"https:\/\/blog.edu.turku.fi\/oppimisen-tuki\/wp-json\/wp\/v2\/pages\/426"}],"wp:attachment":[{"href":"https:\/\/blog.edu.turku.fi\/oppimisen-tuki\/wp-json\/wp\/v2\/media?parent=940"}],"curies":[{"name":"wp","href":"https:\/\/api.w.org\/{rel}","templated":true}]}}