{"id":938,"date":"2023-04-19T10:27:55","date_gmt":"2023-04-19T07:27:55","guid":{"rendered":"https:\/\/blog.edu.turku.fi\/oppimisen-tuki\/?page_id=938"},"modified":"2023-09-26T11:52:17","modified_gmt":"2023-09-26T08:52:17","slug":"erityispalvelupaallikko","status":"publish","type":"page","link":"https:\/\/blog.edu.turku.fi\/oppimisen-tuki\/koulutusasteet\/perusopetus\/toimijat\/erityispalvelupaallikko\/","title":{"rendered":"Erityispalvelup\u00e4\u00e4llikk\u00f6"},"content":{"rendered":"<ul>\n<li>on oppimisen tuen asiantuntija<\/li>\n<li>kehitt\u00e4\u00e4 perusopetusta ja sen nivelvaiheita l\u00e4hikouluperiaatteen mukaisesti<\/li>\n<li>suunnittelee ja kehitt\u00e4\u00e4 yhdess\u00e4 konsultoivien erityisopettajien ja tuen suunnittelijan kanssa oppimisen tuen linjauksia ja toimintatapoja kaupungin tasolla<\/li>\n<li>ohjaa oppilaan tuen toteutumista kaupungin tasolla<\/li>\n<li>tekee erityisen tuen hallintop\u00e4\u00e4t\u00f6kset<\/li>\n<li>tekee erityisen tuen oppilaiden erityisiin opetusj\u00e4rjestelyihin liittyv\u00e4t hallintop\u00e4\u00e4t\u00f6kset<\/li>\n<\/ul>\n","protected":false},"excerpt":{"rendered":"<p>oppimisen tuen asiantuntija suunnittelee ja kehitt\u00e4\u00e4 oppimisen tuen ja erityisopetuksen linjauksia ja toimintatapoja kaupungin tasolla ohjaa oppilaan tuen toteutumista kaupungin tasolla tekee erityisen &#8230;<\/p>\n","protected":false},"author":56,"featured_media":0,"parent":426,"menu_order":0,"comment_status":"closed","ping_status":"closed","template":"","meta":{"footnotes":""},"class_list":["post-938","page","type-page","status-publish","hentry"],"_links":{"self":[{"href":"https:\/\/blog.edu.turku.fi\/oppimisen-tuki\/wp-json\/wp\/v2\/pages\/938","targetHints":{"allow":["GET"]}}],"collection":[{"href":"https:\/\/blog.edu.turku.fi\/oppimisen-tuki\/wp-json\/wp\/v2\/pages"}],"about":[{"href":"https:\/\/blog.edu.turku.fi\/oppimisen-tuki\/wp-json\/wp\/v2\/types\/page"}],"author":[{"embeddable":true,"href":"https:\/\/blog.edu.turku.fi\/oppimisen-tuki\/wp-json\/wp\/v2\/users\/56"}],"replies":[{"embeddable":true,"href":"https:\/\/blog.edu.turku.fi\/oppimisen-tuki\/wp-json\/wp\/v2\/comments?post=938"}],"version-history":[{"count":6,"href":"https:\/\/blog.edu.turku.fi\/oppimisen-tuki\/wp-json\/wp\/v2\/pages\/938\/revisions"}],"predecessor-version":[{"id":3546,"href":"https:\/\/blog.edu.turku.fi\/oppimisen-tuki\/wp-json\/wp\/v2\/pages\/938\/revisions\/3546"}],"up":[{"embeddable":true,"href":"https:\/\/blog.edu.turku.fi\/oppimisen-tuki\/wp-json\/wp\/v2\/pages\/426"}],"wp:attachment":[{"href":"https:\/\/blog.edu.turku.fi\/oppimisen-tuki\/wp-json\/wp\/v2\/media?parent=938"}],"curies":[{"name":"wp","href":"https:\/\/api.w.org\/{rel}","templated":true}]}}