{"id":9,"date":"2022-04-19T14:24:02","date_gmt":"2022-04-19T11:24:02","guid":{"rendered":"https:\/\/blog.edu.turku.fi\/oppimisen-tuki\/?page_id=9"},"modified":"2025-11-13T13:47:30","modified_gmt":"2025-11-13T11:47:30","slug":"varhaiskasvatus","status":"publish","type":"page","link":"https:\/\/blog.edu.turku.fi\/oppimisen-tuki\/koulutusasteet\/varhaiskasvatus\/","title":{"rendered":"Varhaiskasvatus"},"content":{"rendered":"\n<div id=\"varhaiskasvatuskaavio\" class=\"kaavio\">\n<div id=\"keha-1\">\n<h2>Vastuut tuen j\u00e4rjest\u00e4misess\u00e4<\/h2>\n<p><a href=\"https:\/\/blog.edu.turku.fi\/oppimisen-tuki\/koulutusasteet\/varhaiskasvatus\/toimijat\/lapsi\/\">Lapsi<\/a><\/p>\n\n<\/div>\n<div id=\"keha-2\">\n<h3>Tiimi<\/h3>\n<p><a href=\"https:\/\/blog.edu.turku.fi\/oppimisen-tuki\/koulutusasteet\/varhaiskasvatus\/toimijat\/varhaiskasvatuksen-opettaja\/\">Opettaja<\/a><br><a href=\"https:\/\/blog.edu.turku.fi\/oppimisen-tuki\/koulutusasteet\/varhaiskasvatus\/toimijat\/lastenhoitaja\/\">Lastenhoitaja<\/a><br><a href=\"https:\/\/blog.edu.turku.fi\/oppimisen-tuki\/koulutusasteet\/varhaiskasvatus\/toimijat\/avustaja\/\">Avustaja<\/a><br><a href=\"https:\/\/blog.edu.turku.fi\/oppimisen-tuki\/koulutusasteet\/varhaiskasvatus\/toimijat\/erityisopettaja\/\">Erityisopettaja<\/a><br><a href=\"https:\/\/blog.edu.turku.fi\/oppimisen-tuki\/koulutusasteet\/varhaiskasvatus\/toimijat\/varhaiskasvatuksen-sosionomi\/\">Sosionomi<\/a><\/p>\n\n<\/div>\n<div id=\"keha-3\">\n<h3>Kasvatusyhteis\u00f6<\/h3>\n<p><a class=\"eiAktiivinen\" href=\"#\">&#8212;<\/a><br><a class=\"eiAktiivinen\" href=\"#\">&#8212;<\/a><br><a class=\"eiAktiivinen\" href=\"#\">&#8212;<\/a><br><a class=\"eiAktiivinen\" href=\"#\">&#8212;<\/a><br><a class=\"eiAktiivinen\" href=\"#\">&#8212;<\/a><br><a href=\"https:\/\/blog.edu.turku.fi\/oppimisen-tuki\/koulutusasteet\/varhaiskasvatus\/toimijat\/helppi-tiimi\/\">Helppi-tiimi<\/a><br><a href=\"https:\/\/blog.edu.turku.fi\/oppimisen-tuki\/koulutusasteet\/varhaiskasvatus\/toimijat\/alueelliset-latu-tyoryhmat\/\">LATU-ty\u00f6ryhm\u00e4<\/a><br><a href=\"https:\/\/blog.edu.turku.fi\/oppimisen-tuki\/koulutusasteet\/varhaiskasvatus\/toimijat\/kieku\/\">Kieli- ja kulttuuriopettaja<\/a><br><a href=\"https:\/\/blog.edu.turku.fi\/oppimisen-tuki\/koulutusasteet\/varhaiskasvatus\/toimijat\/paivakodin-johtaja\/\">P\u00e4iv\u00e4kodin johtaja<\/a><br><a href=\"https:\/\/blog.edu.turku.fi\/oppimisen-tuki\/koulutusasteet\/varhaiskasvatus\/toimijat\/alueellinen-sosionomi\/\">Alueellinen sosionomi<\/a><br><a href=\"https:\/\/blog.edu.turku.fi\/oppimisen-tuki\/koulutusasteet\/varhaiskasvatus\/toimijat\/erityisopettajat-yksityinen\/\">Erityisopettaja (yksityinen)<\/a><br><a href=\"https:\/\/blog.edu.turku.fi\/oppimisen-tuki\/koulutusasteet\/varhaiskasvatus\/toimijat\/alueellinen-varhaiskasvatuksen-erityisopettaja\/\">Alueellinen erityisopettaja<br>(kunnallinen)<\/a><br><a href=\"https:\/\/blog.edu.turku.fi\/oppimisen-tuki\/koulutusasteet\/varhaiskasvatus\/toimijat\/paivakodin-erityisopettaja-kunnallinen\/\">P\u00e4iv\u00e4kodin erityisopettaja<br>(kunnallinen)<\/a><\/p>\n<\/div>\n\n<div id=\"keha-4\">\n<h3>Monialainen yhteisty\u00f6<\/h3>\n<p><a href=\"https:\/\/blog.edu.turku.fi\/oppimisen-tuki\/koulutusasteet\/varhaiskasvatus\/toimijat\/lastenneuvola\/\">Lastenneuvola<\/a><br><a href=\"https:\/\/blog.edu.turku.fi\/oppimisen-tuki\/koulutusasteet\/varhaiskasvatus\/toimijat\/perheneuvola\/\">Perheneuvola<\/a><br><a href=\"https:\/\/blog.edu.turku.fi\/oppimisen-tuki\/koulutusasteet\/varhaiskasvatus\/toimijat\/sosiaalipalvelut\/\">Sosiaalipalvelut<\/a><br><a\nhref=\"https:\/\/blog.edu.turku.fi\/oppimisen-tuki\/koulutusasteet\/varhaiskasvatus\/toimijat\/lapsen-kuntouttavat-tahot\/\">Lapsen kuntouttavat tahot<\/a><br><a \nhref=\"https:\/\/blog.edu.turku.fi\/oppimisen-tuki\/koulutusasteet\/varhaiskasvatus\/toimijat\/muut-terveydenhuoltopalvelut\/\">Muut terveydenhuollon<br>palvelut<\/a><\/p>\n<\/div>\n<\/div>\n\n\n\n<div class=\"kehakaavioselite\">\n<h2>Vastuut tuen j\u00e4rjest\u00e4misess\u00e4<\/h2>\n<h3>Tiimi (sis\u00e4keh\u00e4)<\/h3>\n<p>Tiimill\u00e4 tarkoitetaan lapsiryhm\u00e4n pysyv\u00e4\u00e4 henkil\u00f6st\u00f6\u00e4. Tiimin j\u00e4senet vastaavat lapsen tuen toteuttamisesta ryhm\u00e4n arjessa. Tiimin ty\u00f6skentely perustuu moniammatilliseen yhteisty\u00f6h\u00f6n, jossa jokainen tiimin j\u00e4sen tuo ammatillisen osaamisensa lapsiryhm\u00e4\u00e4n. Varhaiskasvatuslaki ja valtioneuvoston asetus varhaiskasvatuksesta m\u00e4\u00e4rittelev\u00e4t reunaehdot lapsiryhmien henkil\u00f6st\u00f6rakenteelle, mutta niiden rakenteet vaihtelevat.<\/p>\n<h3>Kasvatusyhteis\u00f6 (keskikeh\u00e4)<\/h3>\n<p>Kasvatusyhteis\u00f6\u00f6n kuuluvat p\u00e4iv\u00e4kodin lapsiryhmien kaikki tiimit sek\u00e4 muut varhaiskasvatuksen ammattihenkil\u00f6t, jotka osallistuvat varhaiskasvatuksen j\u00e4rjest\u00e4miseen sek\u00e4 lasten tukitoimien suunnitteluun, toteutukseen ja arviointiin. Henkil\u00f6st\u00f6 voi vaihdella toimipaikoittain. Esimerkiksi kunnallisessa varhaiskasvatuksessa kieli- ja kulttuuritietoisia varhaiskasvatuksen opettajia on kohdennettu p\u00e4iv\u00e4koteihin, joissa paljon monikielisi\u00e4 lapsia.<\/p>\n<h3>Monialainen yhteisty\u00f6 (ulkokeh\u00e4)<\/h3>\n<p>Monialaista yhteisty\u00f6t\u00e4 tehd\u00e4\u00e4n&nbsp; sosiaali- ja terveyspalveluita j\u00e4rjest\u00e4vien tahojen kanssa. Hyvinvointialueen vastuulla oleviin palveluihin ohjaudutaan p\u00e4\u00e4asiassa lastenneuvolan kautta. Keh\u00e4ll\u00e4 on kuvattu yleisimm\u00e4t yhteisty\u00f6tahot, joiden kanssa Turun varhaiskasvatus tekee yhteisty\u00f6t\u00e4.<\/p>\n<\/div>\n","protected":false},"excerpt":{"rendered":"<p>VAKAopettaja Lastenhoitaja Yksik\u00f6n yhteiset asiat Valmo-&#8230;<\/p>\n","protected":false},"author":56,"featured_media":0,"parent":309,"menu_order":1,"comment_status":"closed","ping_status":"closed","template":"","meta":{"footnotes":""},"class_list":["post-9","page","type-page","status-publish","hentry"],"_links":{"self":[{"href":"https:\/\/blog.edu.turku.fi\/oppimisen-tuki\/wp-json\/wp\/v2\/pages\/9","targetHints":{"allow":["GET"]}}],"collection":[{"href":"https:\/\/blog.edu.turku.fi\/oppimisen-tuki\/wp-json\/wp\/v2\/pages"}],"about":[{"href":"https:\/\/blog.edu.turku.fi\/oppimisen-tuki\/wp-json\/wp\/v2\/types\/page"}],"author":[{"embeddable":true,"href":"https:\/\/blog.edu.turku.fi\/oppimisen-tuki\/wp-json\/wp\/v2\/users\/56"}],"replies":[{"embeddable":true,"href":"https:\/\/blog.edu.turku.fi\/oppimisen-tuki\/wp-json\/wp\/v2\/comments?post=9"}],"version-history":[{"count":102,"href":"https:\/\/blog.edu.turku.fi\/oppimisen-tuki\/wp-json\/wp\/v2\/pages\/9\/revisions"}],"predecessor-version":[{"id":5480,"href":"https:\/\/blog.edu.turku.fi\/oppimisen-tuki\/wp-json\/wp\/v2\/pages\/9\/revisions\/5480"}],"up":[{"embeddable":true,"href":"https:\/\/blog.edu.turku.fi\/oppimisen-tuki\/wp-json\/wp\/v2\/pages\/309"}],"wp:attachment":[{"href":"https:\/\/blog.edu.turku.fi\/oppimisen-tuki\/wp-json\/wp\/v2\/media?parent=9"}],"curies":[{"name":"wp","href":"https:\/\/api.w.org\/{rel}","templated":true}]}}