{"id":635,"date":"2023-02-02T14:34:15","date_gmt":"2023-02-02T12:34:15","guid":{"rendered":"https:\/\/blog.edu.turku.fi\/oppimisen-tuki\/?page_id=635"},"modified":"2024-09-04T13:17:13","modified_gmt":"2024-09-04T10:17:13","slug":"tuen-tarpeen-tunnistaminen","status":"publish","type":"page","link":"https:\/\/blog.edu.turku.fi\/oppimisen-tuki\/koulutusasteet\/perusopetus\/lisatiedot\/tuen-tarpeen-tunnistaminen\/","title":{"rendered":"Tuen tarpeen tunnistaminen"},"content":{"rendered":"<table class=\"otsikkolinkit\">\n<tbody>\n<\/tbody>\n<\/table>\n<h2 id=\"varhainen-tunnistaminen-ja-vahvuuksien-hyodyntaminen\">Varhainen tunnistaminen ja vahvuuksien hy\u00f6dynt\u00e4minen<\/h2>\n<ul>\n<li>Varhaisessa vaiheessa annettu oikea-aikainen tuki ehk\u00e4isee ongelmien syvenemist\u00e4 ja monimuotoistumista.<\/li>\n<li>Oleellista on my\u00f6s rakentaa tuki oppilaan vahvuuksia hy\u00f6dynt\u00e4m\u00e4ll\u00e4 ja vahvistamalla.<\/li>\n<\/ul>\n<h2 id=\"havainnointi\">Havainnointi<\/h2>\n<ul>\n<li>Havainnoidessa oppilasta tuen tarpeen selvitt\u00e4miseksi tulee ottaa huomioon tilannekohtaiset tekij\u00e4t, jotka vaikuttavat oppilaan toimintaan. T\u00e4llaisia ovat esimerkiksi oppilaan vireystila, motivaatio ja ulkoiset h\u00e4iri\u00f6tekij\u00e4t.<\/li>\n<li> Oppimisymp\u00e4rist\u00f6\u00f6n liittyvi\u00e4 tuen tarpeita sek\u00e4 niiden vastaamisen suunnittelussa kannattaa hy\u00f6dynt\u00e4\u00e4 my\u00f6s ulkopuolisia henkil\u00f6it\u00e4. Omat kollegat, konsultoivat erityisopettajat, opiskeluhuollon henkil\u00f6st\u00f6 sek\u00e4 muut mahdolliset tahot voivat olla apuna n\u00e4iss\u00e4.<\/li>\n<\/ul>\n<h2 id=\"seulat-kartoitukset-ja-testit\">Seulat, kartoitukset ja testit<\/h2>\n<ul>\n<li>Seulat ovat tarkoitettu tuen tarpeen tunnistamiseen ja niiden tarkoituksena on arvioida oppimisvaikeuksien riski\u00e4 ja tuoda esiin mahdolliset vaikeudet arvioiduissa taidoissa.<\/li>\n<li>Kartoitusten ja testien tuottamaa tietoa k\u00e4ytet\u00e4\u00e4n tukitoimien suunnitteluun ja toteuttamiseen.<\/li>\n<li>Kartoitusten, testien ja selvitettyjen oppilaan vahvuuksien avulla suunnitellaan yhteisty\u00f6n\u00e4 yksil\u00f6llisi\u00e4 tukitoimia oppilaalle ja etsi\u00e4 t\u00e4lle sopivat oppimis- ja opetustyylit sek\u00e4 opetusmateriaali.<\/li>\n<li>Tuen suunnittelu tapahtuu aina yksil\u00f6llisesti ja siin\u00e4 huomioidaan oppilaan taitojen ja haasteiden yhdistelm\u00e4, oppimisen haasteiden syyt, aikaisemmat tukitoimet sek\u00e4 olemassa olevat resurssit.<\/li>\n<\/ul>\n","protected":false},"excerpt":{"rendered":"<p>P\u00e4ivityksess\u00e4?&#8230;<\/p>\n","protected":false},"author":56,"featured_media":0,"parent":424,"menu_order":0,"comment_status":"closed","ping_status":"closed","template":"","meta":{"footnotes":""},"class_list":["post-635","page","type-page","status-publish","hentry"],"_links":{"self":[{"href":"https:\/\/blog.edu.turku.fi\/oppimisen-tuki\/wp-json\/wp\/v2\/pages\/635","targetHints":{"allow":["GET"]}}],"collection":[{"href":"https:\/\/blog.edu.turku.fi\/oppimisen-tuki\/wp-json\/wp\/v2\/pages"}],"about":[{"href":"https:\/\/blog.edu.turku.fi\/oppimisen-tuki\/wp-json\/wp\/v2\/types\/page"}],"author":[{"embeddable":true,"href":"https:\/\/blog.edu.turku.fi\/oppimisen-tuki\/wp-json\/wp\/v2\/users\/56"}],"replies":[{"embeddable":true,"href":"https:\/\/blog.edu.turku.fi\/oppimisen-tuki\/wp-json\/wp\/v2\/comments?post=635"}],"version-history":[{"count":41,"href":"https:\/\/blog.edu.turku.fi\/oppimisen-tuki\/wp-json\/wp\/v2\/pages\/635\/revisions"}],"predecessor-version":[{"id":4438,"href":"https:\/\/blog.edu.turku.fi\/oppimisen-tuki\/wp-json\/wp\/v2\/pages\/635\/revisions\/4438"}],"up":[{"embeddable":true,"href":"https:\/\/blog.edu.turku.fi\/oppimisen-tuki\/wp-json\/wp\/v2\/pages\/424"}],"wp:attachment":[{"href":"https:\/\/blog.edu.turku.fi\/oppimisen-tuki\/wp-json\/wp\/v2\/media?parent=635"}],"curies":[{"name":"wp","href":"https:\/\/api.w.org\/{rel}","templated":true}]}}