{"id":619,"date":"2023-02-02T14:32:31","date_gmt":"2023-02-02T12:32:31","guid":{"rendered":"https:\/\/blog.edu.turku.fi\/oppimisen-tuki\/?page_id=619"},"modified":"2024-09-18T09:49:16","modified_gmt":"2024-09-18T06:49:16","slug":"yhteistyo-tuen-aikana","status":"publish","type":"page","link":"https:\/\/blog.edu.turku.fi\/oppimisen-tuki\/koulutusasteet\/perusopetus\/lisatiedot\/yhteistyo-tuen-aikana\/","title":{"rendered":"Yhteisty\u00f6 tuen aikana"},"content":{"rendered":"\n<table class=\"otsikkolinkit\">\n<tbody>\n<tr>\n<td><a href=\"https:\/\/blog.edu.turku.fi\/oppimisen-tuki\/koulutusasteet\/perusopetus\/lisatiedot\/yhteistyo-tuen-aikana\/yhteistyo-huoltajien-kanssa\/\">Yhteisty\u00f6 huoltajien kanssa<\/a><\/td>\n<td><a href=\"https:\/\/blog.edu.turku.fi\/oppimisen-tuki\/koulutusasteet\/perusopetus\/lisatiedot\/yhteistyo-tuen-aikana\/opiskeluhuolto-turun-perusopetuksessa\/\">Opiskeluhuolto<\/a><\/td>\n<td><a href=\"https:\/\/blog.edu.turku.fi\/oppimisen-tuki\/koulutusasteet\/perusopetus\/lisatiedot\/yhteistyo-tuen-aikana\/aamu-ja-iltapaivatoiminta\/\">Aamu- ja iltap\u00e4iv\u00e4toiminta<\/a><\/td>\n<td><a href=\"https:\/\/blog.edu.turku.fi\/oppimisen-tuki\/koulutusasteet\/perusopetus\/lisatiedot\/yhteistyo-tuen-aikana\/sosiaali-ja-terveydenhoitopalvelut\/\">Sosiaali- ja terveydenhuoltopalvelut<\/a><\/td>\n<td><a href=\"https:\/\/blog.edu.turku.fi\/oppimisen-tuki\/koulutusasteet\/perusopetus\/lisatiedot\/yhteistyo-tuen-aikana\/sairaalakoulu\/\">Sairaalakoulu<\/a><\/td>\n<td><a href=\"https:\/\/blog.edu.turku.fi\/oppimisen-tuki\/koulutusasteet\/perusopetus\/lisatiedot\/yhteistyo-tuen-aikana\/poliisiasiat\/\">Poliisiasiat<\/a><\/td>\n<\/tr>\n<\/tbody>\n<\/table>\n\n\n\n<table class=\"otsikkolinkit\">\n<tbody>\n<tr>\n<td><a href=\"https:\/\/blog.edu.turku.fi\/oppimisen-tuki\/koulutusasteet\/perusopetus\/lisatiedot\/yhteistyo-tuen-aikana\/harrastustoiminta-oppimisen-tukena\/\">Harrastustoiminta<\/a><\/td>\n<td><a href=\"https:\/\/blog.edu.turku.fi\/oppimisen-tuki\/koulutusasteet\/perusopetus\/lisatiedot\/yhteistyo-tuen-aikana\/kirjasto-oppimista-tukemassa\/\">Kirjasto<\/a><\/td>\n<td><a href=\"https:\/\/blog.edu.turku.fi\/oppimisen-tuki\/fi\/koulutusasteet\/perusopetus\/lisatiedot\/yhteistyo-tuen-aikana\/varsinais-suomen-lastensuojelujarjestojen-tuki-lapselle-ja-nuorelle\/\">Lastensuojeluj\u00e4rjest\u00f6t<\/a><\/td>\n<\/tr>\n<\/tbody>\n<\/table>\n\n\n\n<p><strong>Yhteisty\u00f6n tekeminen<\/strong><\/p>\n\n\n\n<p>Yhteisty\u00f6n tekeminen tuen asioissa vaatii aikaa ja toimijoiden toisiaan arvostavaa kohtaamista. Yhteisty\u00f6t\u00e4 tulee tehd\u00e4 yksitt\u00e4isen oppilaan hyvinvoinnin tukemiseksi sek\u00e4 koko kouluyhteis\u00f6n hyvinvoinnin vahvistamiseksi.<\/p>\n\n\n\n<p>L\u00e4ht\u00f6kohtana yhteisty\u00f6ss\u00e4 tuen asioissa on oppilaskeskeisyys, jossa toteutuu oppilaan tarve ja oikeus tulla kuulluksi h\u00e4nt\u00e4 koskevissa asioissa sek\u00e4 kunnioittava suhtautuminen h\u00e4neen. Yhteisty\u00f6n tavoitteiden tulee olla kaiken tekemisen l\u00e4ht\u00f6kohta: mit\u00e4 tehd\u00e4\u00e4n, miten tehd\u00e4\u00e4n, milloin tehd\u00e4\u00e4n, ketk\u00e4 tekev\u00e4t ja mit\u00e4 varten?<\/p>\n\n\n\n<p>Onnistunut yhteisty\u00f6 ei tarkoita sit\u00e4, ett\u00e4 asioista ollaan aina samaa mielt\u00e4. Yhteisty\u00f6t\u00e4 teht\u00e4ess\u00e4 on hyv\u00e4 pyrki\u00e4 my\u00f6s tunnistamaan mahdolliset ristiriitatilanteet.<\/p>\n\n\n\n<p>On muistettava, ett\u00e4 jokaisen ammatillinen tausta ja rooli tuovat oman n\u00e4k\u00f6kulmansa yhteisy\u00f6h\u00f6n ja jokaisella on omanlaisensa arvot, normit ja toimintatavat, jotka vaikuttavat yhteisty\u00f6n sujuvuuteen.<\/p>\n\n\n\n<p>Jokaisella on my\u00f6s oma roolinsa tuen asioiden edist\u00e4misess\u00e4. Yhteisty\u00f6h\u00f6n kulloinkin osallistuvat ammattihenkil\u00f6t harkitaan tapauskohtaisesti.<\/p>\n","protected":false},"excerpt":{"rendered":"<p>Otsikkolinkit, jotka aukeavat omalle sivulle Opiskeluhuolto Sosiaali- ja terveydenhuoltopalvelut Poliis&#8230;<\/p>\n","protected":false},"author":56,"featured_media":0,"parent":424,"menu_order":0,"comment_status":"closed","ping_status":"closed","template":"","meta":{"footnotes":""},"class_list":["post-619","page","type-page","status-publish","hentry"],"_links":{"self":[{"href":"https:\/\/blog.edu.turku.fi\/oppimisen-tuki\/wp-json\/wp\/v2\/pages\/619","targetHints":{"allow":["GET"]}}],"collection":[{"href":"https:\/\/blog.edu.turku.fi\/oppimisen-tuki\/wp-json\/wp\/v2\/pages"}],"about":[{"href":"https:\/\/blog.edu.turku.fi\/oppimisen-tuki\/wp-json\/wp\/v2\/types\/page"}],"author":[{"embeddable":true,"href":"https:\/\/blog.edu.turku.fi\/oppimisen-tuki\/wp-json\/wp\/v2\/users\/56"}],"replies":[{"embeddable":true,"href":"https:\/\/blog.edu.turku.fi\/oppimisen-tuki\/wp-json\/wp\/v2\/comments?post=619"}],"version-history":[{"count":52,"href":"https:\/\/blog.edu.turku.fi\/oppimisen-tuki\/wp-json\/wp\/v2\/pages\/619\/revisions"}],"predecessor-version":[{"id":4567,"href":"https:\/\/blog.edu.turku.fi\/oppimisen-tuki\/wp-json\/wp\/v2\/pages\/619\/revisions\/4567"}],"up":[{"embeddable":true,"href":"https:\/\/blog.edu.turku.fi\/oppimisen-tuki\/wp-json\/wp\/v2\/pages\/424"}],"wp:attachment":[{"href":"https:\/\/blog.edu.turku.fi\/oppimisen-tuki\/wp-json\/wp\/v2\/media?parent=619"}],"curies":[{"name":"wp","href":"https:\/\/api.w.org\/{rel}","templated":true}]}}