{"id":615,"date":"2023-02-02T14:31:47","date_gmt":"2023-02-02T12:31:47","guid":{"rendered":"https:\/\/blog.edu.turku.fi\/oppimisen-tuki\/?page_id=615"},"modified":"2024-08-15T13:11:50","modified_gmt":"2024-08-15T10:11:50","slug":"monikieliset-oppilaat","status":"publish","type":"page","link":"https:\/\/blog.edu.turku.fi\/oppimisen-tuki\/koulutusasteet\/perusopetus\/lisatiedot\/monikieliset-oppilaat\/","title":{"rendered":"Monikieliset oppilaat"},"content":{"rendered":"<p>Jokainen aikuinen on kielellinen malli ja opettamiensa oppiaineiden kielten opettaja. Kielet ovat oppimisen kohde ja v\u00e4line. Koulussa ymm\u00e4rret\u00e4\u00e4n kielen keskeisyys oppimisessa, kasvamisessa,<br \/>\nyhteistoiminnassa, identiteettien rakentumisessa ja yhteiskuntaan sosiaalistumisessa.<\/p>\n<p>Turun kaupungin monikulttuurisen opetuksen blogista l\u00f6yd\u00e4t lis\u00e4tietoa monikulttuurisen opetuksen j\u00e4rjest\u00e4misest\u00e4 Turussa: <a href=\"https:\/\/blog.edu.turku.fi\/monikulttuurinenopetus\/\">blog.edu.turku.fi\/monikulttuurinenopetus<\/a>. <\/p>\n<table class=\"otsikkolinkit\">\n<tbody>\n<tr>\n<td><a href=\"https:\/\/blog.edu.turku.fi\/oppimisen-tuki\/fi\/koulutusasteet\/perusopetus\/lisatiedot\/monikieliset-oppilaat\/kun-opetusryhmaani-tulee-monikielinen-oppilas\/\">Kun opetusryhm\u00e4\u00e4n tulee monikielinen oppilas<\/a><\/td>\n<td><a href=\"https:\/\/blog.edu.turku.fi\/oppimisen-tuki\/fi\/koulutusasteet\/perusopetus\/lisatiedot\/monikieliset-oppilaat\/yhteistyo-monikielisen-oppilaan-huoltajien-kanssa\/\">Yhteisty\u00f6 monikielisen oppilaan huoltajien kanssa<\/a><\/td>\n<td><a href=\"https:\/\/blog.edu.turku.fi\/oppimisen-tuki\/fi\/koulutusasteet\/perusopetus\/lisatiedot\/monikieliset-oppilaat\/kielitietoinen-opettaja\/\">Kielitietoinen opettaja<\/a><\/td>\n<td><a href=\"https:\/\/blog.edu.turku.fi\/oppimisen-tuki\/fi\/koulutusasteet\/perusopetus\/lisatiedot\/monikieliset-oppilaat\/s2-oppimaaran-yksilollistaminen-turun-perusopetuksessa\/\">S2-oppim\u00e4\u00e4r\u00e4n yksil\u00f6llist\u00e4minen<\/a><\/td>\n<td><a href=\"https:\/\/blog.edu.turku.fi\/oppimisen-tuki\/fi\/koulutusasteet\/perusopetus\/lisatiedot\/monikieliset-oppilaat\/oppimaaranvalintakeskustelu-perusopetuksessa\/\">Oppim\u00e4\u00e4r\u00e4nvalintakeskustelu perusopetuksessa<\/a><\/td>\n<td><a href=\"https:\/\/blog.edu.turku.fi\/oppimisen-tuki\/fi\/koulutusasteet\/perusopetus\/lisatiedot\/monikieliset-oppilaat\/monikulttuurinen-kalenteri\/\">Monikulttuurinen kalenteri<\/a><\/td>\n<td><a href=\"https:\/\/blog.edu.turku.fi\/oppimisen-tuki\/fi\/koulutusasteet\/perusopetus\/lisatiedot\/monikieliset-oppilaat\/omakielinen-koulusanasto\/\">Omakielinen koulusanasto<\/a><\/td>\n<td><a href=\"https:\/\/blog.edu.turku.fi\/oppimisen-tuki\/fi\/koulutusasteet\/perusopetus\/lisatiedot\/monikieliset-oppilaat\/tekstin-ymmartamisen-taitojen-opettaminen-monikielisille-oppilaille\/\">Tekstin ymm\u00e4rt\u00e4misen taitojen opettaminen monikielisille oppilaille<\/a><\/td>\n<td><a href=\"https:\/\/blog.edu.turku.fi\/oppimisen-tuki\/fi\/koulutusasteet\/perusopetus\/lisatiedot\/monikieliset-oppilaat\/monikielisen-oppilaan-arviointi\/\">Monikielisen oppilaan arviointi<\/a><\/td>\n<td><a href=\"https:\/\/blog.edu.turku.fi\/oppimisen-tuki\/fi\/koulutusasteet\/perusopetus\/lisatiedot\/monikieliset-oppilaat\/monikielisen-oppilaan-vapauttaminen-oppiaineen-opiskelusta\/\">Monikielisen oppilaan vapauttaminen oppiaineen opiskelusta<\/a><\/td>\n<td><a href=\"https:\/\/blog.edu.turku.fi\/oppimisen-tuki\/fi\/koulutusasteet\/perusopetus\/lisatiedot\/monikieliset-oppilaat\/perusopetuksen-oppimaaraan-sisaltyvien-opintojen-suorittaminen-valmistavan-opetuksen-aikana\/\">Perusopetuksen oppim\u00e4\u00e4r\u00e4\u00e4n sis\u00e4ltyvien opintojen suorittaminen valmistavan opetuksen aikana<\/a><\/td>\n<\/tr>\n<\/tbody>\n<\/table>\n","protected":false},"excerpt":{"rendered":"<p>[accordion scroll=true usebuttons=true class='testi'] [accordion-item title=\"Puheet\"]Lorem ipsum dolor sit amet, consectetur adipiscing elit. Maecenas consectetur risus ut aliquet iaculis. Mauris molestie sed nibh malesuada vulputate. Aenean a ele&#8230;<\/p>\n","protected":false},"author":56,"featured_media":0,"parent":424,"menu_order":0,"comment_status":"closed","ping_status":"closed","template":"","meta":{"footnotes":""},"class_list":["post-615","page","type-page","status-publish","hentry"],"_links":{"self":[{"href":"https:\/\/blog.edu.turku.fi\/oppimisen-tuki\/wp-json\/wp\/v2\/pages\/615","targetHints":{"allow":["GET"]}}],"collection":[{"href":"https:\/\/blog.edu.turku.fi\/oppimisen-tuki\/wp-json\/wp\/v2\/pages"}],"about":[{"href":"https:\/\/blog.edu.turku.fi\/oppimisen-tuki\/wp-json\/wp\/v2\/types\/page"}],"author":[{"embeddable":true,"href":"https:\/\/blog.edu.turku.fi\/oppimisen-tuki\/wp-json\/wp\/v2\/users\/56"}],"replies":[{"embeddable":true,"href":"https:\/\/blog.edu.turku.fi\/oppimisen-tuki\/wp-json\/wp\/v2\/comments?post=615"}],"version-history":[{"count":30,"href":"https:\/\/blog.edu.turku.fi\/oppimisen-tuki\/wp-json\/wp\/v2\/pages\/615\/revisions"}],"predecessor-version":[{"id":4401,"href":"https:\/\/blog.edu.turku.fi\/oppimisen-tuki\/wp-json\/wp\/v2\/pages\/615\/revisions\/4401"}],"up":[{"embeddable":true,"href":"https:\/\/blog.edu.turku.fi\/oppimisen-tuki\/wp-json\/wp\/v2\/pages\/424"}],"wp:attachment":[{"href":"https:\/\/blog.edu.turku.fi\/oppimisen-tuki\/wp-json\/wp\/v2\/media?parent=615"}],"curies":[{"name":"wp","href":"https:\/\/api.w.org\/{rel}","templated":true}]}}