{"id":573,"date":"2023-02-02T10:23:03","date_gmt":"2023-02-02T08:23:03","guid":{"rendered":"https:\/\/blog.edu.turku.fi\/oppimisen-tuki\/?page_id=573"},"modified":"2025-11-26T15:04:37","modified_gmt":"2025-11-26T13:04:37","slug":"varhaiskasvatuksesta-esiopetukseen-siirtyminen","status":"publish","type":"page","link":"https:\/\/blog.edu.turku.fi\/oppimisen-tuki\/koulutusasteet\/varhaiskasvatus\/lisatiedot\/sujuvat-siirtymat\/varhaiskasvatuksesta-esiopetukseen-siirtyminen\/","title":{"rendered":"Varhaiskasvatuksesta esiopetukseen siirtyminen"},"content":{"rendered":"<p>Esiopetuksen aloittaminen on t\u00e4rke\u00e4 nivelvaihe lapsen omalla oppimisen\u00a0polulla. Lains\u00e4\u00e4d\u00e4nn\u00f6llisesti esiopetusta ohjaa Perusopetuslaki ja t\u00e4ydent\u00e4v\u00e4\u00e4 varhaiskasvatusta Varhaiskasvatuslaki. Pedagogisesti ajateltuna esiopetus on osa varhaiskasvatusta ja esiopetussuunnitelmassa korostuvat varhaiskasvatuksen ty\u00f6tavat: leikki ja toiminnalliset menetelm\u00e4t.<\/p>\n<p>Lapsi siirtyy esiopetukseen p\u00e4\u00e4s\u00e4\u00e4nt\u00f6isesti sin\u00e4 vuonna kuin lapsi t\u00e4ytt\u00e4\u00e4 6 vuotta.<\/p>\n<ul>\n<li>Turun kaupungin varhaiskasvatus osoittaa esiopetuspaikan lapsen kotiosoitteen mukaisesta esiopetuspaikasta. P\u00e4\u00e4t\u00f6s toimitetaan postitse tai suomi.fi-palveluun ja lis\u00e4ksi p\u00e4\u00e4t\u00f6s on n\u00e4ht\u00e4vill\u00e4 eVakassa edellisen vuoden lopussa.<\/li>\n<li>Huoltaja voi ilmoittaa lapsen my\u00f6s johonkin toiseen esiopetuksen j\u00e4rjest\u00e4mispaikkaan vuoden alussa.\u00a0Ilmoittautuessa muuhun kuin osoitettuun esiopetusyksikk\u00f6\u00f6n, tulee toive perustella. Hakemukset k\u00e4sitell\u00e4\u00e4n tapauskohtaisesti, eik\u00e4 niiden toteutuminen ole automaattista.<\/li>\n<li>Valmo-oppilaat: valmistavaa opetusta j\u00e4rjestet\u00e4\u00e4n kunnallisissa esiopetusryhmiss\u00e4 Valmo-opetus korvaa esiopetuksen<\/li>\n<\/ul>\n<p>Lapsille j\u00e4rjestet\u00e4\u00e4n mahdollisuus tutustua tulevaan esiopetuspaikkaan ennen esiopetuksen alkua<\/p>\n<ul>\n<li>My\u00f6s muualle esiopetukseen l\u00e4htevien tutustuminen eskariin mahdollistetaan<\/li>\n<li>Varmistetaan my\u00f6s muualta kuin samasta talosta tulevien lasten tutustuminen<\/li>\n<li>Esimerkki vuorohoidosta: kaksi lasta kerrallaan menee aamup\u00e4iv\u00e4ksi eskariin, sovitaan lasten hoitop\u00e4ivien mukaisesti<\/li>\n<\/ul>\n<p>Huoltajille j\u00e4rjestet\u00e4\u00e4n esiopetukseen tutustumista<\/p>\n<ul>\n<li>Vanhempainilta j\u00e4rjestet\u00e4\u00e4n toimintakauden alussa.<\/li>\n<li>Toimintakauden aikana huoltajiin pidet\u00e4\u00e4n tiiviisti yhteytt\u00e4 ja huoltajia kannustetaan aktiiviseen yhteydenpitoon<\/li>\n<li>Lis\u00e4ksi huoltajille tarjotaan mahdollisuuksia tutustua ja osallistua lapsensa esiopetusp\u00e4iv\u00e4\u00e4n<\/li>\n<\/ul>\n<p><strong>Tiedonsiirto pedagogisten asiakirjojen v\u00e4lityksell\u00e4<\/strong><\/p>\n<p>Tieto lapsista siirtyy lasten vasujen v\u00e4lityksell\u00e4. Tiedonsiirron ja tuen jatkuvuuden kannalta on t\u00e4rke\u00e4\u00e4, ett\u00e4 pedagoginen tuki on selke\u00e4sti avattu lapsen vasussa.<\/p>\n<ul>\n<li>Huoltajien kanssa keskustellaan Vasun siirt\u00e4misest\u00e4 ja heilt\u00e4 varmistetaan siihen lupa. Muiden asiakirjojen siirt\u00e4misest\u00e4 t\u00e4ytet\u00e4\u00e4n erillinen lupalomake.<\/li>\n<li><\/li>\n<\/ul>\n<p><strong>Tarvittaessa tiedonsiirtoa vahvistetaan siirtopalaverilla<\/strong><\/p>\n<ul>\n<li>Lapselle, joka tarvitsee tukea varhaiskasvatuksessa, nivelvaiheessa tiedonsiirtoa vahvistetaan siirtopalaverilla. Siirtopalaveri j\u00e4rjestet\u00e4\u00e4n yhdess\u00e4 huoltajien kanssa.<\/li>\n<li>Jos lapsella hoidolliseen tukeen liittyv\u00e4 pitk\u00e4aikaissairaus tai pysyv\u00e4 l\u00e4\u00e4kehoito, siirtopalaveri on erityisen t\u00e4rke\u00e4.<\/li>\n<li>Siirtopalaveri voi olla tarpeen my\u00f6s monikielisten lasten kanssa, jotka vasta harjoittelevat opetuskielt\u00e4. Mik\u00e4li vanhempien suomen\/ruotsin kielentaito sit\u00e4 edellytt\u00e4\u00e4, k\u00e4yt\u00e4 tulkkia.<\/li>\n<li>L\u00e4hett\u00e4v\u00e4 opettaja vastaa siirtopalaverin koolle kutsumisesta. Siirtopalavereissa on aina huoltaja mukana.<\/li>\n<\/ul>\n","protected":false},"excerpt":{"rendered":"<p>Esiopetuksen aloittaminen on t\u00e4rke\u00e4 nivelvaihe lapsen omalla oppimisen\u00a0polulla. Lains\u00e4\u00e4d\u00e4nn\u00f6llisesti esiopetusta ohjaa Perusopetuslaki ja t\u00e4ydent\u00e4v\u00e4\u00e4 varhaiskasvatusta Varhaiskasvatuslaki. Pedagogisesti ajateltuna esiopetus on osa varhaiskasvatusta j&#8230;<\/p>\n","protected":false},"author":3313,"featured_media":0,"parent":395,"menu_order":3,"comment_status":"closed","ping_status":"closed","template":"","meta":{"footnotes":""},"class_list":["post-573","page","type-page","status-publish","hentry"],"_links":{"self":[{"href":"https:\/\/blog.edu.turku.fi\/oppimisen-tuki\/wp-json\/wp\/v2\/pages\/573","targetHints":{"allow":["GET"]}}],"collection":[{"href":"https:\/\/blog.edu.turku.fi\/oppimisen-tuki\/wp-json\/wp\/v2\/pages"}],"about":[{"href":"https:\/\/blog.edu.turku.fi\/oppimisen-tuki\/wp-json\/wp\/v2\/types\/page"}],"author":[{"embeddable":true,"href":"https:\/\/blog.edu.turku.fi\/oppimisen-tuki\/wp-json\/wp\/v2\/users\/3313"}],"replies":[{"embeddable":true,"href":"https:\/\/blog.edu.turku.fi\/oppimisen-tuki\/wp-json\/wp\/v2\/comments?post=573"}],"version-history":[{"count":10,"href":"https:\/\/blog.edu.turku.fi\/oppimisen-tuki\/wp-json\/wp\/v2\/pages\/573\/revisions"}],"predecessor-version":[{"id":5529,"href":"https:\/\/blog.edu.turku.fi\/oppimisen-tuki\/wp-json\/wp\/v2\/pages\/573\/revisions\/5529"}],"up":[{"embeddable":true,"href":"https:\/\/blog.edu.turku.fi\/oppimisen-tuki\/wp-json\/wp\/v2\/pages\/395"}],"wp:attachment":[{"href":"https:\/\/blog.edu.turku.fi\/oppimisen-tuki\/wp-json\/wp\/v2\/media?parent=573"}],"curies":[{"name":"wp","href":"https:\/\/api.w.org\/{rel}","templated":true}]}}